{"id":6816,"date":"2025-09-24T14:42:09","date_gmt":"2025-09-24T14:42:09","guid":{"rendered":"https:\/\/urban-clothingstore.com\/?post_type=product&#038;p=6816"},"modified":"2025-11-17T13:21:13","modified_gmt":"2025-11-17T13:21:13","slug":"bluze-minimaliste-e-zeze","status":"publish","type":"product","link":"https:\/\/urban-clothingstore.com\/en\/product\/bluze-minimaliste-e-zeze\/","title":{"rendered":"Bluz\u00eb Minimaliste \u2013 E Zez\u00eb"},"content":{"rendered":"<p data-start=\"152\" data-end=\"531\">Bluz\u00eb klasike n\u00eb ngjyr\u00eb t\u00eb zez\u00eb me dizajn minimalist dhe logo t\u00eb qet\u00eb n\u00eb pjes\u00ebn e p\u00ebrparme. E punuar nga material i but\u00eb dhe rezistent, kjo bluz\u00eb ofron komoditet dhe q\u00ebndrueshm\u00ebri p\u00ebr p\u00ebrdorim t\u00eb p\u00ebrditsh\u00ebm. Prerja standarde dhe m\u00ebng\u00ebt e gjata me fund elastik sigurojn\u00eb p\u00ebrshtatje ideale. Nj\u00eb pjes\u00eb bazike dhe shum\u00ebfunksionale q\u00eb kombinohet leht\u00ebsisht me xhinse apo pantallona.<\/p>\n<h3 data-start=\"533\" data-end=\"563\">Karakteristikat kryesore<\/h3>\n<ul data-start=\"564\" data-end=\"791\">\n<li data-start=\"564\" data-end=\"597\">\n<p data-start=\"566\" data-end=\"597\">Material i but\u00eb dhe rezistent<\/p>\n<\/li>\n<li data-start=\"598\" data-end=\"646\">\n<p data-start=\"600\" data-end=\"646\">Ngjyr\u00eb e zez\u00eb klasike dhe gjithmon\u00eb n\u00eb trend<\/p>\n<\/li>\n<li data-start=\"647\" data-end=\"682\">\n<p data-start=\"649\" data-end=\"682\">Logo e qet\u00eb p\u00ebr stil minimalist<\/p>\n<\/li>\n<li data-start=\"683\" data-end=\"730\">\n<p data-start=\"685\" data-end=\"730\">Prerje standarde me fund dhe m\u00ebng\u00eb elastike<\/p>\n<\/li>\n<li data-start=\"731\" data-end=\"791\">\n<p data-start=\"733\" data-end=\"791\">E p\u00ebrshtatshme p\u00ebr p\u00ebrdorim t\u00eb p\u00ebrditsh\u00ebm dhe stil urban<\/p>\n<\/li>\n<\/ul>","protected":false},"excerpt":{"rendered":"<p>Bluz\u00eb klasike n\u00eb ngjyr\u00eb t\u00eb zez\u00eb me dizajn minimalist dhe logo t\u00eb qet\u00eb n\u00eb pjes\u00ebn e p\u00ebrparme. E punuar nga material i but\u00eb dhe rezistent, kjo bluz\u00eb ofron komoditet dhe q\u00ebndrueshm\u00ebri p\u00ebr p\u00ebrdorim t\u00eb p\u00ebrditsh\u00ebm. Prerja standarde dhe m\u00ebng\u00ebt e gjata me fund elastik sigurojn\u00eb p\u00ebrshtatje ideale. Nj\u00eb pjes\u00eb bazike dhe shum\u00ebfunksionale q\u00eb kombinohet leht\u00ebsisht [&hellip;]<\/p>","protected":false},"featured_media":6817,"comment_status":"open","ping_status":"closed","template":"","meta":[],"product_brand":[],"product_cat":[61],"product_tag":[295,298,304,57],"class_list":{"0":"post-6816","1":"product","2":"type-product","3":"status-publish","4":"has-post-thumbnail","6":"product_cat-shirt","7":"product_tag-bluze","8":"product_tag-klasike","9":"product_tag-ngjyre-e-bardhe","10":"product_tag-slimfit","12":"first","13":"instock","14":"sale","15":"taxable","16":"shipping-taxable","17":"purchasable","18":"product-type-variable"},"jetpack_sharing_enabled":true,"_links":{"self":[{"href":"https:\/\/urban-clothingstore.com\/en\/wp-json\/wp\/v2\/product\/6816","targetHints":{"allow":["GET"]}}],"collection":[{"href":"https:\/\/urban-clothingstore.com\/en\/wp-json\/wp\/v2\/product"}],"about":[{"href":"https:\/\/urban-clothingstore.com\/en\/wp-json\/wp\/v2\/types\/product"}],"replies":[{"embeddable":true,"href":"https:\/\/urban-clothingstore.com\/en\/wp-json\/wp\/v2\/comments?post=6816"}],"wp:featuredmedia":[{"embeddable":true,"href":"https:\/\/urban-clothingstore.com\/en\/wp-json\/wp\/v2\/media\/6817"}],"wp:attachment":[{"href":"https:\/\/urban-clothingstore.com\/en\/wp-json\/wp\/v2\/media?parent=6816"}],"wp:term":[{"taxonomy":"product_brand","embeddable":true,"href":"https:\/\/urban-clothingstore.com\/en\/wp-json\/wp\/v2\/product_brand?post=6816"},{"taxonomy":"product_cat","embeddable":true,"href":"https:\/\/urban-clothingstore.com\/en\/wp-json\/wp\/v2\/product_cat?post=6816"},{"taxonomy":"product_tag","embeddable":true,"href":"https:\/\/urban-clothingstore.com\/en\/wp-json\/wp\/v2\/product_tag?post=6816"}],"curies":[{"name":"wp","href":"https:\/\/api.w.org\/{rel}","templated":true}]}}