{"id":6823,"date":"2025-09-24T14:46:14","date_gmt":"2025-09-24T14:46:14","guid":{"rendered":"https:\/\/urban-clothingstore.com\/?post_type=product&#038;p=6823"},"modified":"2025-11-17T13:03:15","modified_gmt":"2025-11-17T13:03:15","slug":"bluze-minimaliste-e-bardhe","status":"publish","type":"product","link":"https:\/\/urban-clothingstore.com\/en\/product\/bluze-minimaliste-e-bardhe\/","title":{"rendered":"Bluz\u00eb Minimaliste \u2013 E Bardh\u00eb"},"content":{"rendered":"<p data-start=\"199\" data-end=\"620\">Bluz\u00eb klasike n\u00eb ngjyr\u00eb t\u00eb bardh\u00eb me dizajn minimalist dhe logo t\u00eb qet\u00eb n\u00eb pjes\u00ebn e p\u00ebrparme. E punuar nga material i but\u00eb dhe rezistent, kjo bluz\u00eb ofron rehati maksimale dhe q\u00ebndrueshm\u00ebri p\u00ebr p\u00ebrdorim t\u00eb p\u00ebrditsh\u00ebm. Prerja standarde dhe m\u00ebng\u00ebt e gjata me fund elastik sigurojn\u00eb p\u00ebrshtatje perfekte. Nj\u00eb pjes\u00eb bazike dhe shum\u00ebfunksionale, e leht\u00eb p\u00ebr t\u2019u kombinuar me \u00e7do stil, nga xhinset deri te pantallonat elegante.<\/p>\n<h3 data-start=\"622\" data-end=\"652\">Karakteristikat kryesore<\/h3>\n<ul data-start=\"653\" data-end=\"880\">\n<li data-start=\"653\" data-end=\"684\">\n<p data-start=\"655\" data-end=\"684\">Material i but\u00eb dhe cil\u00ebsor<\/p>\n<\/li>\n<li data-start=\"685\" data-end=\"735\">\n<p data-start=\"687\" data-end=\"735\">Ngjyr\u00eb e bardh\u00eb klasike dhe gjithmon\u00eb n\u00eb trend<\/p>\n<\/li>\n<li data-start=\"736\" data-end=\"771\">\n<p data-start=\"738\" data-end=\"771\">Logo e qet\u00eb p\u00ebr stil minimalist<\/p>\n<\/li>\n<li data-start=\"772\" data-end=\"819\">\n<p data-start=\"774\" data-end=\"819\">Prerje standarde me fund dhe m\u00ebng\u00eb elastike<\/p>\n<\/li>\n<li data-start=\"820\" data-end=\"880\">\n<p data-start=\"822\" data-end=\"880\">E p\u00ebrshtatshme p\u00ebr p\u00ebrdorim t\u00eb p\u00ebrditsh\u00ebm dhe stil urban<\/p>\n<\/li>\n<\/ul>","protected":false},"excerpt":{"rendered":"<p>Bluz\u00eb klasike n\u00eb ngjyr\u00eb t\u00eb bardh\u00eb me dizajn minimalist dhe logo t\u00eb qet\u00eb n\u00eb pjes\u00ebn e p\u00ebrparme. E punuar nga material i but\u00eb dhe rezistent, kjo bluz\u00eb ofron rehati maksimale dhe q\u00ebndrueshm\u00ebri p\u00ebr p\u00ebrdorim t\u00eb p\u00ebrditsh\u00ebm. Prerja standarde dhe m\u00ebng\u00ebt e gjata me fund elastik sigurojn\u00eb p\u00ebrshtatje perfekte. Nj\u00eb pjes\u00eb bazike dhe shum\u00ebfunksionale, e leht\u00eb [&hellip;]<\/p>","protected":false},"featured_media":6824,"comment_status":"open","ping_status":"closed","template":"","meta":[],"product_brand":[],"product_cat":[61],"product_tag":[295,298,304,57],"class_list":{"0":"post-6823","1":"product","2":"type-product","3":"status-publish","4":"has-post-thumbnail","6":"product_cat-shirt","7":"product_tag-bluze","8":"product_tag-klasike","9":"product_tag-ngjyre-e-bardhe","10":"product_tag-slimfit","12":"first","13":"instock","14":"sale","15":"taxable","16":"shipping-taxable","17":"purchasable","18":"product-type-variable"},"jetpack_sharing_enabled":true,"_links":{"self":[{"href":"https:\/\/urban-clothingstore.com\/en\/wp-json\/wp\/v2\/product\/6823","targetHints":{"allow":["GET"]}}],"collection":[{"href":"https:\/\/urban-clothingstore.com\/en\/wp-json\/wp\/v2\/product"}],"about":[{"href":"https:\/\/urban-clothingstore.com\/en\/wp-json\/wp\/v2\/types\/product"}],"replies":[{"embeddable":true,"href":"https:\/\/urban-clothingstore.com\/en\/wp-json\/wp\/v2\/comments?post=6823"}],"wp:featuredmedia":[{"embeddable":true,"href":"https:\/\/urban-clothingstore.com\/en\/wp-json\/wp\/v2\/media\/6824"}],"wp:attachment":[{"href":"https:\/\/urban-clothingstore.com\/en\/wp-json\/wp\/v2\/media?parent=6823"}],"wp:term":[{"taxonomy":"product_brand","embeddable":true,"href":"https:\/\/urban-clothingstore.com\/en\/wp-json\/wp\/v2\/product_brand?post=6823"},{"taxonomy":"product_cat","embeddable":true,"href":"https:\/\/urban-clothingstore.com\/en\/wp-json\/wp\/v2\/product_cat?post=6823"},{"taxonomy":"product_tag","embeddable":true,"href":"https:\/\/urban-clothingstore.com\/en\/wp-json\/wp\/v2\/product_tag?post=6823"}],"curies":[{"name":"wp","href":"https:\/\/api.w.org\/{rel}","templated":true}]}}