{"id":6838,"date":"2025-09-24T15:01:58","date_gmt":"2025-09-24T15:01:58","guid":{"rendered":"https:\/\/urban-clothingstore.com\/?post_type=product&#038;p=6838"},"modified":"2025-11-17T13:00:02","modified_gmt":"2025-11-17T13:00:02","slug":"bluze-me-gjysme-zip-e-bardhe-minimaliste","status":"publish","type":"product","link":"https:\/\/urban-clothingstore.com\/en\/product\/bluze-me-gjysme-zip-e-bardhe-minimaliste\/","title":{"rendered":"Bluz\u00eb me Gjysm\u00eb-Zip \u2013 E Bardh\u00eb Minimaliste"},"content":{"rendered":"<p data-start=\"211\" data-end=\"565\">Bluz\u00eb moderne me m\u00ebng\u00eb t\u00eb gjata dhe gjysm\u00eb-zip n\u00eb ngjyr\u00eb t\u00eb bardh\u00eb, e punuar nga material cil\u00ebsor q\u00eb ofron komoditet dhe rezistenc\u00eb. Dizajni minimalist e b\u00ebn nj\u00eb pjes\u00eb shum\u00ebfunksionale, perfekte p\u00ebr kombinime urbane, casual apo edhe p\u00ebr pamje m\u00eb t\u00eb rafinuara. Prerja standarde dhe m\u00ebng\u00ebt me fund elastik garantojn\u00eb p\u00ebrshtatje ideale dhe stil t\u00eb past\u00ebr.<\/p>\n<h3 data-start=\"567\" data-end=\"597\">Karakteristikat kryesore<\/h3>\n<ul data-start=\"598\" data-end=\"815\">\n<li data-start=\"598\" data-end=\"631\">\n<p data-start=\"600\" data-end=\"631\">Material i but\u00eb dhe rezistent<\/p>\n<\/li>\n<li data-start=\"632\" data-end=\"672\">\n<p data-start=\"634\" data-end=\"672\">Ngjyr\u00eb e bardh\u00eb klasike dhe elegante<\/p>\n<\/li>\n<li data-start=\"673\" data-end=\"716\">\n<p data-start=\"675\" data-end=\"716\">Dizajn me gjysm\u00eb-zip modern dhe praktik<\/p>\n<\/li>\n<li data-start=\"717\" data-end=\"764\">\n<p data-start=\"719\" data-end=\"764\">Prerje standarde me fund dhe m\u00ebng\u00eb elastike<\/p>\n<\/li>\n<li data-start=\"765\" data-end=\"815\">\n<p data-start=\"767\" data-end=\"815\">E p\u00ebrshtatshme p\u00ebr p\u00ebrditshm\u00ebri dhe stil urban<\/p>\n<\/li>\n<\/ul>","protected":false},"excerpt":{"rendered":"<p>Bluz\u00eb moderne me m\u00ebng\u00eb t\u00eb gjata dhe gjysm\u00eb-zip n\u00eb ngjyr\u00eb t\u00eb bardh\u00eb, e punuar nga material cil\u00ebsor q\u00eb ofron komoditet dhe rezistenc\u00eb. Dizajni minimalist e b\u00ebn nj\u00eb pjes\u00eb shum\u00ebfunksionale, perfekte p\u00ebr kombinime urbane, casual apo edhe p\u00ebr pamje m\u00eb t\u00eb rafinuara. Prerja standarde dhe m\u00ebng\u00ebt me fund elastik garantojn\u00eb p\u00ebrshtatje ideale dhe stil t\u00eb past\u00ebr. [&hellip;]<\/p>","protected":false},"featured_media":6839,"comment_status":"open","ping_status":"closed","template":"","meta":[],"product_brand":[],"product_cat":[61],"product_tag":[295,298,304,283],"class_list":{"0":"post-6838","1":"product","2":"type-product","3":"status-publish","4":"has-post-thumbnail","6":"product_cat-shirt","7":"product_tag-bluze","8":"product_tag-klasike","9":"product_tag-ngjyre-e-bardhe","10":"product_tag-zip","12":"first","13":"instock","14":"sale","15":"taxable","16":"shipping-taxable","17":"purchasable","18":"product-type-variable"},"jetpack_sharing_enabled":true,"_links":{"self":[{"href":"https:\/\/urban-clothingstore.com\/en\/wp-json\/wp\/v2\/product\/6838","targetHints":{"allow":["GET"]}}],"collection":[{"href":"https:\/\/urban-clothingstore.com\/en\/wp-json\/wp\/v2\/product"}],"about":[{"href":"https:\/\/urban-clothingstore.com\/en\/wp-json\/wp\/v2\/types\/product"}],"replies":[{"embeddable":true,"href":"https:\/\/urban-clothingstore.com\/en\/wp-json\/wp\/v2\/comments?post=6838"}],"wp:featuredmedia":[{"embeddable":true,"href":"https:\/\/urban-clothingstore.com\/en\/wp-json\/wp\/v2\/media\/6839"}],"wp:attachment":[{"href":"https:\/\/urban-clothingstore.com\/en\/wp-json\/wp\/v2\/media?parent=6838"}],"wp:term":[{"taxonomy":"product_brand","embeddable":true,"href":"https:\/\/urban-clothingstore.com\/en\/wp-json\/wp\/v2\/product_brand?post=6838"},{"taxonomy":"product_cat","embeddable":true,"href":"https:\/\/urban-clothingstore.com\/en\/wp-json\/wp\/v2\/product_cat?post=6838"},{"taxonomy":"product_tag","embeddable":true,"href":"https:\/\/urban-clothingstore.com\/en\/wp-json\/wp\/v2\/product_tag?post=6838"}],"curies":[{"name":"wp","href":"https:\/\/api.w.org\/{rel}","templated":true}]}}