{"id":6867,"date":"2025-09-24T21:37:09","date_gmt":"2025-09-24T21:37:09","guid":{"rendered":"https:\/\/urban-clothingstore.com\/?post_type=product&#038;p=6867"},"modified":"2026-03-09T22:50:21","modified_gmt":"2026-03-09T22:50:21","slug":"polo-zip-triko-ngjyre-e-zeze","status":"publish","type":"product","link":"https:\/\/urban-clothingstore.com\/en\/product\/polo-zip-triko-ngjyre-e-zeze\/","title":{"rendered":"Polo Zip Triko \u2013 Ngjyr\u00eb e Zez\u00eb"},"content":{"rendered":"<p data-start=\"93\" data-end=\"412\">Polo Zip Triko n\u00eb ngjyr\u00eb t\u00eb zez\u00eb \u00ebsht\u00eb zgjedhja perfekte p\u00ebr nj\u00eb pamje elegante dhe moderne. Me dizajn minimalist, material t\u00eb but\u00eb dhe zinxhir gjysm\u00eb t\u00eb hapur, kjo triko kombinon komoditetin me stilin urban. Ideale p\u00ebr raste t\u00eb p\u00ebrditshme, pun\u00eb apo mbr\u00ebmje, duke ofruar gjithmon\u00eb nj\u00eb prezantim t\u00eb past\u00ebr dhe premium.<\/p>\n<h3 data-start=\"414\" data-end=\"432\">Key Features<\/h3>\n<ul data-start=\"433\" data-end=\"672\">\n<li data-start=\"433\" data-end=\"477\">\n<p data-start=\"435\" data-end=\"477\">Material cil\u00ebsor, i but\u00eb dhe i rehatsh\u00ebm<\/p>\n<\/li>\n<li data-start=\"478\" data-end=\"526\">\n<p data-start=\"480\" data-end=\"526\">Ngjyr\u00eb e zez\u00eb klasike, e leht\u00eb p\u00ebr kombinime<\/p>\n<\/li>\n<li data-start=\"527\" data-end=\"573\">\n<p data-start=\"529\" data-end=\"573\">Dizajn me jak\u00eb dhe zinxhir gjysm\u00eb t\u00eb hapur<\/p>\n<\/li>\n<li data-start=\"574\" data-end=\"632\">\n<p data-start=\"576\" data-end=\"632\">M\u00ebng\u00eb t\u00eb gjata, p\u00ebrshtatur p\u00ebr stil elegant ose casual<\/p>\n<\/li>\n<li data-start=\"633\" data-end=\"672\">\n<p data-start=\"635\" data-end=\"672\">Perfekte p\u00ebr \u00e7do stin\u00eb dhe \u00e7do rast<\/p>\n<\/li>\n<\/ul>","protected":false},"excerpt":{"rendered":"<p>Polo Zip Triko n\u00eb ngjyr\u00eb t\u00eb zez\u00eb \u00ebsht\u00eb zgjedhja perfekte p\u00ebr nj\u00eb pamje elegante dhe moderne. Me dizajn minimalist, material t\u00eb but\u00eb dhe zinxhir gjysm\u00eb t\u00eb hapur, kjo triko kombinon komoditetin me stilin urban. Ideale p\u00ebr raste t\u00eb p\u00ebrditshme, pun\u00eb apo mbr\u00ebmje, duke ofruar gjithmon\u00eb nj\u00eb prezantim t\u00eb past\u00ebr dhe premium. Key Features Material cil\u00ebsor, [&hellip;]<\/p>","protected":false},"featured_media":6869,"comment_status":"open","ping_status":"closed","template":"","meta":[],"product_brand":[],"product_cat":[26],"product_tag":[192],"class_list":{"0":"post-6867","1":"product","2":"type-product","3":"status-publish","4":"has-post-thumbnail","6":"product_cat-sweater","7":"product_tag-classic-mens-fashion","9":"first","10":"instock","11":"sale","12":"taxable","13":"shipping-taxable","14":"purchasable","15":"product-type-variable"},"jetpack_sharing_enabled":true,"_links":{"self":[{"href":"https:\/\/urban-clothingstore.com\/en\/wp-json\/wp\/v2\/product\/6867","targetHints":{"allow":["GET"]}}],"collection":[{"href":"https:\/\/urban-clothingstore.com\/en\/wp-json\/wp\/v2\/product"}],"about":[{"href":"https:\/\/urban-clothingstore.com\/en\/wp-json\/wp\/v2\/types\/product"}],"replies":[{"embeddable":true,"href":"https:\/\/urban-clothingstore.com\/en\/wp-json\/wp\/v2\/comments?post=6867"}],"wp:featuredmedia":[{"embeddable":true,"href":"https:\/\/urban-clothingstore.com\/en\/wp-json\/wp\/v2\/media\/6869"}],"wp:attachment":[{"href":"https:\/\/urban-clothingstore.com\/en\/wp-json\/wp\/v2\/media?parent=6867"}],"wp:term":[{"taxonomy":"product_brand","embeddable":true,"href":"https:\/\/urban-clothingstore.com\/en\/wp-json\/wp\/v2\/product_brand?post=6867"},{"taxonomy":"product_cat","embeddable":true,"href":"https:\/\/urban-clothingstore.com\/en\/wp-json\/wp\/v2\/product_cat?post=6867"},{"taxonomy":"product_tag","embeddable":true,"href":"https:\/\/urban-clothingstore.com\/en\/wp-json\/wp\/v2\/product_tag?post=6867"}],"curies":[{"name":"wp","href":"https:\/\/api.w.org\/{rel}","templated":true}]}}