{"id":6929,"date":"2025-09-24T22:27:46","date_gmt":"2025-09-24T22:27:46","guid":{"rendered":"https:\/\/urban-clothingstore.com\/?post_type=product&#038;p=6929"},"modified":"2026-03-09T22:37:25","modified_gmt":"2026-03-09T22:37:25","slug":"polo-triko-me-vija-vertikale-ngjyre-e-zeze","status":"publish","type":"product","link":"https:\/\/urban-clothingstore.com\/en\/product\/polo-triko-me-vija-vertikale-ngjyre-e-zeze\/","title":{"rendered":"Polo Triko me Vija Vertikale \u2013 Ngjyr\u00eb e Zez\u00eb"},"content":{"rendered":"<p data-start=\"107\" data-end=\"462\">Polo Triko me vija vertikale n\u00eb ngjyr\u00eb t\u00eb zez\u00eb ofron nj\u00eb pamje moderne dhe elegante, ideale p\u00ebr stilin urban dhe smart-casual. Me material cil\u00ebsor dhe dizajn unik me tekstur\u00eb me vija, kjo triko kombinon minimalizmin me sofistikimin. Jak\u00eb klasike me tre pulla e b\u00ebn edhe m\u00eb t\u00eb leht\u00eb p\u00ebrshtatjen p\u00ebr raste t\u00eb ndryshme, qoft\u00eb p\u00ebr zyr\u00eb apo dalje n\u00eb mbr\u00ebmje.<\/p>\n<ul data-start=\"483\" data-end=\"708\">\n<li data-start=\"483\" data-end=\"525\">\n<p data-start=\"485\" data-end=\"525\">Material premium, i but\u00eb dhe rezistent<\/p>\n<\/li>\n<li data-start=\"526\" data-end=\"577\">\n<p data-start=\"528\" data-end=\"577\">Dizajn me vija vertikale p\u00ebr nj\u00eb pamje elegante<\/p>\n<\/li>\n<li data-start=\"578\" data-end=\"610\">\n<p data-start=\"580\" data-end=\"610\">Jak\u00eb klasike polo me 3 pulla<\/p>\n<\/li>\n<li data-start=\"611\" data-end=\"660\">\n<p data-start=\"613\" data-end=\"660\">Ngjyr\u00eb e zez\u00eb, e gjithanshme p\u00ebr \u00e7do kombinim<\/p>\n<\/li>\n<li data-start=\"661\" data-end=\"708\">\n<p data-start=\"663\" data-end=\"708\">E p\u00ebrshtatshme p\u00ebr pamje formale dhe casual<\/p>\n<\/li>\n<\/ul>","protected":false},"excerpt":{"rendered":"<p>Polo Triko me vija vertikale n\u00eb ngjyr\u00eb t\u00eb zez\u00eb ofron nj\u00eb pamje moderne dhe elegante, ideale p\u00ebr stilin urban dhe smart-casual. Me material cil\u00ebsor dhe dizajn unik me tekstur\u00eb me vija, kjo triko kombinon minimalizmin me sofistikimin. Jak\u00eb klasike me tre pulla e b\u00ebn edhe m\u00eb t\u00eb leht\u00eb p\u00ebrshtatjen p\u00ebr raste t\u00eb ndryshme, qoft\u00eb p\u00ebr [&hellip;]<\/p>","protected":false},"featured_media":6930,"comment_status":"open","ping_status":"closed","template":"","meta":[],"product_brand":[],"product_cat":[26],"product_tag":[295,298,297,302,57],"class_list":{"0":"post-6929","1":"product","2":"type-product","3":"status-publish","4":"has-post-thumbnail","6":"product_cat-sweater","7":"product_tag-bluze","8":"product_tag-klasike","9":"product_tag-me-jake","10":"product_tag-ngjyre-e-zeze","11":"product_tag-slimfit","13":"first","14":"outofstock","15":"taxable","16":"shipping-taxable","17":"purchasable","18":"product-type-variable"},"jetpack_sharing_enabled":true,"_links":{"self":[{"href":"https:\/\/urban-clothingstore.com\/en\/wp-json\/wp\/v2\/product\/6929","targetHints":{"allow":["GET"]}}],"collection":[{"href":"https:\/\/urban-clothingstore.com\/en\/wp-json\/wp\/v2\/product"}],"about":[{"href":"https:\/\/urban-clothingstore.com\/en\/wp-json\/wp\/v2\/types\/product"}],"replies":[{"embeddable":true,"href":"https:\/\/urban-clothingstore.com\/en\/wp-json\/wp\/v2\/comments?post=6929"}],"wp:featuredmedia":[{"embeddable":true,"href":"https:\/\/urban-clothingstore.com\/en\/wp-json\/wp\/v2\/media\/6930"}],"wp:attachment":[{"href":"https:\/\/urban-clothingstore.com\/en\/wp-json\/wp\/v2\/media?parent=6929"}],"wp:term":[{"taxonomy":"product_brand","embeddable":true,"href":"https:\/\/urban-clothingstore.com\/en\/wp-json\/wp\/v2\/product_brand?post=6929"},{"taxonomy":"product_cat","embeddable":true,"href":"https:\/\/urban-clothingstore.com\/en\/wp-json\/wp\/v2\/product_cat?post=6929"},{"taxonomy":"product_tag","embeddable":true,"href":"https:\/\/urban-clothingstore.com\/en\/wp-json\/wp\/v2\/product_tag?post=6929"}],"curies":[{"name":"wp","href":"https:\/\/api.w.org\/{rel}","templated":true}]}}