{"id":6942,"date":"2025-09-24T22:35:56","date_gmt":"2025-09-24T22:35:56","guid":{"rendered":"https:\/\/urban-clothingstore.com\/?post_type=product&#038;p=6942"},"modified":"2026-03-09T22:35:10","modified_gmt":"2026-03-09T22:35:10","slug":"polo-triko-me-vija-vertikale-ngjyre-jeshile","status":"publish","type":"product","link":"https:\/\/urban-clothingstore.com\/en\/product\/polo-triko-me-vija-vertikale-ngjyre-jeshile\/","title":{"rendered":"Polo Triko me Vija Vertikale \u2013 Ngjyr\u00eb Jeshile"},"content":{"rendered":"<p data-start=\"118\" data-end=\"489\">Polo Triko me vija vertikale n\u00eb ngjyr\u00eb jeshile ushtarake \u00ebsht\u00eb nj\u00eb kombinim perfekt i stilit modern dhe eleganc\u00ebs klasike. Me material cil\u00ebsor dhe tekstur\u00eb me vija q\u00eb i jep thell\u00ebsi dizajnit, kjo triko \u00ebsht\u00eb nj\u00eb zgjedhje ideale si p\u00ebr look-e casual, ashtu edhe p\u00ebr kombinime smart-casual. Jak\u00eb klasike polo me tre pulla shton nj\u00eb prekje sofistikimi dhe funksionaliteti.<\/p>\n<ul data-start=\"510\" data-end=\"758\">\n<li data-start=\"510\" data-end=\"552\">\n<p data-start=\"512\" data-end=\"552\">Material premium, i but\u00eb dhe rezistent<\/p>\n<\/li>\n<li data-start=\"553\" data-end=\"597\">\n<p data-start=\"555\" data-end=\"597\">Tekstur\u00eb me vija vertikale p\u00ebr stil unik<\/p>\n<\/li>\n<li data-start=\"598\" data-end=\"630\">\n<p data-start=\"600\" data-end=\"630\">Jak\u00eb polo me 3 pulla klasike<\/p>\n<\/li>\n<li data-start=\"631\" data-end=\"680\">\n<p data-start=\"633\" data-end=\"680\">Ngjyr\u00eb jeshile ushtarake moderne dhe elegante<\/p>\n<\/li>\n<li data-start=\"681\" data-end=\"758\">\n<p data-start=\"683\" data-end=\"758\">E p\u00ebrshtatshme p\u00ebr raste t\u00eb ndryshme \u2013 nga casual deri tek ato m\u00eb formale<\/p>\n<\/li>\n<\/ul>","protected":false},"excerpt":{"rendered":"<p>Polo Triko me vija vertikale n\u00eb ngjyr\u00eb jeshile ushtarake \u00ebsht\u00eb nj\u00eb kombinim perfekt i stilit modern dhe eleganc\u00ebs klasike. Me material cil\u00ebsor dhe tekstur\u00eb me vija q\u00eb i jep thell\u00ebsi dizajnit, kjo triko \u00ebsht\u00eb nj\u00eb zgjedhje ideale si p\u00ebr look-e casual, ashtu edhe p\u00ebr kombinime smart-casual. Jak\u00eb klasike polo me tre pulla shton nj\u00eb prekje [&hellip;]<\/p>","protected":false},"featured_media":6922,"comment_status":"open","ping_status":"closed","template":"","meta":[],"product_brand":[],"product_cat":[26],"product_tag":[295,298,297,336,57],"class_list":{"0":"post-6942","1":"product","2":"type-product","3":"status-publish","4":"has-post-thumbnail","6":"product_cat-sweater","7":"product_tag-bluze","8":"product_tag-klasike","9":"product_tag-me-jake","10":"product_tag-ngjyr-e-gjelbert","11":"product_tag-slimfit","13":"first","14":"outofstock","15":"taxable","16":"shipping-taxable","17":"purchasable","18":"product-type-variable"},"jetpack_sharing_enabled":true,"_links":{"self":[{"href":"https:\/\/urban-clothingstore.com\/en\/wp-json\/wp\/v2\/product\/6942","targetHints":{"allow":["GET"]}}],"collection":[{"href":"https:\/\/urban-clothingstore.com\/en\/wp-json\/wp\/v2\/product"}],"about":[{"href":"https:\/\/urban-clothingstore.com\/en\/wp-json\/wp\/v2\/types\/product"}],"replies":[{"embeddable":true,"href":"https:\/\/urban-clothingstore.com\/en\/wp-json\/wp\/v2\/comments?post=6942"}],"wp:featuredmedia":[{"embeddable":true,"href":"https:\/\/urban-clothingstore.com\/en\/wp-json\/wp\/v2\/media\/6922"}],"wp:attachment":[{"href":"https:\/\/urban-clothingstore.com\/en\/wp-json\/wp\/v2\/media?parent=6942"}],"wp:term":[{"taxonomy":"product_brand","embeddable":true,"href":"https:\/\/urban-clothingstore.com\/en\/wp-json\/wp\/v2\/product_brand?post=6942"},{"taxonomy":"product_cat","embeddable":true,"href":"https:\/\/urban-clothingstore.com\/en\/wp-json\/wp\/v2\/product_cat?post=6942"},{"taxonomy":"product_tag","embeddable":true,"href":"https:\/\/urban-clothingstore.com\/en\/wp-json\/wp\/v2\/product_tag?post=6942"}],"curies":[{"name":"wp","href":"https:\/\/api.w.org\/{rel}","templated":true}]}}