{"id":6948,"date":"2025-09-24T22:40:24","date_gmt":"2025-09-24T22:40:24","guid":{"rendered":"https:\/\/urban-clothingstore.com\/?post_type=product&#038;p=6948"},"modified":"2026-03-09T22:34:32","modified_gmt":"2026-03-09T22:34:32","slug":"polo-triko-me-vija-vertikale-ngjyre-bezhe","status":"publish","type":"product","link":"https:\/\/urban-clothingstore.com\/en\/product\/polo-triko-me-vija-vertikale-ngjyre-bezhe\/","title":{"rendered":"Polo Triko me Vija Vertikale \u2013 Ngjyr\u00eb Bezh\u00eb"},"content":{"rendered":"<p data-start=\"106\" data-end=\"445\">Polo Triko me vija vertikale n\u00eb ngjyr\u00eb bezh\u00eb sjell nj\u00eb pamje t\u00eb rafinuar dhe gjithmon\u00eb elegante. Tekstura me vija i jep nj\u00eb stil modern dhe unik, nd\u00ebrsa materiali premium siguron rehati dhe q\u00ebndrueshm\u00ebri. Me jak\u00ebn klasike polo dhe tre pulla, kjo triko \u00ebsht\u00eb e p\u00ebrshtatshme si p\u00ebr kombinime smart-casual, ashtu edhe p\u00ebr evente m\u00eb formale.<\/p>\n<ul data-start=\"466\" data-end=\"699\">\n<li data-start=\"466\" data-end=\"508\">\n<p data-start=\"468\" data-end=\"508\">Material cil\u00ebsor, i but\u00eb dhe rezistent<\/p>\n<\/li>\n<li data-start=\"509\" data-end=\"559\">\n<p data-start=\"511\" data-end=\"559\">Tekstur\u00eb me vija vertikale p\u00ebr eleganc\u00eb shtes\u00eb<\/p>\n<\/li>\n<li data-start=\"560\" data-end=\"592\">\n<p data-start=\"562\" data-end=\"592\">Jak\u00eb klasike polo me 3 pulla<\/p>\n<\/li>\n<li data-start=\"593\" data-end=\"634\">\n<p data-start=\"595\" data-end=\"634\">Ngjyr\u00eb bezh\u00eb neutrale dhe gjithanshme<\/p>\n<\/li>\n<li data-start=\"635\" data-end=\"699\">\n<p data-start=\"637\" data-end=\"699\">Mund t\u00eb vishet si p\u00ebr look-e casual, ashtu edhe p\u00ebr elegante<\/p>\n<\/li>\n<\/ul>","protected":false},"excerpt":{"rendered":"<p>Polo Triko me vija vertikale n\u00eb ngjyr\u00eb bezh\u00eb sjell nj\u00eb pamje t\u00eb rafinuar dhe gjithmon\u00eb elegante. Tekstura me vija i jep nj\u00eb stil modern dhe unik, nd\u00ebrsa materiali premium siguron rehati dhe q\u00ebndrueshm\u00ebri. Me jak\u00ebn klasike polo dhe tre pulla, kjo triko \u00ebsht\u00eb e p\u00ebrshtatshme si p\u00ebr kombinime smart-casual, ashtu edhe p\u00ebr evente m\u00eb formale. [&hellip;]<\/p>","protected":false},"featured_media":6949,"comment_status":"open","ping_status":"closed","template":"","meta":[],"product_brand":[],"product_cat":[26],"product_tag":[295,298,297,344,57],"class_list":{"0":"post-6948","1":"product","2":"type-product","3":"status-publish","4":"has-post-thumbnail","6":"product_cat-sweater","7":"product_tag-bluze","8":"product_tag-klasike","9":"product_tag-me-jake","10":"product_tag-ngjyr-bezhe","11":"product_tag-slimfit","13":"first","14":"outofstock","15":"taxable","16":"shipping-taxable","17":"purchasable","18":"product-type-variable"},"jetpack_sharing_enabled":true,"_links":{"self":[{"href":"https:\/\/urban-clothingstore.com\/en\/wp-json\/wp\/v2\/product\/6948","targetHints":{"allow":["GET"]}}],"collection":[{"href":"https:\/\/urban-clothingstore.com\/en\/wp-json\/wp\/v2\/product"}],"about":[{"href":"https:\/\/urban-clothingstore.com\/en\/wp-json\/wp\/v2\/types\/product"}],"replies":[{"embeddable":true,"href":"https:\/\/urban-clothingstore.com\/en\/wp-json\/wp\/v2\/comments?post=6948"}],"wp:featuredmedia":[{"embeddable":true,"href":"https:\/\/urban-clothingstore.com\/en\/wp-json\/wp\/v2\/media\/6949"}],"wp:attachment":[{"href":"https:\/\/urban-clothingstore.com\/en\/wp-json\/wp\/v2\/media?parent=6948"}],"wp:term":[{"taxonomy":"product_brand","embeddable":true,"href":"https:\/\/urban-clothingstore.com\/en\/wp-json\/wp\/v2\/product_brand?post=6948"},{"taxonomy":"product_cat","embeddable":true,"href":"https:\/\/urban-clothingstore.com\/en\/wp-json\/wp\/v2\/product_cat?post=6948"},{"taxonomy":"product_tag","embeddable":true,"href":"https:\/\/urban-clothingstore.com\/en\/wp-json\/wp\/v2\/product_tag?post=6948"}],"curies":[{"name":"wp","href":"https:\/\/api.w.org\/{rel}","templated":true}]}}