{"id":6997,"date":"2025-09-25T14:24:11","date_gmt":"2025-09-25T14:24:11","guid":{"rendered":"https:\/\/urban-clothingstore.com\/?post_type=product&#038;p=6997"},"modified":"2026-02-23T22:37:16","modified_gmt":"2026-02-23T22:37:16","slug":"xhakete-lekure-me-kopsa-e-zeze-klasike-2","status":"publish","type":"product","link":"https:\/\/urban-clothingstore.com\/en\/product\/xhakete-lekure-me-kopsa-e-zeze-klasike-2\/","title":{"rendered":"Xhaket\u00eb L\u00ebkure me Kopsa \u2013 E Zez\u00eb Klasike"},"content":{"rendered":"<p data-start=\"265\" data-end=\"673\">Xhaket\u00eb elegante prej L\u00ebkure Artificiale n\u00eb ngjyr\u00eb t\u00eb zez\u00eb me dizajn klasik me kopsa. Materiali i jasht\u00ebm cil\u00ebsor me tekstur\u00eb natyrale ofron q\u00ebndrueshm\u00ebri dhe nj\u00eb pamje premium. Prerja standarde dhe linjat e pastra e b\u00ebjn\u00eb k\u00ebt\u00eb xhaket\u00eb t\u00eb gjithanshme, t\u00eb p\u00ebrshtatshme si p\u00ebr stil urban ashtu edhe p\u00ebr kombinime m\u00eb elegante. Kombinohet leht\u00ebsisht me nj\u00eb T-shirt bazik apo k\u00ebmish\u00eb p\u00ebr nj\u00eb look modern dhe t\u00eb sofistikuar.<\/p>\n<h3 data-start=\"675\" data-end=\"705\">Karakteristikat kryesore<\/h3>\n<ul data-start=\"706\" data-end=\"940\">\n<li data-start=\"706\" data-end=\"755\">\n<p data-start=\"708\" data-end=\"755\">Material l\u00ebkure cil\u00ebsore me tekstur\u00eb natyrale<\/p>\n<\/li>\n<li data-start=\"756\" data-end=\"793\">\n<p data-start=\"758\" data-end=\"793\">Ngjyr\u00eb e zez\u00eb klasike dhe premium<\/p>\n<\/li>\n<li data-start=\"794\" data-end=\"840\">\n<p data-start=\"796\" data-end=\"840\">Dizajn me kopsa p\u00ebr nj\u00eb pamje tradicionale<\/p>\n<\/li>\n<li data-start=\"841\" data-end=\"881\">\n<p data-start=\"843\" data-end=\"881\">Prerje standarde p\u00ebr rehati dhe stil<\/p>\n<\/li>\n<li data-start=\"882\" data-end=\"940\">\n<p data-start=\"884\" data-end=\"940\">E p\u00ebrshtatshme p\u00ebr stil urban, casual dhe smart-casual<\/p>\n<\/li>\n<\/ul>","protected":false},"excerpt":{"rendered":"<p>Xhaket\u00eb elegante prej L\u00ebkure Artificiale n\u00eb ngjyr\u00eb t\u00eb zez\u00eb me dizajn klasik me kopsa. Materiali i jasht\u00ebm cil\u00ebsor me tekstur\u00eb natyrale ofron q\u00ebndrueshm\u00ebri dhe nj\u00eb pamje premium. Prerja standarde dhe linjat e pastra e b\u00ebjn\u00eb k\u00ebt\u00eb xhaket\u00eb t\u00eb gjithanshme, t\u00eb p\u00ebrshtatshme si p\u00ebr stil urban ashtu edhe p\u00ebr kombinime m\u00eb elegante. Kombinohet leht\u00ebsisht me nj\u00eb [&hellip;]<\/p>","protected":false},"featured_media":6998,"comment_status":"open","ping_status":"closed","template":"","meta":[],"product_brand":[],"product_cat":[25],"product_tag":[348,298,302,312],"class_list":{"0":"post-6997","1":"product","2":"type-product","3":"status-publish","4":"has-post-thumbnail","6":"product_cat-jackets","7":"product_tag-ecolekure","8":"product_tag-klasike","9":"product_tag-ngjyre-e-zeze","10":"product_tag-xhakete","12":"first","13":"instock","14":"taxable","15":"shipping-taxable","16":"purchasable","17":"product-type-variable"},"jetpack_sharing_enabled":true,"_links":{"self":[{"href":"https:\/\/urban-clothingstore.com\/en\/wp-json\/wp\/v2\/product\/6997","targetHints":{"allow":["GET"]}}],"collection":[{"href":"https:\/\/urban-clothingstore.com\/en\/wp-json\/wp\/v2\/product"}],"about":[{"href":"https:\/\/urban-clothingstore.com\/en\/wp-json\/wp\/v2\/types\/product"}],"replies":[{"embeddable":true,"href":"https:\/\/urban-clothingstore.com\/en\/wp-json\/wp\/v2\/comments?post=6997"}],"wp:featuredmedia":[{"embeddable":true,"href":"https:\/\/urban-clothingstore.com\/en\/wp-json\/wp\/v2\/media\/6998"}],"wp:attachment":[{"href":"https:\/\/urban-clothingstore.com\/en\/wp-json\/wp\/v2\/media?parent=6997"}],"wp:term":[{"taxonomy":"product_brand","embeddable":true,"href":"https:\/\/urban-clothingstore.com\/en\/wp-json\/wp\/v2\/product_brand?post=6997"},{"taxonomy":"product_cat","embeddable":true,"href":"https:\/\/urban-clothingstore.com\/en\/wp-json\/wp\/v2\/product_cat?post=6997"},{"taxonomy":"product_tag","embeddable":true,"href":"https:\/\/urban-clothingstore.com\/en\/wp-json\/wp\/v2\/product_tag?post=6997"}],"curies":[{"name":"wp","href":"https:\/\/api.w.org\/{rel}","templated":true}]}}