{"id":7004,"date":"2025-09-25T15:07:14","date_gmt":"2025-09-25T15:07:14","guid":{"rendered":"https:\/\/urban-clothingstore.com\/?post_type=product&#038;p=7004"},"modified":"2026-02-23T14:44:13","modified_gmt":"2026-02-23T14:44:13","slug":"xhakete-lekure-me-zinxhir-e-zeze-klasike","status":"publish","type":"product","link":"https:\/\/urban-clothingstore.com\/en\/product\/xhakete-lekure-me-zinxhir-e-zeze-klasike\/","title":{"rendered":"Xhaket\u00eb L\u00ebkure me Zinxhir \u2013 E Zez\u00eb Klasike"},"content":{"rendered":"<p data-start=\"237\" data-end=\"650\">Xhaket\u00eb elegante prej l\u00ebkure n\u00eb ngjyr\u00eb t\u00eb zez\u00eb me dizajn klasik dhe jak\u00eb tradicionale. Zinxhiri i plot\u00eb qendror e b\u00ebn praktik dhe modern, nd\u00ebrsa materiali i jasht\u00ebm cil\u00ebsor me tekstur\u00eb natyrale ofron q\u00ebndrueshm\u00ebri dhe pamje premium. Kombinimi i linjave t\u00eb pastra dhe stilit minimalist e b\u00ebn k\u00ebt\u00eb xhaket\u00eb t\u00eb gjithanshme, t\u00eb p\u00ebrshtatshme si p\u00ebr p\u00ebrdorim urban t\u00eb p\u00ebrditsh\u00ebm, ashtu edhe p\u00ebr kombinime smart-casual.<\/p>\n<h3 data-start=\"652\" data-end=\"682\">Karakteristikat kryesore<\/h3>\n<ul data-start=\"683\" data-end=\"967\">\n<li data-start=\"683\" data-end=\"732\">\n<p data-start=\"685\" data-end=\"732\">Material l\u00ebkure cil\u00ebsore me tekstur\u00eb natyrale<\/p>\n<\/li>\n<li data-start=\"733\" data-end=\"770\">\n<p data-start=\"735\" data-end=\"770\">Ngjyr\u00eb e zez\u00eb klasike dhe premium<\/p>\n<\/li>\n<li data-start=\"771\" data-end=\"823\">\n<p data-start=\"773\" data-end=\"823\">Dizajn me zinxhir p\u00ebr pamje moderne dhe praktike<\/p>\n<\/li>\n<li data-start=\"824\" data-end=\"864\">\n<p data-start=\"826\" data-end=\"864\">Jak\u00eb klasike p\u00ebr stil t\u00eb sofistikuar<\/p>\n<\/li>\n<li data-start=\"865\" data-end=\"916\">\n<p data-start=\"867\" data-end=\"916\">Prerje standarde q\u00eb siguron rehati dhe eleganc\u00eb<\/p>\n<\/li>\n<li data-start=\"917\" data-end=\"967\">\n<p data-start=\"919\" data-end=\"967\">E p\u00ebrshtatshme p\u00ebr stil urban dhe smart-casual<\/p>\n<\/li>\n<\/ul>","protected":false},"excerpt":{"rendered":"<p>Xhaket\u00eb elegante prej l\u00ebkure n\u00eb ngjyr\u00eb t\u00eb zez\u00eb me dizajn klasik dhe jak\u00eb tradicionale. Zinxhiri i plot\u00eb qendror e b\u00ebn praktik dhe modern, nd\u00ebrsa materiali i jasht\u00ebm cil\u00ebsor me tekstur\u00eb natyrale ofron q\u00ebndrueshm\u00ebri dhe pamje premium. Kombinimi i linjave t\u00eb pastra dhe stilit minimalist e b\u00ebn k\u00ebt\u00eb xhaket\u00eb t\u00eb gjithanshme, t\u00eb p\u00ebrshtatshme si p\u00ebr p\u00ebrdorim [&hellip;]<\/p>","protected":false},"featured_media":7005,"comment_status":"open","ping_status":"closed","template":"","meta":[],"product_brand":[],"product_cat":[25],"product_tag":[329,298,302,312],"class_list":{"0":"post-7004","1":"product","2":"type-product","3":"status-publish","4":"has-post-thumbnail","6":"product_cat-jackets","7":"product_tag-eco-lekure","8":"product_tag-klasike","9":"product_tag-ngjyre-e-zeze","10":"product_tag-xhakete","12":"first","13":"instock","14":"taxable","15":"shipping-taxable","16":"purchasable","17":"product-type-variable"},"jetpack_sharing_enabled":true,"_links":{"self":[{"href":"https:\/\/urban-clothingstore.com\/en\/wp-json\/wp\/v2\/product\/7004","targetHints":{"allow":["GET"]}}],"collection":[{"href":"https:\/\/urban-clothingstore.com\/en\/wp-json\/wp\/v2\/product"}],"about":[{"href":"https:\/\/urban-clothingstore.com\/en\/wp-json\/wp\/v2\/types\/product"}],"replies":[{"embeddable":true,"href":"https:\/\/urban-clothingstore.com\/en\/wp-json\/wp\/v2\/comments?post=7004"}],"wp:featuredmedia":[{"embeddable":true,"href":"https:\/\/urban-clothingstore.com\/en\/wp-json\/wp\/v2\/media\/7005"}],"wp:attachment":[{"href":"https:\/\/urban-clothingstore.com\/en\/wp-json\/wp\/v2\/media?parent=7004"}],"wp:term":[{"taxonomy":"product_brand","embeddable":true,"href":"https:\/\/urban-clothingstore.com\/en\/wp-json\/wp\/v2\/product_brand?post=7004"},{"taxonomy":"product_cat","embeddable":true,"href":"https:\/\/urban-clothingstore.com\/en\/wp-json\/wp\/v2\/product_cat?post=7004"},{"taxonomy":"product_tag","embeddable":true,"href":"https:\/\/urban-clothingstore.com\/en\/wp-json\/wp\/v2\/product_tag?post=7004"}],"curies":[{"name":"wp","href":"https:\/\/api.w.org\/{rel}","templated":true}]}}