{"id":7049,"date":"2025-09-27T14:23:48","date_gmt":"2025-09-27T14:23:48","guid":{"rendered":"https:\/\/urban-clothingstore.com\/?post_type=product&#038;p=7049"},"modified":"2025-11-16T15:43:59","modified_gmt":"2025-11-16T15:43:59","slug":"trench-coat-klasik-ngjyre-ulliri","status":"publish","type":"product","link":"https:\/\/urban-clothingstore.com\/en\/product\/trench-coat-klasik-ngjyre-ulliri\/","title":{"rendered":"Trench Coat Klasik \u2013 Ngjyr\u00eb Ulliri"},"content":{"rendered":"<p>Trench coat elegant n\u00eb ngjyr\u00eb ulliri, i dizajnuar me kopsa t\u00eb dyfishta dhe brez an\u00ebsor p\u00ebr p\u00ebrshtatje perfekte. Materiali cil\u00ebsor dhe rezistent siguron rehati dhe stil gjat\u00eb stin\u00ebs s\u00eb vjesht\u00ebs dhe dimrit, nd\u00ebrsa ngjyra unike jep nj\u00eb prekje moderne dhe dalluese. Kombinon hijeshin\u00eb klasike me stilin urban, duke u b\u00ebr\u00eb nj\u00eb pjes\u00eb e domosdoshme e garderob\u00ebs mashkullore.<\/p>\n<ul>\n<li data-start=\"632\" data-end=\"666\">\n<p data-start=\"634\" data-end=\"666\">Material cil\u00ebsor dhe rezistent<\/p>\n<\/li>\n<li data-start=\"667\" data-end=\"719\">\n<p data-start=\"669\" data-end=\"719\">Ngjyr\u00eb ulliri (olive green) moderne dhe elegante<\/p>\n<\/li>\n<li data-start=\"720\" data-end=\"767\">\n<p data-start=\"722\" data-end=\"767\">Dizajn me kopsa t\u00eb dyfishta dhe brez n\u00eb bel<\/p>\n<\/li>\n<li data-start=\"768\" data-end=\"813\">\n<p data-start=\"770\" data-end=\"813\">Prerje elegante p\u00ebr stil urban dhe formal<\/p>\n<\/li>\n<li data-start=\"814\" data-end=\"871\">\n<p data-start=\"816\" data-end=\"871\">I p\u00ebrshtatsh\u00ebm p\u00ebr kombinime smart-casual dhe formale<\/p>\n<\/li>\n<\/ul>","protected":false},"excerpt":{"rendered":"<ul>\n<li data-start=\"632\" data-end=\"666\">\n<p data-start=\"634\" data-end=\"666\">Material cil\u00ebsor dhe rezistent<\/p>\n<\/li>\n<li data-start=\"667\" data-end=\"719\">\n<p data-start=\"669\" data-end=\"719\">Ngjyr\u00eb ulliri (olive green) moderne dhe elegante<\/p>\n<\/li>\n<li data-start=\"720\" data-end=\"767\">\n<p data-start=\"722\" data-end=\"767\">Dizajn me kopsa t\u00eb dyfishta dhe brez n\u00eb bel<\/p>\n<\/li>\n<li data-start=\"768\" data-end=\"813\">\n<p data-start=\"770\" data-end=\"813\">Prerje elegante p\u00ebr stil urban dhe formal<\/p>\n<\/li>\n<li data-start=\"814\" data-end=\"871\">\n<p data-start=\"816\" data-end=\"871\">I p\u00ebrshtatsh\u00ebm p\u00ebr kombinime smart-casual dhe formale<\/p>\n<\/li>\n<\/ul>","protected":false},"featured_media":7050,"comment_status":"open","ping_status":"closed","template":"","meta":[],"product_brand":[],"product_cat":[293],"product_tag":[192,349],"class_list":{"0":"post-7049","1":"product","2":"type-product","3":"status-publish","4":"has-post-thumbnail","6":"product_cat-coat","7":"product_tag-classic-mens-fashion","8":"product_tag-elegant-trench","10":"first","11":"instock","12":"sale","13":"taxable","14":"shipping-taxable","15":"purchasable","16":"product-type-variable"},"jetpack_sharing_enabled":true,"_links":{"self":[{"href":"https:\/\/urban-clothingstore.com\/en\/wp-json\/wp\/v2\/product\/7049","targetHints":{"allow":["GET"]}}],"collection":[{"href":"https:\/\/urban-clothingstore.com\/en\/wp-json\/wp\/v2\/product"}],"about":[{"href":"https:\/\/urban-clothingstore.com\/en\/wp-json\/wp\/v2\/types\/product"}],"replies":[{"embeddable":true,"href":"https:\/\/urban-clothingstore.com\/en\/wp-json\/wp\/v2\/comments?post=7049"}],"wp:featuredmedia":[{"embeddable":true,"href":"https:\/\/urban-clothingstore.com\/en\/wp-json\/wp\/v2\/media\/7050"}],"wp:attachment":[{"href":"https:\/\/urban-clothingstore.com\/en\/wp-json\/wp\/v2\/media?parent=7049"}],"wp:term":[{"taxonomy":"product_brand","embeddable":true,"href":"https:\/\/urban-clothingstore.com\/en\/wp-json\/wp\/v2\/product_brand?post=7049"},{"taxonomy":"product_cat","embeddable":true,"href":"https:\/\/urban-clothingstore.com\/en\/wp-json\/wp\/v2\/product_cat?post=7049"},{"taxonomy":"product_tag","embeddable":true,"href":"https:\/\/urban-clothingstore.com\/en\/wp-json\/wp\/v2\/product_tag?post=7049"}],"curies":[{"name":"wp","href":"https:\/\/api.w.org\/{rel}","templated":true}]}}