{"id":7063,"date":"2025-09-27T14:35:05","date_gmt":"2025-09-27T14:35:05","guid":{"rendered":"https:\/\/urban-clothingstore.com\/?post_type=product&#038;p=7063"},"modified":"2025-11-09T21:56:17","modified_gmt":"2025-11-09T21:56:17","slug":"trench-coat-lekure-i-zi-premium","status":"publish","type":"product","link":"https:\/\/urban-clothingstore.com\/en\/product\/trench-coat-lekure-i-zi-premium\/","title":{"rendered":"Trench Coat L\u00ebkure \u2013 I Zi Premium"},"content":{"rendered":"<p>Trench coat luksoz prej l\u00ebkure Artificiale n\u00eb ngjyr\u00eb t\u00eb zez\u00eb, i dizajnuar me kopsa t\u00eb dyfishta dhe brez an\u00ebsor p\u00ebr nj\u00eb pamje klasike dhe t\u00eb sofistikuar. Materiali l\u00ebkur\u00eb cil\u00ebsore i jep shk\u00eblqim modern dhe rezistenc\u00eb afatgjat\u00eb, nd\u00ebrsa preria elegante e b\u00ebn t\u00eb p\u00ebrshtatsh\u00ebm si p\u00ebr dalje urbane ashtu edhe p\u00ebr raste formale. Nj\u00eb kombinim perfekt mes stilit klasik dhe luksit bashk\u00ebkohor.<\/p>\n<ul>\n<li data-start=\"655\" data-end=\"695\">\n<p data-start=\"657\" data-end=\"695\">Material l\u00ebkure cil\u00ebsore dhe premium<\/p>\n<\/li>\n<li data-start=\"696\" data-end=\"745\">\n<p data-start=\"698\" data-end=\"745\">Ngjyr\u00eb e zez\u00eb elegante dhe gjithmon\u00eb n\u00eb trend<\/p>\n<\/li>\n<li data-start=\"746\" data-end=\"793\">\n<p data-start=\"748\" data-end=\"793\">Dizajn me kopsa t\u00eb dyfishta dhe brez n\u00eb bel<\/p>\n<\/li>\n<li data-start=\"794\" data-end=\"834\">\n<p data-start=\"796\" data-end=\"834\">Pamje luksoze dhe rezistenc\u00eb e lart\u00eb<\/p>\n<\/li>\n<li data-start=\"835\" data-end=\"900\">\n<p data-start=\"837\" data-end=\"900\">E p\u00ebrshtatshme p\u00ebr kombinime urbane, smart-casual dhe formale<\/p>\n<\/li>\n<\/ul>","protected":false},"excerpt":{"rendered":"<ul>\n<li data-start=\"655\" data-end=\"695\">\n<p data-start=\"657\" data-end=\"695\">Material l\u00ebkure cil\u00ebsore dhe premium<\/p>\n<\/li>\n<li data-start=\"696\" data-end=\"745\">\n<p data-start=\"698\" data-end=\"745\">Ngjyr\u00eb e zez\u00eb elegante dhe gjithmon\u00eb n\u00eb trend<\/p>\n<\/li>\n<li data-start=\"746\" data-end=\"793\">\n<p data-start=\"748\" data-end=\"793\">Dizajn me kopsa t\u00eb dyfishta dhe brez n\u00eb bel<\/p>\n<\/li>\n<li data-start=\"794\" data-end=\"834\">\n<p data-start=\"796\" data-end=\"834\">Pamje luksoze dhe rezistenc\u00eb e lart\u00eb<\/p>\n<\/li>\n<li data-start=\"835\" data-end=\"900\">\n<p data-start=\"837\" data-end=\"900\">E p\u00ebrshtatshme p\u00ebr kombinime urbane, smart-casual dhe formale<\/p>\n<\/li>\n<\/ul>","protected":false},"featured_media":7064,"comment_status":"open","ping_status":"closed","template":"","meta":[],"product_brand":[],"product_cat":[293],"product_tag":[350,192],"class_list":{"0":"post-7063","1":"product","2":"type-product","3":"status-publish","4":"has-post-thumbnail","6":"product_cat-coat","7":"product_tag-classic-coat","8":"product_tag-classic-mens-fashion","10":"first","11":"outofstock","12":"taxable","13":"shipping-taxable","14":"purchasable","15":"product-type-variable"},"jetpack_sharing_enabled":true,"_links":{"self":[{"href":"https:\/\/urban-clothingstore.com\/en\/wp-json\/wp\/v2\/product\/7063","targetHints":{"allow":["GET"]}}],"collection":[{"href":"https:\/\/urban-clothingstore.com\/en\/wp-json\/wp\/v2\/product"}],"about":[{"href":"https:\/\/urban-clothingstore.com\/en\/wp-json\/wp\/v2\/types\/product"}],"replies":[{"embeddable":true,"href":"https:\/\/urban-clothingstore.com\/en\/wp-json\/wp\/v2\/comments?post=7063"}],"wp:featuredmedia":[{"embeddable":true,"href":"https:\/\/urban-clothingstore.com\/en\/wp-json\/wp\/v2\/media\/7064"}],"wp:attachment":[{"href":"https:\/\/urban-clothingstore.com\/en\/wp-json\/wp\/v2\/media?parent=7063"}],"wp:term":[{"taxonomy":"product_brand","embeddable":true,"href":"https:\/\/urban-clothingstore.com\/en\/wp-json\/wp\/v2\/product_brand?post=7063"},{"taxonomy":"product_cat","embeddable":true,"href":"https:\/\/urban-clothingstore.com\/en\/wp-json\/wp\/v2\/product_cat?post=7063"},{"taxonomy":"product_tag","embeddable":true,"href":"https:\/\/urban-clothingstore.com\/en\/wp-json\/wp\/v2\/product_tag?post=7063"}],"curies":[{"name":"wp","href":"https:\/\/api.w.org\/{rel}","templated":true}]}}