{"id":7102,"date":"2025-09-29T14:07:20","date_gmt":"2025-09-29T14:07:20","guid":{"rendered":"https:\/\/urban-clothingstore.com\/?post_type=product&#038;p=7102"},"modified":"2026-03-09T22:27:19","modified_gmt":"2026-03-09T22:27:19","slug":"polo-zip-knit-beige-classic","status":"publish","type":"product","link":"https:\/\/urban-clothingstore.com\/en\/product\/polo-zip-knit-beige-classic\/","title":{"rendered":"Polo Zip Knit \u2013 Beige Classic"},"content":{"rendered":"<p data-start=\"88\" data-end=\"433\">Nj\u00eb model q\u00eb kombinon fines\u00ebn e ngjyr\u00ebs neutrale me eleganc\u00ebn e detajeve moderne. Bluza knit me jak\u00eb polo dhe gjysm\u00eb-zinxhir \u00ebsht\u00eb nj\u00eb zgjedhje ideale p\u00ebr meshkujt q\u00eb duan t\u00eb duken t\u00eb rafinuar n\u00eb \u00e7do rast. Vijat vertikale shtojn\u00eb nj\u00eb dimension estetik q\u00eb zgjat siluet\u00ebn, nd\u00ebrsa p\u00ebrshtatja slim-fit ofron nj\u00eb pamje t\u00eb past\u00ebr dhe t\u00eb sofistikuar.<\/p>\n<ul data-start=\"435\" data-end=\"713\">\n<li data-start=\"435\" data-end=\"463\">\n<p data-start=\"437\" data-end=\"463\"><strong data-start=\"437\" data-end=\"448\">Ngjyra:<\/strong> Bezh klasike<\/p>\n<\/li>\n<li data-start=\"464\" data-end=\"506\">\n<p data-start=\"466\" data-end=\"506\"><strong data-start=\"466\" data-end=\"476\">Stili:<\/strong> Polo knit me gjysm\u00eb-zinxhir<\/p>\n<\/li>\n<li data-start=\"507\" data-end=\"568\">\n<p data-start=\"509\" data-end=\"568\"><strong data-start=\"509\" data-end=\"520\">Detaje:<\/strong> Vija vertikale, jak\u00eb elegante, m\u00ebng\u00eb t\u00eb gjata<\/p>\n<\/li>\n<li data-start=\"569\" data-end=\"632\">\n<p data-start=\"571\" data-end=\"632\"><strong data-start=\"571\" data-end=\"586\">P\u00ebrshtatja:<\/strong> Slim-fit p\u00ebr nj\u00eb pamje moderne dhe elegante<\/p>\n<\/li>\n<li data-start=\"633\" data-end=\"713\">\n<p data-start=\"635\" data-end=\"713\"><strong data-start=\"635\" data-end=\"650\">Ideale p\u00ebr:<\/strong> Darka, evente formale, takime pune ose veshje \u201csmart casual\u201d<\/p>\n<\/li>\n<\/ul>\n<p data-start=\"715\" data-end=\"849\">\u2728 Nj\u00eb kombinim perfekt q\u00eb p\u00ebrshtatet leht\u00ebsisht me pantallona klasike ose xhinse, duke i dh\u00ebn\u00eb garderob\u00ebs nj\u00eb prekje t\u00eb sofistikuar.<\/p>","protected":false},"excerpt":{"rendered":"<p>Nj\u00eb model q\u00eb kombinon fines\u00ebn e ngjyr\u00ebs neutrale me eleganc\u00ebn e detajeve moderne. Bluza knit me jak\u00eb polo dhe gjysm\u00eb-zinxhir \u00ebsht\u00eb nj\u00eb zgjedhje ideale p\u00ebr meshkujt q\u00eb duan t\u00eb duken t\u00eb rafinuar n\u00eb \u00e7do rast. Vijat vertikale shtojn\u00eb nj\u00eb dimension estetik q\u00eb zgjat siluet\u00ebn, nd\u00ebrsa p\u00ebrshtatja slim-fit ofron nj\u00eb pamje t\u00eb past\u00ebr dhe t\u00eb sofistikuar. [&hellip;]<\/p>","protected":false},"featured_media":7096,"comment_status":"open","ping_status":"closed","template":"","meta":[],"product_brand":[],"product_cat":[26],"product_tag":[295,298,344,57],"class_list":{"0":"post-7102","1":"product","2":"type-product","3":"status-publish","4":"has-post-thumbnail","6":"product_cat-sweater","7":"product_tag-bluze","8":"product_tag-klasike","9":"product_tag-ngjyr-bezhe","10":"product_tag-slimfit","12":"first","13":"outofstock","14":"taxable","15":"shipping-taxable","16":"purchasable","17":"product-type-variable"},"jetpack_sharing_enabled":true,"_links":{"self":[{"href":"https:\/\/urban-clothingstore.com\/en\/wp-json\/wp\/v2\/product\/7102","targetHints":{"allow":["GET"]}}],"collection":[{"href":"https:\/\/urban-clothingstore.com\/en\/wp-json\/wp\/v2\/product"}],"about":[{"href":"https:\/\/urban-clothingstore.com\/en\/wp-json\/wp\/v2\/types\/product"}],"replies":[{"embeddable":true,"href":"https:\/\/urban-clothingstore.com\/en\/wp-json\/wp\/v2\/comments?post=7102"}],"wp:featuredmedia":[{"embeddable":true,"href":"https:\/\/urban-clothingstore.com\/en\/wp-json\/wp\/v2\/media\/7096"}],"wp:attachment":[{"href":"https:\/\/urban-clothingstore.com\/en\/wp-json\/wp\/v2\/media?parent=7102"}],"wp:term":[{"taxonomy":"product_brand","embeddable":true,"href":"https:\/\/urban-clothingstore.com\/en\/wp-json\/wp\/v2\/product_brand?post=7102"},{"taxonomy":"product_cat","embeddable":true,"href":"https:\/\/urban-clothingstore.com\/en\/wp-json\/wp\/v2\/product_cat?post=7102"},{"taxonomy":"product_tag","embeddable":true,"href":"https:\/\/urban-clothingstore.com\/en\/wp-json\/wp\/v2\/product_tag?post=7102"}],"curies":[{"name":"wp","href":"https:\/\/api.w.org\/{rel}","templated":true}]}}