{"id":7143,"date":"2025-09-29T19:43:57","date_gmt":"2025-09-29T19:43:57","guid":{"rendered":"https:\/\/urban-clothingstore.com\/?post_type=product&#038;p=7143"},"modified":"2026-03-09T22:21:55","modified_gmt":"2026-03-09T22:21:55","slug":"pulover-premium-me-gjatesi-te-plote-e-bardhe-krem","status":"publish","type":"product","link":"https:\/\/urban-clothingstore.com\/en\/product\/pulover-premium-me-gjatesi-te-plote-e-bardhe-krem\/","title":{"rendered":"Pulov\u00ebr Premium me Gjat\u00ebsi t\u00eb Plot\u00eb \u2013 E Bardh\u00eb Krem"},"content":{"rendered":"<p data-start=\"114\" data-end=\"428\">Kjo pulov\u00ebr elegante me ngjyr\u00eb t\u00eb bardh\u00eb krem \u00ebsht\u00eb krijuar p\u00ebr t\u00eb kombinuar komoditetin me stilin modern. Materiali i but\u00eb dhe i ngroht\u00eb ofron rehati gjat\u00eb gjith\u00eb dit\u00ebs, nd\u00ebrsa prerja klasike me m\u00ebng\u00eb t\u00eb gjata dhe jak\u00eb rrethore e b\u00ebn t\u00eb leht\u00eb p\u00ebr t\u2019u kombinuar si n\u00eb veshje casual ashtu edhe n\u00eb ato m\u00eb elegante.<\/p>\n<p data-start=\"430\" data-end=\"566\">P\u00ebrshtatet n\u00eb m\u00ebnyr\u00eb t\u00eb p\u00ebrkryer me pantallona klasike, jeans apo chinos, duke e b\u00ebr\u00eb nj\u00eb pjes\u00eb thelb\u00ebsore p\u00ebr garderob\u00ebn e \u00e7do burri.<\/p>","protected":false},"excerpt":{"rendered":"<ul>\n<li data-start=\"587\" data-end=\"629\">\n<p data-start=\"589\" data-end=\"629\">Material premium, i but\u00eb dhe rezistent<\/p>\n<\/li>\n<li data-start=\"630\" data-end=\"686\">\n<p data-start=\"632\" data-end=\"686\">Ngjyr\u00eb e bardh\u00eb krem neutrale, e leht\u00eb p\u00ebr kombinime<\/p>\n<\/li>\n<li data-start=\"687\" data-end=\"712\">\n<p data-start=\"689\" data-end=\"712\">Jak\u00eb rrethore klasike<\/p>\n<\/li>\n<li data-start=\"713\" data-end=\"758\">\n<p data-start=\"715\" data-end=\"758\">M\u00ebng\u00eb t\u00eb gjata p\u00ebr komoditet n\u00eb \u00e7do sezon<\/p>\n<\/li>\n<li data-start=\"759\" data-end=\"790\">\n<p data-start=\"761\" data-end=\"790\">Stil minimalist dhe elegant<\/p>\n<\/li>\n<\/ul>","protected":false},"featured_media":7144,"comment_status":"open","ping_status":"closed","template":"","meta":[],"product_brand":[],"product_cat":[26],"product_tag":[192,351],"class_list":{"0":"post-7143","1":"product","2":"type-product","3":"status-publish","4":"has-post-thumbnail","6":"product_cat-sweater","7":"product_tag-classic-mens-fashion","8":"product_tag-elegant-tshirt","10":"first","11":"instock","12":"sale","13":"taxable","14":"shipping-taxable","15":"purchasable","16":"product-type-variable"},"jetpack_sharing_enabled":true,"_links":{"self":[{"href":"https:\/\/urban-clothingstore.com\/en\/wp-json\/wp\/v2\/product\/7143","targetHints":{"allow":["GET"]}}],"collection":[{"href":"https:\/\/urban-clothingstore.com\/en\/wp-json\/wp\/v2\/product"}],"about":[{"href":"https:\/\/urban-clothingstore.com\/en\/wp-json\/wp\/v2\/types\/product"}],"replies":[{"embeddable":true,"href":"https:\/\/urban-clothingstore.com\/en\/wp-json\/wp\/v2\/comments?post=7143"}],"wp:featuredmedia":[{"embeddable":true,"href":"https:\/\/urban-clothingstore.com\/en\/wp-json\/wp\/v2\/media\/7144"}],"wp:attachment":[{"href":"https:\/\/urban-clothingstore.com\/en\/wp-json\/wp\/v2\/media?parent=7143"}],"wp:term":[{"taxonomy":"product_brand","embeddable":true,"href":"https:\/\/urban-clothingstore.com\/en\/wp-json\/wp\/v2\/product_brand?post=7143"},{"taxonomy":"product_cat","embeddable":true,"href":"https:\/\/urban-clothingstore.com\/en\/wp-json\/wp\/v2\/product_cat?post=7143"},{"taxonomy":"product_tag","embeddable":true,"href":"https:\/\/urban-clothingstore.com\/en\/wp-json\/wp\/v2\/product_tag?post=7143"}],"curies":[{"name":"wp","href":"https:\/\/api.w.org\/{rel}","templated":true}]}}