{"id":7156,"date":"2025-09-29T19:59:01","date_gmt":"2025-09-29T19:59:01","guid":{"rendered":"https:\/\/urban-clothingstore.com\/?post_type=product&#038;p=7156"},"modified":"2026-03-09T22:18:00","modified_gmt":"2026-03-09T22:18:00","slug":"pulover-premium-me-gjatesi-te-plote-e-zeze-klasike","status":"publish","type":"product","link":"https:\/\/urban-clothingstore.com\/en\/product\/pulover-premium-me-gjatesi-te-plote-e-zeze-klasike\/","title":{"rendered":"Pulov\u00ebr Premium me Gjat\u00ebsi t\u00eb Plot\u00eb \u2013 E Zez\u00eb Klasike"},"content":{"rendered":"<p data-start=\"115\" data-end=\"375\">Kjo pulov\u00ebr e zez\u00eb klasike sjell nj\u00eb stil minimalist dhe elegant, perfekt p\u00ebr \u00e7do rast. Materiali cil\u00ebsor ofron rehati dhe q\u00ebndrueshm\u00ebri, nd\u00ebrsa prerja moderne me jak\u00eb rrethore e b\u00ebn t\u00eb leht\u00eb p\u00ebr t\u2019u kombinuar si me veshje formale, ashtu edhe me stil casual.<\/p>\n<p data-start=\"377\" data-end=\"521\">Ngjyra e zez\u00eb universale e b\u00ebn k\u00ebt\u00eb pulov\u00ebr nj\u00eb pjes\u00eb t\u00eb domosdoshme n\u00eb garderob\u00eb, duke ofruar gjithmon\u00eb nj\u00eb pamje t\u00eb sofistikuar dhe premium.<\/p>\n<ul>\n<li data-start=\"542\" data-end=\"598\">\n<p data-start=\"544\" data-end=\"598\">Material i but\u00eb dhe rezistent p\u00ebr p\u00ebrdorim afatgjat\u00eb<\/p>\n<\/li>\n<li data-start=\"599\" data-end=\"646\">\n<p data-start=\"601\" data-end=\"646\">Ngjyr\u00eb e zez\u00eb klasike, e leht\u00eb p\u00ebr kombinim<\/p>\n<\/li>\n<li data-start=\"647\" data-end=\"682\">\n<p data-start=\"649\" data-end=\"682\">Prerje moderne me jak\u00eb rrethore<\/p>\n<\/li>\n<li data-start=\"683\" data-end=\"725\">\n<p data-start=\"685\" data-end=\"725\">M\u00ebng\u00eb t\u00eb gjata p\u00ebr rehati n\u00eb \u00e7do sezon<\/p>\n<\/li>\n<li data-start=\"726\" data-end=\"757\">\n<p data-start=\"728\" data-end=\"757\">Stil elegant dhe minimalist<\/p>\n<\/li>\n<\/ul>","protected":false},"excerpt":{"rendered":"<ul>\n<li data-start=\"542\" data-end=\"598\">\n<p data-start=\"544\" data-end=\"598\">Material i but\u00eb dhe rezistent p\u00ebr p\u00ebrdorim afatgjat\u00eb<\/p>\n<\/li>\n<li data-start=\"599\" data-end=\"646\">\n<p data-start=\"601\" data-end=\"646\">Ngjyr\u00eb e zez\u00eb klasike, e leht\u00eb p\u00ebr kombinim<\/p>\n<\/li>\n<li data-start=\"647\" data-end=\"682\">\n<p data-start=\"649\" data-end=\"682\">Prerje moderne me jak\u00eb rrethore<\/p>\n<\/li>\n<li data-start=\"683\" data-end=\"725\">\n<p data-start=\"685\" data-end=\"725\">M\u00ebng\u00eb t\u00eb gjata p\u00ebr rehati n\u00eb \u00e7do sezon<\/p>\n<\/li>\n<li data-start=\"726\" data-end=\"757\">\n<p data-start=\"728\" data-end=\"757\">Stil elegant dhe minimalist<\/p>\n<\/li>\n<\/ul>","protected":false},"featured_media":7157,"comment_status":"open","ping_status":"closed","template":"","meta":[],"product_brand":[],"product_cat":[26],"product_tag":[352,86],"class_list":{"0":"post-7156","1":"product","2":"type-product","3":"status-publish","4":"has-post-thumbnail","6":"product_cat-sweater","7":"product_tag-classic-tshirt","8":"product_tag-elegant-mens-fashion","10":"first","11":"instock","12":"sale","13":"taxable","14":"shipping-taxable","15":"purchasable","16":"product-type-variable"},"jetpack_sharing_enabled":true,"_links":{"self":[{"href":"https:\/\/urban-clothingstore.com\/en\/wp-json\/wp\/v2\/product\/7156","targetHints":{"allow":["GET"]}}],"collection":[{"href":"https:\/\/urban-clothingstore.com\/en\/wp-json\/wp\/v2\/product"}],"about":[{"href":"https:\/\/urban-clothingstore.com\/en\/wp-json\/wp\/v2\/types\/product"}],"replies":[{"embeddable":true,"href":"https:\/\/urban-clothingstore.com\/en\/wp-json\/wp\/v2\/comments?post=7156"}],"wp:featuredmedia":[{"embeddable":true,"href":"https:\/\/urban-clothingstore.com\/en\/wp-json\/wp\/v2\/media\/7157"}],"wp:attachment":[{"href":"https:\/\/urban-clothingstore.com\/en\/wp-json\/wp\/v2\/media?parent=7156"}],"wp:term":[{"taxonomy":"product_brand","embeddable":true,"href":"https:\/\/urban-clothingstore.com\/en\/wp-json\/wp\/v2\/product_brand?post=7156"},{"taxonomy":"product_cat","embeddable":true,"href":"https:\/\/urban-clothingstore.com\/en\/wp-json\/wp\/v2\/product_cat?post=7156"},{"taxonomy":"product_tag","embeddable":true,"href":"https:\/\/urban-clothingstore.com\/en\/wp-json\/wp\/v2\/product_tag?post=7156"}],"curies":[{"name":"wp","href":"https:\/\/api.w.org\/{rel}","templated":true}]}}