{"id":7163,"date":"2025-09-29T20:06:13","date_gmt":"2025-09-29T20:06:13","guid":{"rendered":"https:\/\/urban-clothingstore.com\/?post_type=product&#038;p=7163"},"modified":"2026-03-09T22:17:20","modified_gmt":"2026-03-09T22:17:20","slug":"pulover-premium-me-gjatesi-te-plote-blu-navy-elegante","status":"publish","type":"product","link":"https:\/\/urban-clothingstore.com\/en\/product\/pulover-premium-me-gjatesi-te-plote-blu-navy-elegante\/","title":{"rendered":"Pulov\u00ebr Premium me Gjat\u00ebsi t\u00eb Plot\u00eb \u2013 Blu Navy Elegante"},"content":{"rendered":"<p data-start=\"118\" data-end=\"399\">Kjo pulov\u00ebr n\u00eb ngjyr\u00eb blu navy p\u00ebrfaq\u00ebson nj\u00eb kombinim perfekt mes klasikes dhe modernes. Materiali cil\u00ebsor ofron ndjesi t\u00eb but\u00eb dhe komode, nd\u00ebrsa prerja elegante me jak\u00eb rrethore dhe m\u00ebng\u00eb t\u00eb gjata e b\u00ebn ideale p\u00ebr \u00e7do rast \u2013 nga daljet e p\u00ebrditshme deri te eventet m\u00eb formale.<\/p>\n<p data-start=\"401\" data-end=\"608\">Ngjyra navy \u00ebsht\u00eb nj\u00eb zgjedhje e gjithanshme dhe sofistikuar, e cila p\u00ebrshtatet leht\u00ebsisht me pantallona klasike, jeans apo chinos, duke e b\u00ebr\u00eb k\u00ebt\u00eb pulov\u00ebr nj\u00eb pjes\u00eb thelb\u00ebsore t\u00eb garderob\u00ebs s\u00eb \u00e7do burri.<\/p>\n<ul>\n<li data-start=\"629\" data-end=\"670\">\n<p data-start=\"631\" data-end=\"670\">Material premium i but\u00eb dhe rezistent<\/p>\n<\/li>\n<li data-start=\"671\" data-end=\"717\">\n<p data-start=\"673\" data-end=\"717\">Ngjyr\u00eb blu navy elegante dhe e gjithanshme<\/p>\n<\/li>\n<li data-start=\"718\" data-end=\"753\">\n<p data-start=\"720\" data-end=\"753\">Prerje klasike me jak\u00eb rrethore<\/p>\n<\/li>\n<li data-start=\"754\" data-end=\"805\">\n<p data-start=\"756\" data-end=\"805\">M\u00ebng\u00eb t\u00eb gjata p\u00ebr komoditet gjat\u00eb gjith\u00eb dit\u00ebs<\/p>\n<\/li>\n<li data-start=\"806\" data-end=\"836\">\n<p data-start=\"808\" data-end=\"836\">Stil minimalist dhe modern<\/p>\n<\/li>\n<\/ul>","protected":false},"excerpt":{"rendered":"<ul>\n<li data-start=\"629\" data-end=\"670\">\n<p data-start=\"631\" data-end=\"670\">Material premium i but\u00eb dhe rezistent<\/p>\n<\/li>\n<li data-start=\"671\" data-end=\"717\">\n<p data-start=\"673\" data-end=\"717\">Ngjyr\u00eb blu navy elegante dhe e gjithanshme<\/p>\n<\/li>\n<li data-start=\"718\" data-end=\"753\">\n<p data-start=\"720\" data-end=\"753\">Prerje klasike me jak\u00eb rrethore<\/p>\n<\/li>\n<li data-start=\"754\" data-end=\"805\">\n<p data-start=\"756\" data-end=\"805\">M\u00ebng\u00eb t\u00eb gjata p\u00ebr komoditet gjat\u00eb gjith\u00eb dit\u00ebs<\/p>\n<\/li>\n<li data-start=\"806\" data-end=\"836\">\n<p data-start=\"808\" data-end=\"836\">Stil minimalist dhe modern<\/p>\n<\/li>\n<\/ul>","protected":false},"featured_media":7165,"comment_status":"open","ping_status":"closed","template":"","meta":[],"product_brand":[],"product_cat":[26],"product_tag":[192,351],"class_list":{"0":"post-7163","1":"product","2":"type-product","3":"status-publish","4":"has-post-thumbnail","6":"product_cat-sweater","7":"product_tag-classic-mens-fashion","8":"product_tag-elegant-tshirt","10":"first","11":"instock","12":"sale","13":"taxable","14":"shipping-taxable","15":"purchasable","16":"product-type-variable"},"jetpack_sharing_enabled":true,"_links":{"self":[{"href":"https:\/\/urban-clothingstore.com\/en\/wp-json\/wp\/v2\/product\/7163","targetHints":{"allow":["GET"]}}],"collection":[{"href":"https:\/\/urban-clothingstore.com\/en\/wp-json\/wp\/v2\/product"}],"about":[{"href":"https:\/\/urban-clothingstore.com\/en\/wp-json\/wp\/v2\/types\/product"}],"replies":[{"embeddable":true,"href":"https:\/\/urban-clothingstore.com\/en\/wp-json\/wp\/v2\/comments?post=7163"}],"wp:featuredmedia":[{"embeddable":true,"href":"https:\/\/urban-clothingstore.com\/en\/wp-json\/wp\/v2\/media\/7165"}],"wp:attachment":[{"href":"https:\/\/urban-clothingstore.com\/en\/wp-json\/wp\/v2\/media?parent=7163"}],"wp:term":[{"taxonomy":"product_brand","embeddable":true,"href":"https:\/\/urban-clothingstore.com\/en\/wp-json\/wp\/v2\/product_brand?post=7163"},{"taxonomy":"product_cat","embeddable":true,"href":"https:\/\/urban-clothingstore.com\/en\/wp-json\/wp\/v2\/product_cat?post=7163"},{"taxonomy":"product_tag","embeddable":true,"href":"https:\/\/urban-clothingstore.com\/en\/wp-json\/wp\/v2\/product_tag?post=7163"}],"curies":[{"name":"wp","href":"https:\/\/api.w.org\/{rel}","templated":true}]}}