{"id":7171,"date":"2025-09-29T20:11:48","date_gmt":"2025-09-29T20:11:48","guid":{"rendered":"https:\/\/urban-clothingstore.com\/?post_type=product&#038;p=7171"},"modified":"2026-03-09T22:16:30","modified_gmt":"2026-03-09T22:16:30","slug":"pulover-premium-me-gjatesi-te-plote-e-zeze-me-teksture","status":"publish","type":"product","link":"https:\/\/urban-clothingstore.com\/en\/product\/pulover-premium-me-gjatesi-te-plote-e-zeze-me-teksture\/","title":{"rendered":"Pulov\u00ebr Premium me Gjat\u00ebsi t\u00eb Plot\u00eb \u2013 E Zez\u00eb me Tekstur\u00eb"},"content":{"rendered":"<p data-start=\"119\" data-end=\"413\">Kjo pulov\u00ebr e zez\u00eb me tekstur\u00eb t\u00eb leht\u00eb sjell nj\u00eb kombinim perfekt mes stilit minimalist dhe detajeve moderne. Materiali premium siguron rehati dhe q\u00ebndrueshm\u00ebri, nd\u00ebrsa dizajni me m\u00ebng\u00eb t\u00eb gjata dhe jak\u00eb rrethore e b\u00ebn nj\u00eb zgjedhje ideale si p\u00ebr veshje casual, ashtu edhe p\u00ebr raste elegante.<\/p>\n<p data-start=\"415\" data-end=\"538\">Tekstura diskrete i shton nj\u00eb prekje unike, duke e b\u00ebr\u00eb k\u00ebt\u00eb pulov\u00ebr nj\u00eb pjes\u00eb dalluese dhe t\u00eb sofistikuar t\u00eb garderob\u00ebs.<\/p>\n<ul>\n<li data-start=\"559\" data-end=\"601\">\n<p data-start=\"561\" data-end=\"601\">Material cil\u00ebsor, i but\u00eb dhe rezistent<\/p>\n<\/li>\n<li data-start=\"602\" data-end=\"647\">\n<p data-start=\"604\" data-end=\"647\">Ngjyr\u00eb e zez\u00eb klasike me tekstur\u00eb moderne<\/p>\n<\/li>\n<li data-start=\"648\" data-end=\"684\">\n<p data-start=\"650\" data-end=\"684\">Prerje elegante me jak\u00eb rrethore<\/p>\n<\/li>\n<li data-start=\"685\" data-end=\"736\">\n<p data-start=\"687\" data-end=\"736\">M\u00ebng\u00eb t\u00eb gjata p\u00ebr komoditet gjat\u00eb gjith\u00eb dit\u00ebs<\/p>\n<\/li>\n<li data-start=\"737\" data-end=\"775\">\n<p data-start=\"739\" data-end=\"775\">Stil minimalist, por me detaj unik<\/p>\n<\/li>\n<\/ul>","protected":false},"excerpt":{"rendered":"<p>Kjo pulov\u00ebr e zez\u00eb me tekstur\u00eb t\u00eb leht\u00eb sjell nj\u00eb kombinim perfekt mes stilit minimalist dhe detajeve moderne. Materiali premium siguron rehati dhe q\u00ebndrueshm\u00ebri, nd\u00ebrsa dizajni me m\u00ebng\u00eb t\u00eb gjata dhe jak\u00eb rrethore e b\u00ebn nj\u00eb zgjedhje ideale si p\u00ebr veshje casual, ashtu edhe p\u00ebr raste elegante. Tekstura diskrete i shton nj\u00eb prekje unike, duke [&hellip;]<\/p>","protected":false},"featured_media":7172,"comment_status":"open","ping_status":"closed","template":"","meta":[],"product_brand":[],"product_cat":[26],"product_tag":[192,351],"class_list":{"0":"post-7171","1":"product","2":"type-product","3":"status-publish","4":"has-post-thumbnail","6":"product_cat-sweater","7":"product_tag-classic-mens-fashion","8":"product_tag-elegant-tshirt","10":"first","11":"outofstock","12":"sale","13":"taxable","14":"shipping-taxable","15":"purchasable","16":"product-type-variable"},"jetpack_sharing_enabled":true,"_links":{"self":[{"href":"https:\/\/urban-clothingstore.com\/en\/wp-json\/wp\/v2\/product\/7171","targetHints":{"allow":["GET"]}}],"collection":[{"href":"https:\/\/urban-clothingstore.com\/en\/wp-json\/wp\/v2\/product"}],"about":[{"href":"https:\/\/urban-clothingstore.com\/en\/wp-json\/wp\/v2\/types\/product"}],"replies":[{"embeddable":true,"href":"https:\/\/urban-clothingstore.com\/en\/wp-json\/wp\/v2\/comments?post=7171"}],"wp:featuredmedia":[{"embeddable":true,"href":"https:\/\/urban-clothingstore.com\/en\/wp-json\/wp\/v2\/media\/7172"}],"wp:attachment":[{"href":"https:\/\/urban-clothingstore.com\/en\/wp-json\/wp\/v2\/media?parent=7171"}],"wp:term":[{"taxonomy":"product_brand","embeddable":true,"href":"https:\/\/urban-clothingstore.com\/en\/wp-json\/wp\/v2\/product_brand?post=7171"},{"taxonomy":"product_cat","embeddable":true,"href":"https:\/\/urban-clothingstore.com\/en\/wp-json\/wp\/v2\/product_cat?post=7171"},{"taxonomy":"product_tag","embeddable":true,"href":"https:\/\/urban-clothingstore.com\/en\/wp-json\/wp\/v2\/product_tag?post=7171"}],"curies":[{"name":"wp","href":"https:\/\/api.w.org\/{rel}","templated":true}]}}