{"id":7182,"date":"2025-09-29T20:18:34","date_gmt":"2025-09-29T20:18:34","guid":{"rendered":"https:\/\/urban-clothingstore.com\/?post_type=product&#038;p=7182"},"modified":"2026-03-09T22:13:50","modified_gmt":"2026-03-09T22:13:50","slug":"pulover-premium-klasike-e-bardhe","status":"publish","type":"product","link":"https:\/\/urban-clothingstore.com\/en\/product\/pulover-premium-klasike-e-bardhe\/","title":{"rendered":"Pulov\u00ebr Premium Klasike \u2013 E Bardh\u00eb"},"content":{"rendered":"<p data-start=\"102\" data-end=\"414\">Kjo pulov\u00ebr elegante n\u00eb ngjyr\u00eb t\u00eb bardh\u00eb\u00a0 \u00ebsht\u00eb nj\u00eb pjes\u00eb bazike dhe gjithmon\u00eb n\u00eb trend p\u00ebr \u00e7do garderob\u00eb mashkullore. Materiali premium siguron but\u00ebsi dhe rehati, nd\u00ebrsa dizajni minimalist me jak\u00eb rrethore dhe m\u00ebng\u00eb t\u00eb gjata e b\u00ebn perfekte si p\u00ebr p\u00ebrdorim t\u00eb p\u00ebrditsh\u00ebm, ashtu edhe p\u00ebr kombinime elegante.<\/p>\n<p data-start=\"416\" data-end=\"573\">Ngjyra neutrale e bardh\u00eb\u00a0 e b\u00ebn t\u00eb leht\u00eb p\u00ebr t\u2019u kombinuar me pantallona klasike, jeans apo chinos, duke sjell\u00eb nj\u00eb pamje t\u00eb past\u00ebr dhe t\u00eb sofistikuar.<\/p>\n<ul>\n<li data-start=\"594\" data-end=\"645\">\n<p data-start=\"596\" data-end=\"645\">Material i but\u00eb dhe rezistent me cil\u00ebsi premium<\/p>\n<\/li>\n<li data-start=\"646\" data-end=\"705\">\n<p data-start=\"648\" data-end=\"705\">Ngjyr\u00eb neutrale e bardh\u00eb\u00a0 p\u00ebr kombinime t\u00eb ndryshme<\/p>\n<\/li>\n<li data-start=\"706\" data-end=\"741\">\n<p data-start=\"708\" data-end=\"741\">Prerje klasike me jak\u00eb rrethore<\/p>\n<\/li>\n<li data-start=\"742\" data-end=\"793\">\n<p data-start=\"744\" data-end=\"793\">M\u00ebng\u00eb t\u00eb gjata p\u00ebr komoditet gjat\u00eb gjith\u00eb dit\u00ebs<\/p>\n<\/li>\n<li data-start=\"794\" data-end=\"837\">\n<p data-start=\"796\" data-end=\"837\">Stil minimalist, modern dhe gjithansh\u00ebm<\/p>\n<\/li>\n<\/ul>","protected":false},"excerpt":{"rendered":"<p>Kjo pulov\u00ebr elegante n\u00eb ngjyr\u00eb t\u00eb bardh\u00eb\u00a0 \u00ebsht\u00eb nj\u00eb pjes\u00eb bazike dhe gjithmon\u00eb n\u00eb trend p\u00ebr \u00e7do garderob\u00eb mashkullore. Materiali premium siguron but\u00ebsi dhe rehati, nd\u00ebrsa dizajni minimalist me jak\u00eb rrethore dhe m\u00ebng\u00eb t\u00eb gjata e b\u00ebn perfekte si p\u00ebr p\u00ebrdorim t\u00eb p\u00ebrditsh\u00ebm, ashtu edhe p\u00ebr kombinime elegante. Ngjyra neutrale e bardh\u00eb\u00a0 e b\u00ebn t\u00eb [&hellip;]<\/p>","protected":false},"featured_media":7183,"comment_status":"open","ping_status":"closed","template":"","meta":[],"product_brand":[],"product_cat":[26],"product_tag":[352,156],"class_list":{"0":"post-7182","1":"product","2":"type-product","3":"status-publish","4":"has-post-thumbnail","6":"product_cat-sweater","7":"product_tag-classic-tshirt","8":"product_tag-elegant-mens-style","10":"first","11":"instock","12":"sale","13":"taxable","14":"shipping-taxable","15":"purchasable","16":"product-type-variable"},"jetpack_sharing_enabled":true,"_links":{"self":[{"href":"https:\/\/urban-clothingstore.com\/en\/wp-json\/wp\/v2\/product\/7182","targetHints":{"allow":["GET"]}}],"collection":[{"href":"https:\/\/urban-clothingstore.com\/en\/wp-json\/wp\/v2\/product"}],"about":[{"href":"https:\/\/urban-clothingstore.com\/en\/wp-json\/wp\/v2\/types\/product"}],"replies":[{"embeddable":true,"href":"https:\/\/urban-clothingstore.com\/en\/wp-json\/wp\/v2\/comments?post=7182"}],"wp:featuredmedia":[{"embeddable":true,"href":"https:\/\/urban-clothingstore.com\/en\/wp-json\/wp\/v2\/media\/7183"}],"wp:attachment":[{"href":"https:\/\/urban-clothingstore.com\/en\/wp-json\/wp\/v2\/media?parent=7182"}],"wp:term":[{"taxonomy":"product_brand","embeddable":true,"href":"https:\/\/urban-clothingstore.com\/en\/wp-json\/wp\/v2\/product_brand?post=7182"},{"taxonomy":"product_cat","embeddable":true,"href":"https:\/\/urban-clothingstore.com\/en\/wp-json\/wp\/v2\/product_cat?post=7182"},{"taxonomy":"product_tag","embeddable":true,"href":"https:\/\/urban-clothingstore.com\/en\/wp-json\/wp\/v2\/product_tag?post=7182"}],"curies":[{"name":"wp","href":"https:\/\/api.w.org\/{rel}","templated":true}]}}