{"id":7189,"date":"2025-09-29T20:24:32","date_gmt":"2025-09-29T20:24:32","guid":{"rendered":"https:\/\/urban-clothingstore.com\/?post_type=product&#038;p=7189"},"modified":"2026-03-09T22:13:14","modified_gmt":"2026-03-09T22:13:14","slug":"pulover-premium-klasike-e-zeze-elegante","status":"publish","type":"product","link":"https:\/\/urban-clothingstore.com\/en\/product\/pulover-premium-klasike-e-zeze-elegante\/","title":{"rendered":"Pulov\u00ebr Premium Klasike \u2013 E Zez\u00eb Elegante"},"content":{"rendered":"<p data-start=\"104\" data-end=\"344\">Kjo pulov\u00ebr e zez\u00eb elegante \u00ebsht\u00eb nj\u00eb zgjedhje e p\u00ebrjetshme p\u00ebr \u00e7do garderob\u00eb mashkullore. Materiali cil\u00ebsor siguron but\u00ebsi dhe rehati, nd\u00ebrsa dizajni minimalist me jak\u00eb rrethore dhe m\u00ebng\u00eb t\u00eb gjata i jep nj\u00eb pamje moderne dhe t\u00eb rafinuar.<\/p>\n<p data-start=\"346\" data-end=\"521\">Ngjyra e zez\u00eb klasike e b\u00ebn t\u00eb gjithanshme dhe t\u00eb leht\u00eb p\u00ebr t\u2019u kombinuar si me pantallona elegante, ashtu edhe me jeans apo chinos, duke ofruar gjithmon\u00eb nj\u00eb pamje premium.<\/p>\n<ul>\n<li data-start=\"542\" data-end=\"584\">\n<p data-start=\"544\" data-end=\"584\">Material premium, i but\u00eb dhe rezistent<\/p>\n<\/li>\n<li data-start=\"585\" data-end=\"636\">\n<p data-start=\"587\" data-end=\"636\">Ngjyr\u00eb e zez\u00eb klasike p\u00ebr kombinime t\u00eb ndryshme<\/p>\n<\/li>\n<li data-start=\"637\" data-end=\"672\">\n<p data-start=\"639\" data-end=\"672\">Prerje moderne me jak\u00eb rrethore<\/p>\n<\/li>\n<li data-start=\"673\" data-end=\"721\">\n<p data-start=\"675\" data-end=\"721\">M\u00ebng\u00eb t\u00eb gjata p\u00ebr rehati gjat\u00eb gjith\u00eb dit\u00ebs<\/p>\n<\/li>\n<li data-start=\"722\" data-end=\"779\">\n<p data-start=\"724\" data-end=\"779\">Stil minimalist, i sofistikuar dhe gjithmon\u00eb n\u00eb trend<\/p>\n<\/li>\n<\/ul>","protected":false},"excerpt":{"rendered":"<p>Kjo pulov\u00ebr e zez\u00eb elegante \u00ebsht\u00eb nj\u00eb zgjedhje e p\u00ebrjetshme p\u00ebr \u00e7do garderob\u00eb mashkullore. Materiali cil\u00ebsor siguron but\u00ebsi dhe rehati, nd\u00ebrsa dizajni minimalist me jak\u00eb rrethore dhe m\u00ebng\u00eb t\u00eb gjata i jep nj\u00eb pamje moderne dhe t\u00eb rafinuar. Ngjyra e zez\u00eb klasike e b\u00ebn t\u00eb gjithanshme dhe t\u00eb leht\u00eb p\u00ebr t\u2019u kombinuar si me pantallona [&hellip;]<\/p>","protected":false},"featured_media":7190,"comment_status":"open","ping_status":"closed","template":"","meta":[],"product_brand":[],"product_cat":[26],"product_tag":[192,351],"class_list":{"0":"post-7189","1":"product","2":"type-product","3":"status-publish","4":"has-post-thumbnail","6":"product_cat-sweater","7":"product_tag-classic-mens-fashion","8":"product_tag-elegant-tshirt","10":"first","11":"instock","12":"sale","13":"taxable","14":"shipping-taxable","15":"purchasable","16":"product-type-variable"},"jetpack_sharing_enabled":true,"_links":{"self":[{"href":"https:\/\/urban-clothingstore.com\/en\/wp-json\/wp\/v2\/product\/7189","targetHints":{"allow":["GET"]}}],"collection":[{"href":"https:\/\/urban-clothingstore.com\/en\/wp-json\/wp\/v2\/product"}],"about":[{"href":"https:\/\/urban-clothingstore.com\/en\/wp-json\/wp\/v2\/types\/product"}],"replies":[{"embeddable":true,"href":"https:\/\/urban-clothingstore.com\/en\/wp-json\/wp\/v2\/comments?post=7189"}],"wp:featuredmedia":[{"embeddable":true,"href":"https:\/\/urban-clothingstore.com\/en\/wp-json\/wp\/v2\/media\/7190"}],"wp:attachment":[{"href":"https:\/\/urban-clothingstore.com\/en\/wp-json\/wp\/v2\/media?parent=7189"}],"wp:term":[{"taxonomy":"product_brand","embeddable":true,"href":"https:\/\/urban-clothingstore.com\/en\/wp-json\/wp\/v2\/product_brand?post=7189"},{"taxonomy":"product_cat","embeddable":true,"href":"https:\/\/urban-clothingstore.com\/en\/wp-json\/wp\/v2\/product_cat?post=7189"},{"taxonomy":"product_tag","embeddable":true,"href":"https:\/\/urban-clothingstore.com\/en\/wp-json\/wp\/v2\/product_tag?post=7189"}],"curies":[{"name":"wp","href":"https:\/\/api.w.org\/{rel}","templated":true}]}}