{"id":7196,"date":"2025-09-29T20:29:51","date_gmt":"2025-09-29T20:29:51","guid":{"rendered":"https:\/\/urban-clothingstore.com\/?post_type=product&#038;p=7196"},"modified":"2026-03-09T22:12:43","modified_gmt":"2026-03-09T22:12:43","slug":"pulover-premium-me-teksture-ngjyre-kafe-mocha","status":"publish","type":"product","link":"https:\/\/urban-clothingstore.com\/en\/product\/pulover-premium-me-teksture-ngjyre-kafe-mocha\/","title":{"rendered":"Pulov\u00ebr Premium me Tekstur\u00eb \u2013 Ngjyr\u00eb Kafe Mocha"},"content":{"rendered":"<p data-start=\"110\" data-end=\"412\">Kjo pulov\u00ebr n\u00eb ngjyr\u00eb kafe mocha me tekstur\u00eb horizontale \u00ebsht\u00eb nj\u00eb kombinim i p\u00ebrkryer i stilit modern me rehatin\u00eb. Materiali premium ofron but\u00ebsi dhe q\u00ebndrueshm\u00ebri, nd\u00ebrsa dizajni me jak\u00eb rrethore dhe m\u00ebng\u00eb t\u00eb gjata e b\u00ebn t\u00eb p\u00ebrshtatshme p\u00ebr \u00e7do rast, nga daljet casual deri tek eventet m\u00eb elegante.<\/p>\n<p data-start=\"414\" data-end=\"637\">Ngjyra e ngroht\u00eb mocha i jep nj\u00eb karakter unik dhe sofistikuar, duke u kombinuar n\u00eb m\u00ebnyr\u00eb perfekte me pantallona klasike, jeans apo chinos. Nj\u00eb pjes\u00eb e domosdoshme p\u00ebr garderob\u00ebn e meshkujve q\u00eb preferojn\u00eb stilin premium.<\/p>\n<ul>\n<li data-start=\"658\" data-end=\"700\">\n<p data-start=\"660\" data-end=\"700\">Material cil\u00ebsor, i but\u00eb dhe rezistent<\/p>\n<\/li>\n<li data-start=\"701\" data-end=\"747\">\n<p data-start=\"703\" data-end=\"747\">Tekstur\u00eb horizontale p\u00ebr nj\u00eb pamje moderne<\/p>\n<\/li>\n<li data-start=\"748\" data-end=\"792\">\n<p data-start=\"750\" data-end=\"792\">Ngjyr\u00eb kafe mocha elegante dhe e ngroht\u00eb<\/p>\n<\/li>\n<li data-start=\"793\" data-end=\"828\">\n<p data-start=\"795\" data-end=\"828\">Prerje klasike me jak\u00eb rrethore<\/p>\n<\/li>\n<li data-start=\"829\" data-end=\"866\">\n<p data-start=\"831\" data-end=\"866\">Stil minimalist dhe i gjithansh\u00ebm<\/p>\n<\/li>\n<\/ul>","protected":false},"excerpt":{"rendered":"<p>Kjo pulov\u00ebr n\u00eb ngjyr\u00eb kafe mocha me tekstur\u00eb horizontale \u00ebsht\u00eb nj\u00eb kombinim i p\u00ebrkryer i stilit modern me rehatin\u00eb. Materiali premium ofron but\u00ebsi dhe q\u00ebndrueshm\u00ebri, nd\u00ebrsa dizajni me jak\u00eb rrethore dhe m\u00ebng\u00eb t\u00eb gjata e b\u00ebn t\u00eb p\u00ebrshtatshme p\u00ebr \u00e7do rast, nga daljet casual deri tek eventet m\u00eb elegante. Ngjyra e ngroht\u00eb mocha i jep [&hellip;]<\/p>","protected":false},"featured_media":7197,"comment_status":"open","ping_status":"closed","template":"","meta":[],"product_brand":[],"product_cat":[26],"product_tag":[352],"class_list":{"0":"post-7196","1":"product","2":"type-product","3":"status-publish","4":"has-post-thumbnail","6":"product_cat-sweater","7":"product_tag-classic-tshirt","9":"first","10":"outofstock","11":"sale","12":"taxable","13":"shipping-taxable","14":"purchasable","15":"product-type-variable"},"jetpack_sharing_enabled":true,"_links":{"self":[{"href":"https:\/\/urban-clothingstore.com\/en\/wp-json\/wp\/v2\/product\/7196","targetHints":{"allow":["GET"]}}],"collection":[{"href":"https:\/\/urban-clothingstore.com\/en\/wp-json\/wp\/v2\/product"}],"about":[{"href":"https:\/\/urban-clothingstore.com\/en\/wp-json\/wp\/v2\/types\/product"}],"replies":[{"embeddable":true,"href":"https:\/\/urban-clothingstore.com\/en\/wp-json\/wp\/v2\/comments?post=7196"}],"wp:featuredmedia":[{"embeddable":true,"href":"https:\/\/urban-clothingstore.com\/en\/wp-json\/wp\/v2\/media\/7197"}],"wp:attachment":[{"href":"https:\/\/urban-clothingstore.com\/en\/wp-json\/wp\/v2\/media?parent=7196"}],"wp:term":[{"taxonomy":"product_brand","embeddable":true,"href":"https:\/\/urban-clothingstore.com\/en\/wp-json\/wp\/v2\/product_brand?post=7196"},{"taxonomy":"product_cat","embeddable":true,"href":"https:\/\/urban-clothingstore.com\/en\/wp-json\/wp\/v2\/product_cat?post=7196"},{"taxonomy":"product_tag","embeddable":true,"href":"https:\/\/urban-clothingstore.com\/en\/wp-json\/wp\/v2\/product_tag?post=7196"}],"curies":[{"name":"wp","href":"https:\/\/api.w.org\/{rel}","templated":true}]}}