{"id":7267,"date":"2025-10-02T20:49:14","date_gmt":"2025-10-02T20:49:14","guid":{"rendered":"https:\/\/urban-clothingstore.com\/?post_type=product&#038;p=7267"},"modified":"2026-03-09T22:10:50","modified_gmt":"2026-03-09T22:10:50","slug":"pulover-polo-zip-e-bardhe","status":"publish","type":"product","link":"https:\/\/urban-clothingstore.com\/en\/product\/pulover-polo-zip-e-bardhe\/","title":{"rendered":"Pulov\u00ebr Polo-Zip \u2013 E Bardh\u00eb"},"content":{"rendered":"<p>Pulov\u00ebr polo-zip n\u00eb ngjyr\u00eb t\u00eb bardh\u00eb klasike, me dizajn t\u00eb past\u00ebr dhe t\u00eb gjithansh\u00ebm. Realizuar nga material cil\u00ebsor trikotazh q\u00eb siguron rehati dhe q\u00ebndrueshm\u00ebri, me jak\u00eb gjysm\u00eb-zinxhir q\u00eb i jep nj\u00eb pamje moderne e t\u00eb sofistikuar. Kombinohet leht\u00ebsisht me xhinse p\u00ebr stil t\u00eb p\u00ebrditsh\u00ebm ose me pantallona klasike p\u00ebr nj\u00eb paraqitje m\u00eb elegante.<\/p>\n<p>Pulovra Polo-Zip \u00ebsht\u00eb nj\u00eb pjes\u00eb thelb\u00ebsore e rafinuar q\u00eb bashkon komoditetin, eleganc\u00ebn dhe shum\u00ebllojshm\u00ebrin\u00eb. E punuar nga material trikotazh cil\u00ebsor me p\u00ebrshtatje t\u00eb but\u00eb por t\u00eb strukturuar, vjen me jak\u00eb gjysm\u00eb-zinxhir q\u00eb i shton nj\u00eb prekje moderne e t\u00eb sofistikuar. Kombinohet n\u00eb m\u00ebnyr\u00eb perfekte si me xhinse p\u00ebr p\u00ebrditshm\u00ebri, ashtu edhe me pantallona klasike p\u00ebr raste m\u00eb elegante.<\/p>","protected":false},"excerpt":{"rendered":"<p>Pulov\u00ebr polo-zip n\u00eb ngjyr\u00eb t\u00eb bardh\u00eb klasike, me dizajn t\u00eb past\u00ebr dhe t\u00eb gjithansh\u00ebm. Realizuar nga material cil\u00ebsor trikotazh q\u00eb siguron rehati dhe q\u00ebndrueshm\u00ebri, me jak\u00eb gjysm\u00eb-zinxhir q\u00eb i jep nj\u00eb pamje moderne e t\u00eb sofistikuar. Kombinohet leht\u00ebsisht me xhinse p\u00ebr stil t\u00eb p\u00ebrditsh\u00ebm ose me pantallona klasike p\u00ebr nj\u00eb paraqitje m\u00eb elegante. Pulovra Polo-Zip [&hellip;]<\/p>","protected":false},"featured_media":7268,"comment_status":"open","ping_status":"closed","template":"","meta":[],"product_brand":[],"product_cat":[26],"product_tag":[352,354],"class_list":{"0":"post-7267","1":"product","2":"type-product","3":"status-publish","4":"has-post-thumbnail","6":"product_cat-sweater","7":"product_tag-classic-tshirt","8":"product_tag-white-polo-zip","10":"first","11":"instock","12":"sale","13":"taxable","14":"shipping-taxable","15":"purchasable","16":"product-type-variable"},"jetpack_sharing_enabled":true,"_links":{"self":[{"href":"https:\/\/urban-clothingstore.com\/en\/wp-json\/wp\/v2\/product\/7267","targetHints":{"allow":["GET"]}}],"collection":[{"href":"https:\/\/urban-clothingstore.com\/en\/wp-json\/wp\/v2\/product"}],"about":[{"href":"https:\/\/urban-clothingstore.com\/en\/wp-json\/wp\/v2\/types\/product"}],"replies":[{"embeddable":true,"href":"https:\/\/urban-clothingstore.com\/en\/wp-json\/wp\/v2\/comments?post=7267"}],"wp:featuredmedia":[{"embeddable":true,"href":"https:\/\/urban-clothingstore.com\/en\/wp-json\/wp\/v2\/media\/7268"}],"wp:attachment":[{"href":"https:\/\/urban-clothingstore.com\/en\/wp-json\/wp\/v2\/media?parent=7267"}],"wp:term":[{"taxonomy":"product_brand","embeddable":true,"href":"https:\/\/urban-clothingstore.com\/en\/wp-json\/wp\/v2\/product_brand?post=7267"},{"taxonomy":"product_cat","embeddable":true,"href":"https:\/\/urban-clothingstore.com\/en\/wp-json\/wp\/v2\/product_cat?post=7267"},{"taxonomy":"product_tag","embeddable":true,"href":"https:\/\/urban-clothingstore.com\/en\/wp-json\/wp\/v2\/product_tag?post=7267"}],"curies":[{"name":"wp","href":"https:\/\/api.w.org\/{rel}","templated":true}]}}