{"id":7286,"date":"2025-10-02T20:59:06","date_gmt":"2025-10-02T20:59:06","guid":{"rendered":"https:\/\/urban-clothingstore.com\/?post_type=product&#038;p=7286"},"modified":"2026-03-09T22:10:15","modified_gmt":"2026-03-09T22:10:15","slug":"pulover-polo-zip-kafe-e-erret-mocha","status":"publish","type":"product","link":"https:\/\/urban-clothingstore.com\/en\/product\/pulover-polo-zip-kafe-e-erret-mocha\/","title":{"rendered":"Pulov\u00ebr Polo-Zip \u2013 Kafe e Err\u00ebt (Mocha)"},"content":{"rendered":"<p>Pulov\u00ebr polo-zip n\u00eb ngjyr\u00eb kafe t\u00eb err\u00ebt (mocha), e punuar nga material trikotazh me vija vertikale p\u00ebr nj\u00eb pamje elegante dhe t\u00eb strukturuar. Jak\u00eb me gjysm\u00eb-zinxhir q\u00eb shton nj\u00eb prekje moderne dhe t\u00eb sofistikuar. Nj\u00eb pjes\u00eb thelb\u00ebsore, q\u00eb p\u00ebrshtatet leht\u00ebsisht si p\u00ebr kombinime urbane t\u00eb p\u00ebrditshme, ashtu edhe p\u00ebr dalje m\u00eb elegante n\u00eb mbr\u00ebmje.<\/p>\n<p>Pulovra Polo-Zip n\u00eb ngjyr\u00eb kafe t\u00eb err\u00ebt (mocha) \u00ebsht\u00eb nj\u00eb pjes\u00eb thelb\u00ebsore e rafinuar q\u00eb bashkon eleganc\u00ebn, komoditetin dhe shum\u00ebllojshm\u00ebrin\u00eb. E punuar nga trikotazh me vija vertikale cil\u00ebsore, ofron nj\u00eb p\u00ebrshtatje t\u00eb strukturuar por t\u00eb but\u00eb q\u00eb thekson siluet\u00ebn. Jak\u00eb gjysm\u00eb-zinxhir q\u00eb i shton nj\u00eb prekje moderne e t\u00eb sofistikuar, duke e b\u00ebr\u00eb perfekte p\u00ebr t\u2019u veshur qet\u00ebsisht me xhinse ose m\u00eb elegant me pantallona klasike. Ngjyra mocha sjell ngroht\u00ebsi dhe karakter t\u00eb p\u00ebrjetsh\u00ebm n\u00eb \u00e7do outfit.<\/p>","protected":false},"excerpt":{"rendered":"<p>Pulov\u00ebr polo-zip n\u00eb ngjyr\u00eb kafe t\u00eb err\u00ebt (mocha), e punuar nga material trikotazh me vija vertikale p\u00ebr nj\u00eb pamje elegante dhe t\u00eb strukturuar. Jak\u00eb me gjysm\u00eb-zinxhir q\u00eb shton nj\u00eb prekje moderne dhe t\u00eb sofistikuar. Nj\u00eb pjes\u00eb thelb\u00ebsore, q\u00eb p\u00ebrshtatet leht\u00ebsisht si p\u00ebr kombinime urbane t\u00eb p\u00ebrditshme, ashtu edhe p\u00ebr dalje m\u00eb elegante n\u00eb mbr\u00ebmje. Pulovra [&hellip;]<\/p>","protected":false},"featured_media":7287,"comment_status":"open","ping_status":"closed","template":"","meta":[],"product_brand":[],"product_cat":[26],"product_tag":[352,355],"class_list":{"0":"post-7286","1":"product","2":"type-product","3":"status-publish","4":"has-post-thumbnail","6":"product_cat-sweater","7":"product_tag-classic-tshirt","8":"product_tag-polo-zip-kafe-e-erret","10":"first","11":"outofstock","12":"sale","13":"taxable","14":"shipping-taxable","15":"purchasable","16":"product-type-variable"},"jetpack_sharing_enabled":true,"_links":{"self":[{"href":"https:\/\/urban-clothingstore.com\/en\/wp-json\/wp\/v2\/product\/7286","targetHints":{"allow":["GET"]}}],"collection":[{"href":"https:\/\/urban-clothingstore.com\/en\/wp-json\/wp\/v2\/product"}],"about":[{"href":"https:\/\/urban-clothingstore.com\/en\/wp-json\/wp\/v2\/types\/product"}],"replies":[{"embeddable":true,"href":"https:\/\/urban-clothingstore.com\/en\/wp-json\/wp\/v2\/comments?post=7286"}],"wp:featuredmedia":[{"embeddable":true,"href":"https:\/\/urban-clothingstore.com\/en\/wp-json\/wp\/v2\/media\/7287"}],"wp:attachment":[{"href":"https:\/\/urban-clothingstore.com\/en\/wp-json\/wp\/v2\/media?parent=7286"}],"wp:term":[{"taxonomy":"product_brand","embeddable":true,"href":"https:\/\/urban-clothingstore.com\/en\/wp-json\/wp\/v2\/product_brand?post=7286"},{"taxonomy":"product_cat","embeddable":true,"href":"https:\/\/urban-clothingstore.com\/en\/wp-json\/wp\/v2\/product_cat?post=7286"},{"taxonomy":"product_tag","embeddable":true,"href":"https:\/\/urban-clothingstore.com\/en\/wp-json\/wp\/v2\/product_tag?post=7286"}],"curies":[{"name":"wp","href":"https:\/\/api.w.org\/{rel}","templated":true}]}}