{"id":7296,"date":"2025-10-02T21:05:13","date_gmt":"2025-10-02T21:05:13","guid":{"rendered":"https:\/\/urban-clothingstore.com\/?post_type=product&#038;p=7296"},"modified":"2026-03-09T22:08:29","modified_gmt":"2026-03-09T22:08:29","slug":"pulover-polo-zip-blu-e-erret-navy","status":"publish","type":"product","link":"https:\/\/urban-clothingstore.com\/en\/product\/pulover-polo-zip-blu-e-erret-navy\/","title":{"rendered":"Pulov\u00ebr Polo-Zip \u2013 Blu e Err\u00ebt (Navy)"},"content":{"rendered":"<p>Pulovra Polo-Zip n\u00eb ngjyr\u00eb blu t\u00eb err\u00ebt \u00ebsht\u00eb nj\u00eb pjes\u00eb moderne e domosdoshme q\u00eb bashkon sofistikimin me komoditetin e p\u00ebrditsh\u00ebm. E punuar nga material trikotazh me vija vertikale cil\u00ebsore, ofron nj\u00eb siluet\u00eb t\u00eb rregullt dhe ndjesi t\u00eb but\u00eb n\u00eb trup. Jak\u00eb gjysm\u00eb-zinxhir q\u00eb sjell nj\u00eb prekje elegante e shum\u00ebfunksionale, duke kaluar leht\u00ebsisht nga kombinimet e p\u00ebrditshme me xhinse tek paraqitjet m\u00eb t\u00eb ngritura me pantallona klasike. Ngjyra e thell\u00eb blu navy i jep karakter t\u00eb p\u00ebrjetsh\u00ebm dhe elegant, duke e b\u00ebr\u00eb ideale p\u00ebr \u00e7do sezon.<\/p>\n<p>Pulov\u00ebr polo-zip n\u00eb ngjyr\u00eb blu t\u00eb err\u00ebt (navy), i punuar nga material trikotazh cil\u00ebsor me vija vertikale. Ofron nj\u00eb p\u00ebrshtatje t\u00eb rregullt dhe moderne, me jak\u00eb gjysm\u00eb-zinxhir q\u00eb sjell nj\u00eb prekje elegante. Kombinohet n\u00eb m\u00ebnyr\u00eb perfekte si me xhinse p\u00ebr nj\u00eb stil t\u00eb p\u00ebrditsh\u00ebm, ashtu edhe me pantallona klasike p\u00ebr nj\u00eb pamje m\u00eb t\u00eb sofistikuar. Nj\u00eb pjes\u00eb e p\u00ebrjetshme p\u00ebr \u00e7do gard\u00ebrob\u00eb.<\/p>","protected":false},"excerpt":{"rendered":"<p>Pulovra Polo-Zip n\u00eb ngjyr\u00eb blu t\u00eb err\u00ebt \u00ebsht\u00eb nj\u00eb pjes\u00eb moderne e domosdoshme q\u00eb bashkon sofistikimin me komoditetin e p\u00ebrditsh\u00ebm. E punuar nga material trikotazh me vija vertikale cil\u00ebsore, ofron nj\u00eb siluet\u00eb t\u00eb rregullt dhe ndjesi t\u00eb but\u00eb n\u00eb trup. Jak\u00eb gjysm\u00eb-zinxhir q\u00eb sjell nj\u00eb prekje elegante e shum\u00ebfunksionale, duke kaluar leht\u00ebsisht nga kombinimet e [&hellip;]<\/p>","protected":false},"featured_media":7297,"comment_status":"open","ping_status":"closed","template":"","meta":[],"product_brand":[],"product_cat":[26],"product_tag":[352,356],"class_list":{"0":"post-7296","1":"product","2":"type-product","3":"status-publish","4":"has-post-thumbnail","6":"product_cat-sweater","7":"product_tag-classic-tshirt","8":"product_tag-polo-zip-blu-e-erret","10":"first","11":"instock","12":"sale","13":"taxable","14":"shipping-taxable","15":"purchasable","16":"product-type-variable"},"jetpack_sharing_enabled":true,"_links":{"self":[{"href":"https:\/\/urban-clothingstore.com\/en\/wp-json\/wp\/v2\/product\/7296","targetHints":{"allow":["GET"]}}],"collection":[{"href":"https:\/\/urban-clothingstore.com\/en\/wp-json\/wp\/v2\/product"}],"about":[{"href":"https:\/\/urban-clothingstore.com\/en\/wp-json\/wp\/v2\/types\/product"}],"replies":[{"embeddable":true,"href":"https:\/\/urban-clothingstore.com\/en\/wp-json\/wp\/v2\/comments?post=7296"}],"wp:featuredmedia":[{"embeddable":true,"href":"https:\/\/urban-clothingstore.com\/en\/wp-json\/wp\/v2\/media\/7297"}],"wp:attachment":[{"href":"https:\/\/urban-clothingstore.com\/en\/wp-json\/wp\/v2\/media?parent=7296"}],"wp:term":[{"taxonomy":"product_brand","embeddable":true,"href":"https:\/\/urban-clothingstore.com\/en\/wp-json\/wp\/v2\/product_brand?post=7296"},{"taxonomy":"product_cat","embeddable":true,"href":"https:\/\/urban-clothingstore.com\/en\/wp-json\/wp\/v2\/product_cat?post=7296"},{"taxonomy":"product_tag","embeddable":true,"href":"https:\/\/urban-clothingstore.com\/en\/wp-json\/wp\/v2\/product_tag?post=7296"}],"curies":[{"name":"wp","href":"https:\/\/api.w.org\/{rel}","templated":true}]}}