{"id":7429,"date":"2025-10-05T21:29:48","date_gmt":"2025-10-05T21:29:48","guid":{"rendered":"https:\/\/urban-clothingstore.com\/?post_type=product&#038;p=7429"},"modified":"2026-03-09T22:01:59","modified_gmt":"2026-03-09T22:01:59","slug":"bluze-gjysme-zip-ngjyre-jeshile-e-erret","status":"publish","type":"product","link":"https:\/\/urban-clothingstore.com\/en\/product\/bluze-gjysme-zip-ngjyre-jeshile-e-erret\/","title":{"rendered":"Bluz\u00eb gjysm\u00eb-zip ngjyr\u00eb jeshile e err\u00ebt"},"content":{"rendered":"<p data-start=\"216\" data-end=\"623\">Bluz\u00eb moderne me dizajn minimal, e punuar nga material i but\u00eb dhe rezistent. Ngjyra jeshile e err\u00ebt i jep pamje elegante dhe urbane, nd\u00ebrsa zinxhiri i shkurt\u00ebr n\u00eb qaf\u00eb shton funksionalitet dhe stil. Mbishkrimi \u201cCREATE MORE\u201d p\u00ebrfaq\u00ebson energjin\u00eb kreative dhe motivuese t\u00eb p\u00ebrditshme.<br data-start=\"498\" data-end=\"501\" \/>E p\u00ebrshtatshme p\u00ebr p\u00ebrditshm\u00ebri, dalje n\u00eb qytet apo kombinime me xhinse dhe sneaker-a p\u00ebr nj\u00eb pamje t\u00eb past\u00ebr dhe moderne.<\/p>\n<p data-start=\"625\" data-end=\"656\"><strong data-start=\"625\" data-end=\"654\">Karakteristikat kryesore:<\/strong><\/p>\n<ul data-start=\"657\" data-end=\"855\">\n<li data-start=\"657\" data-end=\"686\">\n<p data-start=\"659\" data-end=\"686\">Material i but\u00eb dhe komod<\/p>\n<\/li>\n<li data-start=\"687\" data-end=\"728\">\n<p data-start=\"689\" data-end=\"728\">Zinxhir i shkurt\u00ebr (half-zip) n\u00eb qaf\u00eb<\/p>\n<\/li>\n<li data-start=\"729\" data-end=\"767\">\n<p data-start=\"731\" data-end=\"767\">Ngjyr\u00eb jeshile e err\u00ebt \/ ushtarake<\/p>\n<\/li>\n<li data-start=\"768\" data-end=\"804\">\n<p data-start=\"770\" data-end=\"804\">Mbishkrim motivues \u201cCREATE MORE\u201d<\/p>\n<\/li>\n<li data-start=\"805\" data-end=\"855\">\n<p data-start=\"807\" data-end=\"855\">P\u00ebrshtatet p\u00ebr \u00e7do stin\u00eb dhe stil casual-urban<\/p>\n<\/li>\n<\/ul>","protected":false},"excerpt":{"rendered":"<p>Bluz\u00eb moderne me dizajn minimal, e punuar nga material i but\u00eb dhe rezistent. Ngjyra jeshile e err\u00ebt i jep pamje elegante dhe urbane, nd\u00ebrsa zinxhiri i shkurt\u00ebr n\u00eb qaf\u00eb shton funksionalitet dhe stil. Mbishkrimi \u201cCREATE MORE\u201d p\u00ebrfaq\u00ebson energjin\u00eb kreative dhe motivuese t\u00eb p\u00ebrditshme.E p\u00ebrshtatshme p\u00ebr p\u00ebrditshm\u00ebri, dalje n\u00eb qytet apo kombinime me xhinse dhe sneaker-a [&hellip;]<\/p>","protected":false},"featured_media":7430,"comment_status":"open","ping_status":"closed","template":"","meta":[],"product_brand":[],"product_cat":[26],"product_tag":[295,364,297,336],"class_list":{"0":"post-7429","1":"product","2":"type-product","3":"status-publish","4":"has-post-thumbnail","6":"product_cat-sweater","7":"product_tag-bluze","8":"product_tag-gjysmezip","9":"product_tag-me-jake","10":"product_tag-ngjyr-e-gjelbert","12":"first","13":"instock","14":"sale","15":"taxable","16":"shipping-taxable","17":"purchasable","18":"product-type-variable"},"jetpack_sharing_enabled":true,"_links":{"self":[{"href":"https:\/\/urban-clothingstore.com\/en\/wp-json\/wp\/v2\/product\/7429","targetHints":{"allow":["GET"]}}],"collection":[{"href":"https:\/\/urban-clothingstore.com\/en\/wp-json\/wp\/v2\/product"}],"about":[{"href":"https:\/\/urban-clothingstore.com\/en\/wp-json\/wp\/v2\/types\/product"}],"replies":[{"embeddable":true,"href":"https:\/\/urban-clothingstore.com\/en\/wp-json\/wp\/v2\/comments?post=7429"}],"wp:featuredmedia":[{"embeddable":true,"href":"https:\/\/urban-clothingstore.com\/en\/wp-json\/wp\/v2\/media\/7430"}],"wp:attachment":[{"href":"https:\/\/urban-clothingstore.com\/en\/wp-json\/wp\/v2\/media?parent=7429"}],"wp:term":[{"taxonomy":"product_brand","embeddable":true,"href":"https:\/\/urban-clothingstore.com\/en\/wp-json\/wp\/v2\/product_brand?post=7429"},{"taxonomy":"product_cat","embeddable":true,"href":"https:\/\/urban-clothingstore.com\/en\/wp-json\/wp\/v2\/product_cat?post=7429"},{"taxonomy":"product_tag","embeddable":true,"href":"https:\/\/urban-clothingstore.com\/en\/wp-json\/wp\/v2\/product_tag?post=7429"}],"curies":[{"name":"wp","href":"https:\/\/api.w.org\/{rel}","templated":true}]}}