{"id":7436,"date":"2025-10-05T21:33:44","date_gmt":"2025-10-05T21:33:44","guid":{"rendered":"https:\/\/urban-clothingstore.com\/?post_type=product&#038;p=7436"},"modified":"2026-03-09T22:00:43","modified_gmt":"2026-03-09T22:00:43","slug":"bluze-gjysme-zip-blu-create-world","status":"publish","type":"product","link":"https:\/\/urban-clothingstore.com\/en\/product\/bluze-gjysme-zip-blu-create-world\/","title":{"rendered":"Bluz\u00eb gjysm\u00eb-zip blu \u201cCreate World\u201d"},"content":{"rendered":"<p data-start=\"217\" data-end=\"632\">Bluz\u00eb moderne me prerje t\u00eb past\u00ebr dhe dizajn minimalist. Ngjyra blu petrol i jep nj\u00eb pamje unike dhe t\u00eb rafinuar, nd\u00ebrsa materiali i but\u00eb siguron rehati gjat\u00eb gjith\u00eb dit\u00ebs. Detaji me zinxhir n\u00eb qaf\u00eb shton stil dhe funksionalitet, nd\u00ebrsa mbishkrimi \u201cCREATE WORLD\u201d p\u00ebrfaq\u00ebson frym\u00ebn kreative dhe pozitive.<br data-start=\"520\" data-end=\"523\" \/>Ideale p\u00ebr veshje t\u00eb p\u00ebrditshme, kombinime me xhinse ose pantallona sportive p\u00ebr nj\u00eb stil urban dhe modern.<\/p>\n<p data-start=\"634\" data-end=\"665\"><strong data-start=\"634\" data-end=\"663\">Karakteristikat kryesore:<\/strong><\/p>\n<ul data-start=\"666\" data-end=\"849\">\n<li data-start=\"666\" data-end=\"706\">\n<p data-start=\"668\" data-end=\"706\">Material i but\u00eb, komod dhe rezistent<\/p>\n<\/li>\n<li data-start=\"707\" data-end=\"748\">\n<p data-start=\"709\" data-end=\"748\">Zinxhir funksional n\u00eb qaf\u00eb (half-zip)<\/p>\n<\/li>\n<li data-start=\"749\" data-end=\"776\">\n<p data-start=\"751\" data-end=\"776\">Ngjyr\u00eb blu petrol unike<\/p>\n<\/li>\n<li data-start=\"777\" data-end=\"814\">\n<p data-start=\"779\" data-end=\"814\">Mbishkrim motivues \u201cCREATE WORLD\u201d<\/p>\n<\/li>\n<li data-start=\"815\" data-end=\"849\">\n<p data-start=\"817\" data-end=\"849\">Stil casual-urban p\u00ebr \u00e7do dit\u00eb<\/p>\n<\/li>\n<\/ul>","protected":false},"excerpt":{"rendered":"<p>Bluz\u00eb moderne me prerje t\u00eb past\u00ebr dhe dizajn minimalist. Ngjyra blu petrol i jep nj\u00eb pamje unike dhe t\u00eb rafinuar, nd\u00ebrsa materiali i but\u00eb siguron rehati gjat\u00eb gjith\u00eb dit\u00ebs. Detaji me zinxhir n\u00eb qaf\u00eb shton stil dhe funksionalitet, nd\u00ebrsa mbishkrimi \u201cCREATE WORLD\u201d p\u00ebrfaq\u00ebson frym\u00ebn kreative dhe pozitive.Ideale p\u00ebr veshje t\u00eb p\u00ebrditshme, kombinime me xhinse ose [&hellip;]<\/p>","protected":false},"featured_media":7437,"comment_status":"open","ping_status":"closed","template":"","meta":[],"product_brand":[],"product_cat":[26],"product_tag":[295,364,365],"class_list":{"0":"post-7436","1":"product","2":"type-product","3":"status-publish","4":"has-post-thumbnail","6":"product_cat-sweater","7":"product_tag-bluze","8":"product_tag-gjysmezip","9":"product_tag-ngjyr-kalter","11":"first","12":"instock","13":"sale","14":"taxable","15":"shipping-taxable","16":"purchasable","17":"product-type-variable"},"jetpack_sharing_enabled":true,"_links":{"self":[{"href":"https:\/\/urban-clothingstore.com\/en\/wp-json\/wp\/v2\/product\/7436","targetHints":{"allow":["GET"]}}],"collection":[{"href":"https:\/\/urban-clothingstore.com\/en\/wp-json\/wp\/v2\/product"}],"about":[{"href":"https:\/\/urban-clothingstore.com\/en\/wp-json\/wp\/v2\/types\/product"}],"replies":[{"embeddable":true,"href":"https:\/\/urban-clothingstore.com\/en\/wp-json\/wp\/v2\/comments?post=7436"}],"wp:featuredmedia":[{"embeddable":true,"href":"https:\/\/urban-clothingstore.com\/en\/wp-json\/wp\/v2\/media\/7437"}],"wp:attachment":[{"href":"https:\/\/urban-clothingstore.com\/en\/wp-json\/wp\/v2\/media?parent=7436"}],"wp:term":[{"taxonomy":"product_brand","embeddable":true,"href":"https:\/\/urban-clothingstore.com\/en\/wp-json\/wp\/v2\/product_brand?post=7436"},{"taxonomy":"product_cat","embeddable":true,"href":"https:\/\/urban-clothingstore.com\/en\/wp-json\/wp\/v2\/product_cat?post=7436"},{"taxonomy":"product_tag","embeddable":true,"href":"https:\/\/urban-clothingstore.com\/en\/wp-json\/wp\/v2\/product_tag?post=7436"}],"curies":[{"name":"wp","href":"https:\/\/api.w.org\/{rel}","templated":true}]}}