{"id":7462,"date":"2025-10-05T22:01:23","date_gmt":"2025-10-05T22:01:23","guid":{"rendered":"https:\/\/urban-clothingstore.com\/?post_type=product&#038;p=7462"},"modified":"2026-02-26T23:17:36","modified_gmt":"2026-02-26T23:17:36","slug":"xhakete-lekure-me-pelush-kafe-stil-aviator-premium","status":"publish","type":"product","link":"https:\/\/urban-clothingstore.com\/en\/product\/xhakete-lekure-me-pelush-kafe-stil-aviator-premium\/","title":{"rendered":"Xhaket\u00eb L\u00ebkure me Pelush Kafe \u2013 Stil Aviator Premium"},"content":{"rendered":"<p data-start=\"109\" data-end=\"582\">Kjo xhaket\u00eb me efekte l\u00ebkure\u00a0 \u00ebsht\u00eb nj\u00eb kombinim perfekt mes luksit klasik dhe stilit urban modern. Me material t\u00eb jasht\u00ebm prej l\u00ebkure mat dhe pelush kafe t\u00eb trash\u00eb n\u00eb brend\u00ebsi, ofron ngroht\u00ebsi dhe eleganc\u00eb gjat\u00eb muajve t\u00eb ftoht\u00eb. Prerja \u00ebsht\u00eb <strong data-start=\"342\" data-end=\"357\">regular fit<\/strong>, nd\u00ebrsa detajet si jak\u00eb e gjer\u00eb me pelush, zinxhir\u00ebt an\u00ebsor\u00eb dhe rripi n\u00eb bel i japin pamje t\u00eb sofistikuar dhe mashkullore. Ideale p\u00ebr \u00e7do kombinim dim\u00ebror \u2014 nga pamjet casual me xhinse e golf, deri tek daljet m\u00eb elegante.<\/p>\n<h3 data-start=\"584\" data-end=\"619\"><strong data-start=\"588\" data-end=\"617\">Karakteristikat kryesore:<\/strong><\/h3>\n<ul data-start=\"620\" data-end=\"1021\">\n<li data-start=\"620\" data-end=\"664\">\n<p data-start=\"622\" data-end=\"664\">Material premium l\u00ebkure me p\u00ebrfundim mat<\/p>\n<\/li>\n<li data-start=\"665\" data-end=\"730\">\n<p data-start=\"667\" data-end=\"730\">Brend\u00ebsi me <strong data-start=\"679\" data-end=\"704\">pelush t\u00eb trash\u00eb kafe<\/strong> p\u00ebr ngroht\u00ebsi maksimale<\/p>\n<\/li>\n<li data-start=\"731\" data-end=\"774\">\n<p data-start=\"733\" data-end=\"774\">Jak\u00eb e madhe me pelush p\u00ebr stil aviator<\/p>\n<\/li>\n<li data-start=\"775\" data-end=\"819\">\n<p data-start=\"777\" data-end=\"819\">Zinxhir\u00eb funksional\u00eb n\u00eb an\u00eb dhe n\u00eb xhepa<\/p>\n<\/li>\n<li data-start=\"820\" data-end=\"863\">\n<p data-start=\"822\" data-end=\"863\">Xhepa an\u00ebsor\u00eb dhe gjoks p\u00ebr prakticitet<\/p>\n<\/li>\n<li data-start=\"864\" data-end=\"914\">\n<p data-start=\"866\" data-end=\"914\">Rrip rregullues n\u00eb bel p\u00ebr p\u00ebrshtatje perfekte<\/p>\n<\/li>\n<li data-start=\"915\" data-end=\"971\">\n<p data-start=\"917\" data-end=\"971\">Prerje <strong data-start=\"924\" data-end=\"939\">regular fit<\/strong> \u2013 e rehatshme dhe e balancuar<\/p>\n<\/li>\n<li data-start=\"972\" data-end=\"1021\">\n<p data-start=\"974\" data-end=\"1021\">E p\u00ebrshtatshme p\u00ebr veshje urbane dhe elegante<\/p>\n<\/li>\n<\/ul>","protected":false},"excerpt":{"rendered":"<p>Kjo xhaket\u00eb me efekte l\u00ebkure\u00a0 \u00ebsht\u00eb nj\u00eb kombinim perfekt mes luksit klasik dhe stilit urban modern. Me material t\u00eb jasht\u00ebm prej l\u00ebkure mat dhe pelush kafe t\u00eb trash\u00eb n\u00eb brend\u00ebsi, ofron ngroht\u00ebsi dhe eleganc\u00eb gjat\u00eb muajve t\u00eb ftoht\u00eb. Prerja \u00ebsht\u00eb regular fit, nd\u00ebrsa detajet si jak\u00eb e gjer\u00eb me pelush, zinxhir\u00ebt an\u00ebsor\u00eb dhe rripi n\u00eb [&hellip;]<\/p>","protected":false},"featured_media":7464,"comment_status":"open","ping_status":"closed","template":"","meta":[],"product_brand":[],"product_cat":[25],"product_tag":[329,368,302,367,312],"class_list":{"0":"post-7462","1":"product","2":"type-product","3":"status-publish","4":"has-post-thumbnail","6":"product_cat-jackets","7":"product_tag-eco-lekure","8":"product_tag-me-pelush-kafe","9":"product_tag-ngjyre-e-zeze","10":"product_tag-regularfit","11":"product_tag-xhakete","13":"first","14":"outofstock","15":"sale","16":"taxable","17":"shipping-taxable","18":"purchasable","19":"product-type-variable"},"jetpack_sharing_enabled":true,"_links":{"self":[{"href":"https:\/\/urban-clothingstore.com\/en\/wp-json\/wp\/v2\/product\/7462","targetHints":{"allow":["GET"]}}],"collection":[{"href":"https:\/\/urban-clothingstore.com\/en\/wp-json\/wp\/v2\/product"}],"about":[{"href":"https:\/\/urban-clothingstore.com\/en\/wp-json\/wp\/v2\/types\/product"}],"replies":[{"embeddable":true,"href":"https:\/\/urban-clothingstore.com\/en\/wp-json\/wp\/v2\/comments?post=7462"}],"wp:featuredmedia":[{"embeddable":true,"href":"https:\/\/urban-clothingstore.com\/en\/wp-json\/wp\/v2\/media\/7464"}],"wp:attachment":[{"href":"https:\/\/urban-clothingstore.com\/en\/wp-json\/wp\/v2\/media?parent=7462"}],"wp:term":[{"taxonomy":"product_brand","embeddable":true,"href":"https:\/\/urban-clothingstore.com\/en\/wp-json\/wp\/v2\/product_brand?post=7462"},{"taxonomy":"product_cat","embeddable":true,"href":"https:\/\/urban-clothingstore.com\/en\/wp-json\/wp\/v2\/product_cat?post=7462"},{"taxonomy":"product_tag","embeddable":true,"href":"https:\/\/urban-clothingstore.com\/en\/wp-json\/wp\/v2\/product_tag?post=7462"}],"curies":[{"name":"wp","href":"https:\/\/api.w.org\/{rel}","templated":true}]}}