{"id":7516,"date":"2025-10-07T20:24:59","date_gmt":"2025-10-07T20:24:59","guid":{"rendered":"https:\/\/urban-clothingstore.com\/?post_type=product&#038;p=7516"},"modified":"2026-02-26T23:16:08","modified_gmt":"2026-02-26T23:16:08","slug":"xhakete-puffer-dyngjyreshe-kafe-krem-stil-urban-luksoz","status":"publish","type":"product","link":"https:\/\/urban-clothingstore.com\/en\/product\/xhakete-puffer-dyngjyreshe-kafe-krem-stil-urban-luksoz\/","title":{"rendered":"Xhaket\u00eb Puffer Dyngjyr\u00ebshe Kafe &#038; Krem \u2013 Stil Urban Luksoz"},"content":{"rendered":"<p data-start=\"382\" data-end=\"813\">Xhaket\u00eb puffer dyngjyr\u00ebshe me kombinim elegant t\u00eb kremit dhe kafes s\u00eb hapur, dizajnuar p\u00ebr nj\u00eb pamje urbane me prekje luksi. Pjesa e sip\u00ebrme me tekstur\u00eb kashmiri i jep fines\u00eb, nd\u00ebrsa materialet e buta dhe t\u00eb ngrohta ofrojn\u00eb rehati maksimale gjat\u00eb dit\u00ebve t\u00eb ftohta. Me mbyllje me zip, kapu\u00e7 funksional dhe xhepa praktik\u00eb an\u00ebsor\u00eb, kjo xhaket\u00eb \u00ebsht\u00eb zgjedhja ideale p\u00ebr meshkujt q\u00eb k\u00ebrkojn\u00eb eleganc\u00eb dhe ngroht\u00ebsi n\u00eb nj\u00eb produkt unik.<\/p>\n<p data-start=\"815\" data-end=\"839\"><strong data-start=\"815\" data-end=\"837\">Ve\u00e7orit\u00eb kryesore:<\/strong><\/p>\n<ul data-start=\"840\" data-end=\"1107\">\n<li data-start=\"840\" data-end=\"881\">\n<p data-start=\"842\" data-end=\"881\">Kombinim ngjyrash krem &amp; kafe e hapur<\/p>\n<\/li>\n<li data-start=\"882\" data-end=\"940\">\n<p data-start=\"884\" data-end=\"940\">Material i jasht\u00ebm me prekje leshi (tekstur\u00eb kashmiri)<\/p>\n<\/li>\n<li data-start=\"941\" data-end=\"975\">\n<p data-start=\"943\" data-end=\"975\">Kapu\u00e7 funksional dhe i ngroht\u00eb<\/p>\n<\/li>\n<li data-start=\"976\" data-end=\"1003\">\n<p data-start=\"978\" data-end=\"1003\">Mbyllje me zip t\u00eb plot\u00eb<\/p>\n<\/li>\n<li data-start=\"1004\" data-end=\"1030\">\n<p data-start=\"1006\" data-end=\"1030\">Xhepa an\u00ebsor\u00eb praktik\u00eb<\/p>\n<\/li>\n<li data-start=\"1031\" data-end=\"1069\">\n<p data-start=\"1033\" data-end=\"1069\">Pjes\u00eb fundore me rregullim elastik<\/p>\n<\/li>\n<li data-start=\"1070\" data-end=\"1107\">\n<p data-start=\"1072\" data-end=\"1107\">Stil modern urban me prekje luksi<\/p>\n<\/li>\n<\/ul>","protected":false},"excerpt":{"rendered":"<p>Xhaket\u00eb puffer dyngjyr\u00ebshe me kombinim elegant t\u00eb kremit dhe kafes s\u00eb hapur, dizajnuar p\u00ebr nj\u00eb pamje urbane me prekje luksi. Pjesa e sip\u00ebrme me tekstur\u00eb kashmiri i jep fines\u00eb, nd\u00ebrsa materialet e buta dhe t\u00eb ngrohta ofrojn\u00eb rehati maksimale gjat\u00eb dit\u00ebve t\u00eb ftohta. Me mbyllje me zip, kapu\u00e7 funksional dhe xhepa praktik\u00eb an\u00ebsor\u00eb, kjo xhaket\u00eb [&hellip;]<\/p>","protected":false},"featured_media":7517,"comment_status":"open","ping_status":"closed","template":"","meta":[],"product_brand":[],"product_cat":[25],"product_tag":[372,373,359,312],"class_list":{"0":"post-7516","1":"product","2":"type-product","3":"status-publish","4":"has-post-thumbnail","6":"product_cat-jackets","7":"product_tag-dyngjyresh","8":"product_tag-kafekrem","9":"product_tag-puffer","10":"product_tag-xhakete","12":"first","13":"outofstock","14":"taxable","15":"shipping-taxable","16":"purchasable","17":"product-type-variable"},"jetpack_sharing_enabled":true,"_links":{"self":[{"href":"https:\/\/urban-clothingstore.com\/en\/wp-json\/wp\/v2\/product\/7516","targetHints":{"allow":["GET"]}}],"collection":[{"href":"https:\/\/urban-clothingstore.com\/en\/wp-json\/wp\/v2\/product"}],"about":[{"href":"https:\/\/urban-clothingstore.com\/en\/wp-json\/wp\/v2\/types\/product"}],"replies":[{"embeddable":true,"href":"https:\/\/urban-clothingstore.com\/en\/wp-json\/wp\/v2\/comments?post=7516"}],"wp:featuredmedia":[{"embeddable":true,"href":"https:\/\/urban-clothingstore.com\/en\/wp-json\/wp\/v2\/media\/7517"}],"wp:attachment":[{"href":"https:\/\/urban-clothingstore.com\/en\/wp-json\/wp\/v2\/media?parent=7516"}],"wp:term":[{"taxonomy":"product_brand","embeddable":true,"href":"https:\/\/urban-clothingstore.com\/en\/wp-json\/wp\/v2\/product_brand?post=7516"},{"taxonomy":"product_cat","embeddable":true,"href":"https:\/\/urban-clothingstore.com\/en\/wp-json\/wp\/v2\/product_cat?post=7516"},{"taxonomy":"product_tag","embeddable":true,"href":"https:\/\/urban-clothingstore.com\/en\/wp-json\/wp\/v2\/product_tag?post=7516"}],"curies":[{"name":"wp","href":"https:\/\/api.w.org\/{rel}","templated":true}]}}