{"id":7616,"date":"2025-10-15T12:18:43","date_gmt":"2025-10-15T12:18:43","guid":{"rendered":"https:\/\/urban-clothingstore.com\/?post_type=product&#038;p=7616"},"modified":"2026-03-09T21:56:12","modified_gmt":"2026-03-09T21:56:12","slug":"golf-blu-navy-premium-elegance-urbane-stil-minimalist","status":"publish","type":"product","link":"https:\/\/urban-clothingstore.com\/en\/product\/golf-blu-navy-premium-elegance-urbane-stil-minimalist\/","title":{"rendered":"Golf Blu Navy Premium \u2013 Eleganc\u00eb Urbane &#038; Stil Minimalist"},"content":{"rendered":"<p data-start=\"346\" data-end=\"698\">Ky golf blu navy p\u00ebrfaq\u00ebson kombinimin perfekt mes fines\u00ebs dhe stilit modern. Materiali premium me struktur\u00eb t\u00eb but\u00eb siguron rehati maksimale, nd\u00ebrsa prerja elegante p\u00ebrshtatet natyrsh\u00ebm me trupin duke krijuar nj\u00eb pamje t\u00eb past\u00ebr dhe luksoze.<br data-start=\"588\" data-end=\"591\" \/>Ideale p\u00ebr t\u2019u kombinuar me pantallona bezh\u00eb, gri ose xhinse p\u00ebr nj\u00eb stil urban me klas.<br data-start=\"679\" data-end=\"682\" \/>\ud83c\udf00 <strong data-start=\"685\" data-end=\"696\">Detaje:<\/strong><\/p>\n<ul data-start=\"699\" data-end=\"928\">\n<li data-start=\"699\" data-end=\"743\">\n<p data-start=\"701\" data-end=\"743\">Material premium me elasticitet t\u00eb leht\u00eb<\/p>\n<\/li>\n<li data-start=\"744\" data-end=\"790\">\n<p data-start=\"746\" data-end=\"790\">Jak\u00eb e lart\u00eb klasike p\u00ebr pamje t\u00eb rafinuar<\/p>\n<\/li>\n<li data-start=\"791\" data-end=\"837\">\n<p data-start=\"793\" data-end=\"837\">Prerje e drejt\u00eb dhe e p\u00ebrshtatur me trupin<\/p>\n<\/li>\n<li data-start=\"838\" data-end=\"889\">\n<p data-start=\"840\" data-end=\"889\">Ndjesi luksoze dhe komoditet gjat\u00eb gjith\u00eb dit\u00ebs<\/p>\n<\/li>\n<li data-start=\"890\" data-end=\"928\">\n<p data-start=\"892\" data-end=\"928\">Produkt nga <strong data-start=\"904\" data-end=\"928\">Urban Clothing Store<\/strong><\/p>\n<\/li>\n<\/ul>","protected":false},"excerpt":{"rendered":"<p>Ky golf blu navy p\u00ebrfaq\u00ebson kombinimin perfekt mes fines\u00ebs dhe stilit modern. Materiali premium me struktur\u00eb t\u00eb but\u00eb siguron rehati maksimale, nd\u00ebrsa prerja elegante p\u00ebrshtatet natyrsh\u00ebm me trupin duke krijuar nj\u00eb pamje t\u00eb past\u00ebr dhe luksoze.Ideale p\u00ebr t\u2019u kombinuar me pantallona bezh\u00eb, gri ose xhinse p\u00ebr nj\u00eb stil urban me klas.\ud83c\udf00 Detaje: Material premium me [&hellip;]<\/p>","protected":false},"featured_media":7617,"comment_status":"open","ping_status":"closed","template":"","meta":[],"product_brand":[],"product_cat":[26],"product_tag":[335,339,375,57],"class_list":{"0":"post-7616","1":"product","2":"type-product","3":"status-publish","4":"has-post-thumbnail","6":"product_cat-sweater","7":"product_tag-elegante","8":"product_tag-ngjyr-teget","9":"product_tag-rrollke","10":"product_tag-slimfit","12":"first","13":"instock","14":"sale","15":"taxable","16":"shipping-taxable","17":"purchasable","18":"product-type-variable"},"jetpack_sharing_enabled":true,"_links":{"self":[{"href":"https:\/\/urban-clothingstore.com\/en\/wp-json\/wp\/v2\/product\/7616","targetHints":{"allow":["GET"]}}],"collection":[{"href":"https:\/\/urban-clothingstore.com\/en\/wp-json\/wp\/v2\/product"}],"about":[{"href":"https:\/\/urban-clothingstore.com\/en\/wp-json\/wp\/v2\/types\/product"}],"replies":[{"embeddable":true,"href":"https:\/\/urban-clothingstore.com\/en\/wp-json\/wp\/v2\/comments?post=7616"}],"wp:featuredmedia":[{"embeddable":true,"href":"https:\/\/urban-clothingstore.com\/en\/wp-json\/wp\/v2\/media\/7617"}],"wp:attachment":[{"href":"https:\/\/urban-clothingstore.com\/en\/wp-json\/wp\/v2\/media?parent=7616"}],"wp:term":[{"taxonomy":"product_brand","embeddable":true,"href":"https:\/\/urban-clothingstore.com\/en\/wp-json\/wp\/v2\/product_brand?post=7616"},{"taxonomy":"product_cat","embeddable":true,"href":"https:\/\/urban-clothingstore.com\/en\/wp-json\/wp\/v2\/product_cat?post=7616"},{"taxonomy":"product_tag","embeddable":true,"href":"https:\/\/urban-clothingstore.com\/en\/wp-json\/wp\/v2\/product_tag?post=7616"}],"curies":[{"name":"wp","href":"https:\/\/api.w.org\/{rel}","templated":true}]}}