{"id":7650,"date":"2025-10-15T13:34:32","date_gmt":"2025-10-15T13:34:32","guid":{"rendered":"https:\/\/urban-clothingstore.com\/?post_type=product&#038;p=7650"},"modified":"2026-03-09T21:50:38","modified_gmt":"2026-03-09T21:50:38","slug":"polo-golf-i-zi-premium-elegance-klasike-stil-minimalist","status":"publish","type":"product","link":"https:\/\/urban-clothingstore.com\/en\/product\/polo-golf-i-zi-premium-elegance-klasike-stil-minimalist\/","title":{"rendered":"Polo Golf i Zi Premium Oversize  \u2013 Eleganc\u00eb Klasike &#038; Stil Minimalist"},"content":{"rendered":"<p data-start=\"445\" data-end=\"820\">Ky polo golf i zi me tre pulla \u00ebsht\u00eb p\u00ebrkufizimi i stilit modern urban. I punuar nga material premium me ndjesi t\u00eb but\u00eb dhe struktur\u00eb t\u00eb dendur, ky model ofron komoditet dhe eleganc\u00eb n\u00eb \u00e7do situat\u00eb. Jak\u00eb klasike, kopsa diskrete dhe prerje e rregullt q\u00eb p\u00ebrshtatet natyrsh\u00ebm me trupin.<br data-start=\"729\" data-end=\"732\" \/>Nj\u00eb pjes\u00eb bazike q\u00eb nuk mungon n\u00eb garderob\u00ebn e nj\u00eb stili t\u00eb rafinuar.<br data-start=\"801\" data-end=\"804\" \/>\ud83d\udda4 <strong data-start=\"807\" data-end=\"818\">Detaje:<\/strong><\/p>\n<ul data-start=\"821\" data-end=\"1044\">\n<li data-start=\"821\" data-end=\"863\">\n<p data-start=\"823\" data-end=\"863\">Material cil\u00ebsor, i but\u00eb dhe rezistent<\/p>\n<\/li>\n<li data-start=\"864\" data-end=\"914\">\n<p data-start=\"866\" data-end=\"914\">Tre pulla n\u00eb pjes\u00ebn e p\u00ebrparme p\u00ebr stil klasik<\/p>\n<\/li>\n<li data-start=\"915\" data-end=\"961\">\n<p data-start=\"917\" data-end=\"961\">Jak\u00eb polo elegante me form\u00eb t\u00eb q\u00ebndrueshme<\/p>\n<\/li>\n<li data-start=\"962\" data-end=\"1005\">\n<p data-start=\"964\" data-end=\"1005\">Prerje e rregullt me p\u00ebrshtatje moderne<\/p>\n<\/li>\n<li data-start=\"1006\" data-end=\"1044\">\n<p data-start=\"1008\" data-end=\"1044\">Produkt nga <strong data-start=\"1020\" data-end=\"1044\">Urban Clothing Store<\/strong><\/p>\n<\/li>\n<\/ul>","protected":false},"excerpt":{"rendered":"<p>Ky polo golf i zi me tre pulla \u00ebsht\u00eb p\u00ebrkufizimi i stilit modern urban. I punuar nga material premium me ndjesi t\u00eb but\u00eb dhe struktur\u00eb t\u00eb dendur, ky model ofron komoditet dhe eleganc\u00eb n\u00eb \u00e7do situat\u00eb. Jak\u00eb klasike, kopsa diskrete dhe prerje e rregullt q\u00eb p\u00ebrshtatet natyrsh\u00ebm me trupin.Nj\u00eb pjes\u00eb bazike q\u00eb nuk mungon n\u00eb [&hellip;]<\/p>","protected":false},"featured_media":7649,"comment_status":"open","ping_status":"closed","template":"","meta":[],"product_brand":[],"product_cat":[26],"product_tag":[295,335,57],"class_list":{"0":"post-7650","1":"product","2":"type-product","3":"status-publish","4":"has-post-thumbnail","6":"product_cat-sweater","7":"product_tag-bluze","8":"product_tag-elegante","9":"product_tag-slimfit","11":"first","12":"instock","13":"sale","14":"taxable","15":"shipping-taxable","16":"purchasable","17":"product-type-variable"},"jetpack_sharing_enabled":true,"_links":{"self":[{"href":"https:\/\/urban-clothingstore.com\/en\/wp-json\/wp\/v2\/product\/7650","targetHints":{"allow":["GET"]}}],"collection":[{"href":"https:\/\/urban-clothingstore.com\/en\/wp-json\/wp\/v2\/product"}],"about":[{"href":"https:\/\/urban-clothingstore.com\/en\/wp-json\/wp\/v2\/types\/product"}],"replies":[{"embeddable":true,"href":"https:\/\/urban-clothingstore.com\/en\/wp-json\/wp\/v2\/comments?post=7650"}],"wp:featuredmedia":[{"embeddable":true,"href":"https:\/\/urban-clothingstore.com\/en\/wp-json\/wp\/v2\/media\/7649"}],"wp:attachment":[{"href":"https:\/\/urban-clothingstore.com\/en\/wp-json\/wp\/v2\/media?parent=7650"}],"wp:term":[{"taxonomy":"product_brand","embeddable":true,"href":"https:\/\/urban-clothingstore.com\/en\/wp-json\/wp\/v2\/product_brand?post=7650"},{"taxonomy":"product_cat","embeddable":true,"href":"https:\/\/urban-clothingstore.com\/en\/wp-json\/wp\/v2\/product_cat?post=7650"},{"taxonomy":"product_tag","embeddable":true,"href":"https:\/\/urban-clothingstore.com\/en\/wp-json\/wp\/v2\/product_tag?post=7650"}],"curies":[{"name":"wp","href":"https:\/\/api.w.org\/{rel}","templated":true}]}}