{"id":7657,"date":"2025-10-15T13:59:39","date_gmt":"2025-10-15T13:59:39","guid":{"rendered":"https:\/\/urban-clothingstore.com\/?post_type=product&#038;p=7657"},"modified":"2026-03-09T21:49:04","modified_gmt":"2026-03-09T21:49:04","slug":"polo-krem-premium-elegance-minimaliste-stil-klasik","status":"publish","type":"product","link":"https:\/\/urban-clothingstore.com\/en\/product\/polo-krem-premium-elegance-minimaliste-stil-klasik\/","title":{"rendered":"Polo Krem Premium Oversize  \u2013 Eleganc\u00eb Minimaliste &#038; Stil Klasik"},"content":{"rendered":"<p data-start=\"410\" data-end=\"825\">Kjo polo ngjyr\u00eb krem me tre pulla sjell nj\u00eb balanc\u00eb perfekte mes stilit klasik dhe fines\u00ebs moderne. Materiali premium me ndjesi t\u00eb but\u00eb ofron rehati t\u00eb jasht\u00ebzakonshme dhe nj\u00eb pamje t\u00eb past\u00ebr q\u00eb p\u00ebrshtatet p\u00ebr \u00e7do rast \u2013 nga ambientet profesionale deri te daljet elegante.<br data-start=\"682\" data-end=\"685\" \/>Ngjyra neutrale e b\u00ebn t\u00eb leht\u00eb p\u00ebr t\u2019u kombinuar me pantallona t\u00eb err\u00ebta, duke krijuar nj\u00eb pamje t\u00eb rafinuar dhe t\u00eb qet\u00eb.<br data-start=\"806\" data-end=\"809\" \/>\ud83e\udd0d <strong data-start=\"812\" data-end=\"823\">Detaje:<\/strong><\/p>\n<ul data-start=\"826\" data-end=\"1066\">\n<li data-start=\"826\" data-end=\"870\">\n<p data-start=\"828\" data-end=\"870\">Material premium, i but\u00eb dhe i rehatsh\u00ebm<\/p>\n<\/li>\n<li data-start=\"871\" data-end=\"923\">\n<p data-start=\"873\" data-end=\"923\">Tre pulla n\u00eb pjes\u00ebn e p\u00ebrparme p\u00ebr dizajn klasik<\/p>\n<\/li>\n<li data-start=\"924\" data-end=\"970\">\n<p data-start=\"926\" data-end=\"970\">Jak\u00eb polo e strukturuar me prerje elegante<\/p>\n<\/li>\n<li data-start=\"971\" data-end=\"1027\">\n<p data-start=\"973\" data-end=\"1027\">Kombinohet leht\u00eb me pantallona gri, navy apo t\u00eb zeza<\/p>\n<\/li>\n<li data-start=\"1028\" data-end=\"1066\">\n<p data-start=\"1030\" data-end=\"1066\">Produkt nga <strong data-start=\"1042\" data-end=\"1066\">Urban Clothing Store<\/strong><\/p>\n<\/li>\n<\/ul>","protected":false},"excerpt":{"rendered":"<p>Kjo polo ngjyr\u00eb krem me tre pulla sjell nj\u00eb balanc\u00eb perfekte mes stilit klasik dhe fines\u00ebs moderne. Materiali premium me ndjesi t\u00eb but\u00eb ofron rehati t\u00eb jasht\u00ebzakonshme dhe nj\u00eb pamje t\u00eb past\u00ebr q\u00eb p\u00ebrshtatet p\u00ebr \u00e7do rast \u2013 nga ambientet profesionale deri te daljet elegante.Ngjyra neutrale e b\u00ebn t\u00eb leht\u00eb p\u00ebr t\u2019u kombinuar me pantallona [&hellip;]<\/p>","protected":false},"featured_media":7647,"comment_status":"open","ping_status":"closed","template":"","meta":[],"product_brand":[],"product_cat":[26],"product_tag":[295,298,297,310],"class_list":{"0":"post-7657","1":"product","2":"type-product","3":"status-publish","4":"has-post-thumbnail","6":"product_cat-sweater","7":"product_tag-bluze","8":"product_tag-klasike","9":"product_tag-me-jake","10":"product_tag-ngjyre-krem","12":"first","13":"instock","14":"sale","15":"taxable","16":"shipping-taxable","17":"purchasable","18":"product-type-variable"},"jetpack_sharing_enabled":true,"_links":{"self":[{"href":"https:\/\/urban-clothingstore.com\/en\/wp-json\/wp\/v2\/product\/7657","targetHints":{"allow":["GET"]}}],"collection":[{"href":"https:\/\/urban-clothingstore.com\/en\/wp-json\/wp\/v2\/product"}],"about":[{"href":"https:\/\/urban-clothingstore.com\/en\/wp-json\/wp\/v2\/types\/product"}],"replies":[{"embeddable":true,"href":"https:\/\/urban-clothingstore.com\/en\/wp-json\/wp\/v2\/comments?post=7657"}],"wp:featuredmedia":[{"embeddable":true,"href":"https:\/\/urban-clothingstore.com\/en\/wp-json\/wp\/v2\/media\/7647"}],"wp:attachment":[{"href":"https:\/\/urban-clothingstore.com\/en\/wp-json\/wp\/v2\/media?parent=7657"}],"wp:term":[{"taxonomy":"product_brand","embeddable":true,"href":"https:\/\/urban-clothingstore.com\/en\/wp-json\/wp\/v2\/product_brand?post=7657"},{"taxonomy":"product_cat","embeddable":true,"href":"https:\/\/urban-clothingstore.com\/en\/wp-json\/wp\/v2\/product_cat?post=7657"},{"taxonomy":"product_tag","embeddable":true,"href":"https:\/\/urban-clothingstore.com\/en\/wp-json\/wp\/v2\/product_tag?post=7657"}],"curies":[{"name":"wp","href":"https:\/\/api.w.org\/{rel}","templated":true}]}}