{"id":7669,"date":"2025-10-15T14:09:38","date_gmt":"2025-10-15T14:09:38","guid":{"rendered":"https:\/\/urban-clothingstore.com\/?post_type=product&#038;p=7669"},"modified":"2026-03-09T21:47:03","modified_gmt":"2026-03-09T21:47:03","slug":"polo-blu-navy-premium-elegance-klasike-stil-urban","status":"publish","type":"product","link":"https:\/\/urban-clothingstore.com\/en\/product\/polo-blu-navy-premium-elegance-klasike-stil-urban\/","title":{"rendered":"Polo Blu Navy Premium Oversize  \u2013 Eleganc\u00eb Klasike &#038; Stil Urban"},"content":{"rendered":"<p data-start=\"423\" data-end=\"783\">Kjo polo blu navy me tre pulla p\u00ebrfaq\u00ebson fines\u00ebn dhe eleganc\u00ebn moderne. E punuar nga material premium me struktur\u00eb t\u00eb but\u00eb dhe q\u00ebndrueshme, ofron nj\u00eb ndjesi komoditeti t\u00eb lart\u00eb dhe nj\u00eb pamje t\u00eb past\u00ebr q\u00eb p\u00ebrshtatet p\u00ebr \u00e7do rast.<br data-start=\"652\" data-end=\"655\" \/>Ngjyra blu navy sjell klas dhe profesionaliz\u00ebm, duke e b\u00ebr\u00eb perfekte p\u00ebr kombinime urbane apo pamje elegante.<br data-start=\"764\" data-end=\"767\" \/>\ud83d\udc99 <strong data-start=\"770\" data-end=\"781\">Detaje:<\/strong><\/p>\n<ul data-start=\"784\" data-end=\"1022\">\n<li data-start=\"784\" data-end=\"837\">\n<p data-start=\"786\" data-end=\"837\">Material premium me tekstur\u00eb t\u00eb but\u00eb dhe elastike<\/p>\n<\/li>\n<li data-start=\"838\" data-end=\"885\">\n<p data-start=\"840\" data-end=\"885\">Tre pulla p\u00ebr dizajn klasik e t\u00eb p\u00ebrjetsh\u00ebm<\/p>\n<\/li>\n<li data-start=\"886\" data-end=\"932\">\n<p data-start=\"888\" data-end=\"932\">Jak\u00eb polo e strukturuar me prerje elegante<\/p>\n<\/li>\n<li data-start=\"933\" data-end=\"983\">\n<p data-start=\"935\" data-end=\"983\">Kombinohet me pantallona krem, gri apo t\u00eb zeza<\/p>\n<\/li>\n<li data-start=\"984\" data-end=\"1022\">\n<p data-start=\"986\" data-end=\"1022\">Produkt nga <strong data-start=\"998\" data-end=\"1022\">Urban Clothing Store<\/strong><\/p>\n<\/li>\n<\/ul>","protected":false},"excerpt":{"rendered":"<p>Kjo polo blu navy me tre pulla p\u00ebrfaq\u00ebson fines\u00ebn dhe eleganc\u00ebn moderne. E punuar nga material premium me struktur\u00eb t\u00eb but\u00eb dhe q\u00ebndrueshme, ofron nj\u00eb ndjesi komoditeti t\u00eb lart\u00eb dhe nj\u00eb pamje t\u00eb past\u00ebr q\u00eb p\u00ebrshtatet p\u00ebr \u00e7do rast.Ngjyra blu navy sjell klas dhe profesionaliz\u00ebm, duke e b\u00ebr\u00eb perfekte p\u00ebr kombinime urbane apo pamje elegante.\ud83d\udc99 [&hellip;]<\/p>","protected":false},"featured_media":7645,"comment_status":"open","ping_status":"closed","template":"","meta":[],"product_brand":[],"product_cat":[26],"product_tag":[295,298,297,339],"class_list":{"0":"post-7669","1":"product","2":"type-product","3":"status-publish","4":"has-post-thumbnail","6":"product_cat-sweater","7":"product_tag-bluze","8":"product_tag-klasike","9":"product_tag-me-jake","10":"product_tag-ngjyr-teget","12":"first","13":"instock","14":"sale","15":"taxable","16":"shipping-taxable","17":"purchasable","18":"product-type-variable"},"jetpack_sharing_enabled":true,"_links":{"self":[{"href":"https:\/\/urban-clothingstore.com\/en\/wp-json\/wp\/v2\/product\/7669","targetHints":{"allow":["GET"]}}],"collection":[{"href":"https:\/\/urban-clothingstore.com\/en\/wp-json\/wp\/v2\/product"}],"about":[{"href":"https:\/\/urban-clothingstore.com\/en\/wp-json\/wp\/v2\/types\/product"}],"replies":[{"embeddable":true,"href":"https:\/\/urban-clothingstore.com\/en\/wp-json\/wp\/v2\/comments?post=7669"}],"wp:featuredmedia":[{"embeddable":true,"href":"https:\/\/urban-clothingstore.com\/en\/wp-json\/wp\/v2\/media\/7645"}],"wp:attachment":[{"href":"https:\/\/urban-clothingstore.com\/en\/wp-json\/wp\/v2\/media?parent=7669"}],"wp:term":[{"taxonomy":"product_brand","embeddable":true,"href":"https:\/\/urban-clothingstore.com\/en\/wp-json\/wp\/v2\/product_brand?post=7669"},{"taxonomy":"product_cat","embeddable":true,"href":"https:\/\/urban-clothingstore.com\/en\/wp-json\/wp\/v2\/product_cat?post=7669"},{"taxonomy":"product_tag","embeddable":true,"href":"https:\/\/urban-clothingstore.com\/en\/wp-json\/wp\/v2\/product_tag?post=7669"}],"curies":[{"name":"wp","href":"https:\/\/api.w.org\/{rel}","templated":true}]}}