{"id":7675,"date":"2025-10-15T14:13:51","date_gmt":"2025-10-15T14:13:51","guid":{"rendered":"https:\/\/urban-clothingstore.com\/?post_type=product&#038;p=7675"},"modified":"2026-03-09T21:45:44","modified_gmt":"2026-03-09T21:45:44","slug":"polo-gri-premium-elegance-moderne-minimalizem-urban","status":"publish","type":"product","link":"https:\/\/urban-clothingstore.com\/en\/product\/polo-gri-premium-elegance-moderne-minimalizem-urban\/","title":{"rendered":"Polo Gri Premium Oversize  \u2013 Eleganc\u00eb Moderne &#038; Minimaliz\u00ebm Urban"},"content":{"rendered":"<p data-start=\"492\" data-end=\"912\">Kjo polo gri me tre pulla \u00ebsht\u00eb dizajnuar p\u00ebr t\u00eb p\u00ebrfaq\u00ebsuar thjesht\u00ebsin\u00eb luksoze dhe stilin e sofistikuar. E punuar nga material premium me struktur\u00eb t\u00eb but\u00eb, ofron rehati maksimale dhe nj\u00eb siluet\u00eb t\u00eb past\u00ebr q\u00eb p\u00ebrshtatet n\u00eb \u00e7do rast.<br data-start=\"727\" data-end=\"730\" \/>Ngjyra gri neutrale e b\u00ebn k\u00ebt\u00eb model jasht\u00ebzakonisht t\u00eb leht\u00eb p\u00ebr t\u2019u kombinuar me \u00e7do veshje \u2013 perfekte p\u00ebr ambiente urbane, evente elegante apo dit\u00eb pune me stil.<br data-start=\"894\" data-end=\"897\" \/>\u26ab <strong data-start=\"899\" data-end=\"910\">Detaje:<\/strong><\/p>\n<ul data-start=\"913\" data-end=\"1154\">\n<li data-start=\"913\" data-end=\"953\">\n<p data-start=\"915\" data-end=\"953\">Material cil\u00ebsor, i but\u00eb dhe elastik<\/p>\n<\/li>\n<li data-start=\"954\" data-end=\"1006\">\n<p data-start=\"956\" data-end=\"1006\">Tre pulla n\u00eb pjes\u00ebn e p\u00ebrparme p\u00ebr pamje klasike<\/p>\n<\/li>\n<li data-start=\"1007\" data-end=\"1052\">\n<p data-start=\"1009\" data-end=\"1052\">Jak\u00eb polo e strukturuar me prerje moderne<\/p>\n<\/li>\n<li data-start=\"1053\" data-end=\"1115\">\n<p data-start=\"1055\" data-end=\"1115\">Kombinohet bukur me pantallona t\u00eb zeza, bezh\u00eb apo blu navy<\/p>\n<\/li>\n<li data-start=\"1116\" data-end=\"1154\">\n<p data-start=\"1118\" data-end=\"1154\">Produkt nga <strong data-start=\"1130\" data-end=\"1154\">Urban Clothing Store<\/strong><\/p>\n<\/li>\n<\/ul>","protected":false},"excerpt":{"rendered":"<p>Kjo polo gri me tre pulla \u00ebsht\u00eb dizajnuar p\u00ebr t\u00eb p\u00ebrfaq\u00ebsuar thjesht\u00ebsin\u00eb luksoze dhe stilin e sofistikuar. E punuar nga material premium me struktur\u00eb t\u00eb but\u00eb, ofron rehati maksimale dhe nj\u00eb siluet\u00eb t\u00eb past\u00ebr q\u00eb p\u00ebrshtatet n\u00eb \u00e7do rast.Ngjyra gri neutrale e b\u00ebn k\u00ebt\u00eb model jasht\u00ebzakonisht t\u00eb leht\u00eb p\u00ebr t\u2019u kombinuar me \u00e7do veshje \u2013 [&hellip;]<\/p>","protected":false},"featured_media":7676,"comment_status":"open","ping_status":"closed","template":"","meta":[],"product_brand":[],"product_cat":[26],"product_tag":[295,298,297,337],"class_list":{"0":"post-7675","1":"product","2":"type-product","3":"status-publish","4":"has-post-thumbnail","6":"product_cat-sweater","7":"product_tag-bluze","8":"product_tag-klasike","9":"product_tag-me-jake","10":"product_tag-ngjyr-hiri","12":"first","13":"instock","14":"sale","15":"taxable","16":"shipping-taxable","17":"purchasable","18":"product-type-variable"},"jetpack_sharing_enabled":true,"_links":{"self":[{"href":"https:\/\/urban-clothingstore.com\/en\/wp-json\/wp\/v2\/product\/7675","targetHints":{"allow":["GET"]}}],"collection":[{"href":"https:\/\/urban-clothingstore.com\/en\/wp-json\/wp\/v2\/product"}],"about":[{"href":"https:\/\/urban-clothingstore.com\/en\/wp-json\/wp\/v2\/types\/product"}],"replies":[{"embeddable":true,"href":"https:\/\/urban-clothingstore.com\/en\/wp-json\/wp\/v2\/comments?post=7675"}],"wp:featuredmedia":[{"embeddable":true,"href":"https:\/\/urban-clothingstore.com\/en\/wp-json\/wp\/v2\/media\/7676"}],"wp:attachment":[{"href":"https:\/\/urban-clothingstore.com\/en\/wp-json\/wp\/v2\/media?parent=7675"}],"wp:term":[{"taxonomy":"product_brand","embeddable":true,"href":"https:\/\/urban-clothingstore.com\/en\/wp-json\/wp\/v2\/product_brand?post=7675"},{"taxonomy":"product_cat","embeddable":true,"href":"https:\/\/urban-clothingstore.com\/en\/wp-json\/wp\/v2\/product_cat?post=7675"},{"taxonomy":"product_tag","embeddable":true,"href":"https:\/\/urban-clothingstore.com\/en\/wp-json\/wp\/v2\/product_tag?post=7675"}],"curies":[{"name":"wp","href":"https:\/\/api.w.org\/{rel}","templated":true}]}}