{"id":7682,"date":"2025-10-15T14:19:19","date_gmt":"2025-10-15T14:19:19","guid":{"rendered":"https:\/\/urban-clothingstore.com\/?post_type=product&#038;p=7682"},"modified":"2026-03-09T21:45:11","modified_gmt":"2026-03-09T21:45:11","slug":"golf-i-zi-premium-elegance-klasike-stil-minimalist","status":"publish","type":"product","link":"https:\/\/urban-clothingstore.com\/en\/product\/golf-i-zi-premium-elegance-klasike-stil-minimalist\/","title":{"rendered":"Golf i Zi Premium Oversize  \u2013 Eleganc\u00eb Klasike &#038; Stil Minimalist"},"content":{"rendered":"<p data-start=\"446\" data-end=\"772\">Ky golf i zi \u00ebsht\u00eb simbol i thjesht\u00ebsis\u00eb elegante. I punuar nga material premium me ndjesi t\u00eb but\u00eb dhe struktur\u00eb t\u00eb p\u00ebrsosur, ofron komoditet maksimal dhe p\u00ebrshtatje ideale me trupin. Prerja e drejt\u00eb dhe jak\u00eb e lart\u00eb klasike e b\u00ebjn\u00eb k\u00ebt\u00eb pjes\u00eb perfekte p\u00ebr \u00e7do rast \u2014 nga stili urban deri te daljet formale.<br data-start=\"753\" data-end=\"756\" \/>\ud83d\udda4 <strong data-start=\"759\" data-end=\"770\">Detaje:<\/strong><\/p>\n<ul data-start=\"773\" data-end=\"991\">\n<li data-start=\"773\" data-end=\"813\">\n<p data-start=\"775\" data-end=\"813\">Material cil\u00ebsor, i but\u00eb dhe elastik<\/p>\n<\/li>\n<li data-start=\"814\" data-end=\"860\">\n<p data-start=\"816\" data-end=\"860\">Jak\u00eb e lart\u00eb klasike p\u00ebr pamje t\u00eb rafinuar<\/p>\n<\/li>\n<li data-start=\"861\" data-end=\"901\">\n<p data-start=\"863\" data-end=\"901\">Prerje e past\u00ebr, p\u00ebrshtatje elegante<\/p>\n<\/li>\n<li data-start=\"902\" data-end=\"952\">\n<p data-start=\"904\" data-end=\"952\">Kombinohet me pantallona gri, bezh\u00eb apo xhinse<\/p>\n<\/li>\n<li data-start=\"953\" data-end=\"991\">\n<p data-start=\"955\" data-end=\"991\">Produkt nga <strong data-start=\"967\" data-end=\"991\">Urban Clothing Store<\/strong><\/p>\n<\/li>\n<\/ul>","protected":false},"excerpt":{"rendered":"<p>Ky golf i zi \u00ebsht\u00eb simbol i thjesht\u00ebsis\u00eb elegante. I punuar nga material premium me ndjesi t\u00eb but\u00eb dhe struktur\u00eb t\u00eb p\u00ebrsosur, ofron komoditet maksimal dhe p\u00ebrshtatje ideale me trupin. Prerja e drejt\u00eb dhe jak\u00eb e lart\u00eb klasike e b\u00ebjn\u00eb k\u00ebt\u00eb pjes\u00eb perfekte p\u00ebr \u00e7do rast \u2014 nga stili urban deri te daljet formale.\ud83d\udda4 Detaje: [&hellip;]<\/p>","protected":false},"featured_media":7685,"comment_status":"open","ping_status":"closed","template":"","meta":[],"product_brand":[],"product_cat":[26],"product_tag":[298,302,33,375],"class_list":{"0":"post-7682","1":"product","2":"type-product","3":"status-publish","4":"has-post-thumbnail","6":"product_cat-sweater","7":"product_tag-klasike","8":"product_tag-ngjyre-e-zeze","9":"product_tag-oversize","10":"product_tag-rrollke","12":"first","13":"instock","14":"sale","15":"taxable","16":"shipping-taxable","17":"purchasable","18":"product-type-variable"},"jetpack_sharing_enabled":true,"_links":{"self":[{"href":"https:\/\/urban-clothingstore.com\/en\/wp-json\/wp\/v2\/product\/7682","targetHints":{"allow":["GET"]}}],"collection":[{"href":"https:\/\/urban-clothingstore.com\/en\/wp-json\/wp\/v2\/product"}],"about":[{"href":"https:\/\/urban-clothingstore.com\/en\/wp-json\/wp\/v2\/types\/product"}],"replies":[{"embeddable":true,"href":"https:\/\/urban-clothingstore.com\/en\/wp-json\/wp\/v2\/comments?post=7682"}],"wp:featuredmedia":[{"embeddable":true,"href":"https:\/\/urban-clothingstore.com\/en\/wp-json\/wp\/v2\/media\/7685"}],"wp:attachment":[{"href":"https:\/\/urban-clothingstore.com\/en\/wp-json\/wp\/v2\/media?parent=7682"}],"wp:term":[{"taxonomy":"product_brand","embeddable":true,"href":"https:\/\/urban-clothingstore.com\/en\/wp-json\/wp\/v2\/product_brand?post=7682"},{"taxonomy":"product_cat","embeddable":true,"href":"https:\/\/urban-clothingstore.com\/en\/wp-json\/wp\/v2\/product_cat?post=7682"},{"taxonomy":"product_tag","embeddable":true,"href":"https:\/\/urban-clothingstore.com\/en\/wp-json\/wp\/v2\/product_tag?post=7682"}],"curies":[{"name":"wp","href":"https:\/\/api.w.org\/{rel}","templated":true}]}}