{"id":7704,"date":"2025-10-15T15:08:16","date_gmt":"2025-10-15T15:08:16","guid":{"rendered":"https:\/\/urban-clothingstore.com\/?post_type=product&#038;p=7704"},"modified":"2026-03-09T21:40:48","modified_gmt":"2026-03-09T21:40:48","slug":"polo-zip-krem-premium-elegance-moderne-stil-i-perjetshem","status":"publish","type":"product","link":"https:\/\/urban-clothingstore.com\/en\/product\/polo-zip-krem-premium-elegance-moderne-stil-i-perjetshem\/","title":{"rendered":"Polo Zip Krem Premium Oversize  \u2013 Eleganc\u00eb Moderne &#038; Stil i P\u00ebrjetsh\u00ebm"},"content":{"rendered":"<blockquote>\n<p data-start=\"363\" data-end=\"692\">Ky polo zip krem p\u00ebrfaq\u00ebson balanc\u00ebn perfekte mes fines\u00ebs klasike dhe rehatis\u00eb moderne. Me material premium dhe p\u00ebrfundim t\u00eb but\u00eb, ofron ndjesi luksi dhe komoditet gjat\u00eb gjith\u00eb dit\u00ebs. Zinxhiri metalik shton nj\u00eb detaj elegant q\u00eb e b\u00ebn k\u00ebt\u00eb model perfekt p\u00ebr kombinime urbane, \u201csmart casual\u201d apo veshje elegante.<br data-start=\"673\" data-end=\"676\" \/>\ud83e\udd0d <strong data-start=\"679\" data-end=\"690\">Detaje:<\/strong><\/p>\n<ul data-start=\"693\" data-end=\"931\">\n<li data-start=\"693\" data-end=\"754\">\n<p data-start=\"695\" data-end=\"754\">Material premium me ndjesi t\u00eb but\u00eb dhe tekstur\u00eb t\u00eb dendur<\/p>\n<\/li>\n<li data-start=\"755\" data-end=\"802\">\n<p data-start=\"757\" data-end=\"802\">Zinxhir metalik krom p\u00ebr nj\u00eb prekje moderne<\/p>\n<\/li>\n<li data-start=\"803\" data-end=\"847\">\n<p data-start=\"805\" data-end=\"847\">Jak\u00eb me form\u00eb klasike q\u00eb ruan struktur\u00ebn<\/p>\n<\/li>\n<li data-start=\"848\" data-end=\"892\">\n<p data-start=\"850\" data-end=\"892\">P\u00ebrshtatje elegante dhe siluet\u00eb e past\u00ebr<\/p>\n<\/li>\n<li data-start=\"893\" data-end=\"931\">\n<p data-start=\"895\" data-end=\"931\">Produkt nga <strong data-start=\"907\" data-end=\"931\">Urban Clothing Store<\/strong><\/p>\n<\/li>\n<\/ul>\n<\/blockquote>","protected":false},"excerpt":{"rendered":"<p>Ky polo zip krem p\u00ebrfaq\u00ebson balanc\u00ebn perfekte mes fines\u00ebs klasike dhe rehatis\u00eb moderne. Me material premium dhe p\u00ebrfundim t\u00eb but\u00eb, ofron ndjesi luksi dhe komoditet gjat\u00eb gjith\u00eb dit\u00ebs. Zinxhiri metalik shton nj\u00eb detaj elegant q\u00eb e b\u00ebn k\u00ebt\u00eb model perfekt p\u00ebr kombinime urbane, \u201csmart casual\u201d apo veshje elegante.\ud83e\udd0d Detaje: Material premium me ndjesi t\u00eb but\u00eb [&hellip;]<\/p>","protected":false},"featured_media":7709,"comment_status":"open","ping_status":"closed","template":"","meta":[],"product_brand":[],"product_cat":[26],"product_tag":[295,364,298,344,57],"class_list":{"0":"post-7704","1":"product","2":"type-product","3":"status-publish","4":"has-post-thumbnail","6":"product_cat-sweater","7":"product_tag-bluze","8":"product_tag-gjysmezip","9":"product_tag-klasike","10":"product_tag-ngjyr-bezhe","11":"product_tag-slimfit","13":"first","14":"instock","15":"sale","16":"taxable","17":"shipping-taxable","18":"purchasable","19":"product-type-variable"},"jetpack_sharing_enabled":true,"_links":{"self":[{"href":"https:\/\/urban-clothingstore.com\/en\/wp-json\/wp\/v2\/product\/7704","targetHints":{"allow":["GET"]}}],"collection":[{"href":"https:\/\/urban-clothingstore.com\/en\/wp-json\/wp\/v2\/product"}],"about":[{"href":"https:\/\/urban-clothingstore.com\/en\/wp-json\/wp\/v2\/types\/product"}],"replies":[{"embeddable":true,"href":"https:\/\/urban-clothingstore.com\/en\/wp-json\/wp\/v2\/comments?post=7704"}],"wp:featuredmedia":[{"embeddable":true,"href":"https:\/\/urban-clothingstore.com\/en\/wp-json\/wp\/v2\/media\/7709"}],"wp:attachment":[{"href":"https:\/\/urban-clothingstore.com\/en\/wp-json\/wp\/v2\/media?parent=7704"}],"wp:term":[{"taxonomy":"product_brand","embeddable":true,"href":"https:\/\/urban-clothingstore.com\/en\/wp-json\/wp\/v2\/product_brand?post=7704"},{"taxonomy":"product_cat","embeddable":true,"href":"https:\/\/urban-clothingstore.com\/en\/wp-json\/wp\/v2\/product_cat?post=7704"},{"taxonomy":"product_tag","embeddable":true,"href":"https:\/\/urban-clothingstore.com\/en\/wp-json\/wp\/v2\/product_tag?post=7704"}],"curies":[{"name":"wp","href":"https:\/\/api.w.org\/{rel}","templated":true}]}}