{"id":7715,"date":"2025-10-15T15:16:15","date_gmt":"2025-10-15T15:16:15","guid":{"rendered":"https:\/\/urban-clothingstore.com\/?post_type=product&#038;p=7715"},"modified":"2026-03-09T21:42:39","modified_gmt":"2026-03-09T21:42:39","slug":"polo-zip-blu-navy-premium-elegance-klasike-stil-urban","status":"publish","type":"product","link":"https:\/\/urban-clothingstore.com\/en\/product\/polo-zip-blu-navy-premium-elegance-klasike-stil-urban\/","title":{"rendered":"Polo Zip Blu Navy Premium Oversize  \u2013 Eleganc\u00eb Klasike &#038; Stil Urban"},"content":{"rendered":"<article class=\"text-token-text-primary w-full focus:outline-none [--shadow-height:45px] has-data-writing-block:pointer-events-none has-data-writing-block:-mt-(--shadow-height) has-data-writing-block:pt-(--shadow-height) [&amp;:has([data-writing-block])&gt;*]:pointer-events-auto [content-visibility:auto] supports-[content-visibility:auto]:[contain-intrinsic-size:auto_100lvh] scroll-mt-[calc(var(--header-height)+min(200px,max(70px,20svh)))]\" dir=\"auto\" tabindex=\"-1\" data-turn-id=\"request-68ef8a11-060c-8330-9839-3e06199021a0-3\" data-testid=\"conversation-turn-34\" data-scroll-anchor=\"true\" data-turn=\"assistant\">\n<div class=\"text-base my-auto mx-auto pb-10 [--thread-content-margin:--spacing(4)] thread-sm:[--thread-content-margin:--spacing(6)] thread-lg:[--thread-content-margin:--spacing(16)] px-(--thread-content-margin)\">\n<div class=\"[--thread-content-max-width:40rem] thread-lg:[--thread-content-max-width:48rem] mx-auto max-w-(--thread-content-max-width) flex-1 group\/turn-messages focus-visible:outline-hidden relative flex w-full min-w-0 flex-col agent-turn\" tabindex=\"-1\">\n<div class=\"flex max-w-full flex-col grow\">\n<div class=\"min-h-8 text-message relative flex w-full flex-col items-end gap-2 text-start break-words whitespace-normal [.text-message+&amp;]:mt-1\" dir=\"auto\" data-message-author-role=\"assistant\" data-message-id=\"b5f293a7-cf94-45af-a4c6-f8a2f3739a0d\" data-message-model-slug=\"gpt-5\">\n<div class=\"flex w-full flex-col gap-1 empty:hidden first:pt-[1px]\">\n<div class=\"markdown prose dark:prose-invert w-full break-words light markdown-new-styling\">\n<p data-start=\"315\" data-end=\"663\">Ky polo zip blu navy p\u00ebrfaq\u00ebson fines\u00ebn moderne me nj\u00eb prekje klasike. Me material premium dhe tekstur\u00eb t\u00eb but\u00eb, ofron nj\u00eb ndjesi komode dhe nj\u00eb pamje t\u00eb past\u00ebr q\u00eb p\u00ebrshtatet n\u00eb \u00e7do rast. Zinxhiri metalik i kromuar shton nj\u00eb detaj luksoz, duke e b\u00ebr\u00eb k\u00ebt\u00eb model ideal p\u00ebr kombinime urbane, profesionale apo t\u00eb p\u00ebrditshme me stil.<br data-start=\"644\" data-end=\"647\" \/>\ud83d\udc99 <strong data-start=\"650\" data-end=\"661\">Detaje:<\/strong><\/p>\n<ul data-start=\"664\" data-end=\"872\">\n<li data-start=\"664\" data-end=\"718\">\n<p data-start=\"666\" data-end=\"718\">Material premium me tekstur\u00eb t\u00eb but\u00eb dhe t\u00eb dendur<\/p>\n<\/li>\n<li data-start=\"719\" data-end=\"761\">\n<p data-start=\"721\" data-end=\"761\">Zinxhir metalik krom p\u00ebr detaj elegant<\/p>\n<\/li>\n<li data-start=\"762\" data-end=\"796\">\n<p data-start=\"764\" data-end=\"796\">Jak\u00eb klasike me prerje moderne<\/p>\n<\/li>\n<li data-start=\"797\" data-end=\"833\">\n<p data-start=\"799\" data-end=\"833\">P\u00ebrshtatje e past\u00ebr dhe elegante<\/p>\n<\/li>\n<li data-start=\"834\" data-end=\"872\">\n<p data-start=\"836\" data-end=\"872\">Produkt nga <strong data-start=\"848\" data-end=\"872\">Urban Clothing Store<\/strong><\/p>\n<\/li>\n<\/ul>\n<hr data-start=\"874\" data-end=\"877\" \/>\n<hr data-start=\"1499\" data-end=\"1502\" \/>\n<\/div>\n<\/div>\n<\/div>\n<\/div>\n<div class=\"z-0 flex min-h-[46px] justify-start\"><\/div>\n<div class=\"mt-3 w-full empty:hidden\">\n<div class=\"text-center\"><\/div>\n<\/div>\n<\/div>\n<\/div>\n<\/article>\n<div class=\"pointer-events-none h-px w-px\" aria-hidden=\"true\" data-edge=\"true\"><\/div>","protected":false},"excerpt":{"rendered":"<p>Ky polo zip blu navy p\u00ebrfaq\u00ebson fines\u00ebn moderne me nj\u00eb prekje klasike. Me material premium dhe tekstur\u00eb t\u00eb but\u00eb, ofron nj\u00eb ndjesi komode dhe nj\u00eb pamje t\u00eb past\u00ebr q\u00eb p\u00ebrshtatet n\u00eb \u00e7do rast. Zinxhiri metalik i kromuar shton nj\u00eb detaj luksoz, duke e b\u00ebr\u00eb k\u00ebt\u00eb model ideal p\u00ebr kombinime urbane, profesionale apo t\u00eb p\u00ebrditshme me [&hellip;]<\/p>","protected":false},"featured_media":7708,"comment_status":"open","ping_status":"closed","template":"","meta":[],"product_brand":[],"product_cat":[26],"product_tag":[295,364,298,339],"class_list":{"0":"post-7715","1":"product","2":"type-product","3":"status-publish","4":"has-post-thumbnail","6":"product_cat-sweater","7":"product_tag-bluze","8":"product_tag-gjysmezip","9":"product_tag-klasike","10":"product_tag-ngjyr-teget","12":"first","13":"instock","14":"sale","15":"taxable","16":"shipping-taxable","17":"purchasable","18":"product-type-variable"},"jetpack_sharing_enabled":true,"_links":{"self":[{"href":"https:\/\/urban-clothingstore.com\/en\/wp-json\/wp\/v2\/product\/7715","targetHints":{"allow":["GET"]}}],"collection":[{"href":"https:\/\/urban-clothingstore.com\/en\/wp-json\/wp\/v2\/product"}],"about":[{"href":"https:\/\/urban-clothingstore.com\/en\/wp-json\/wp\/v2\/types\/product"}],"replies":[{"embeddable":true,"href":"https:\/\/urban-clothingstore.com\/en\/wp-json\/wp\/v2\/comments?post=7715"}],"wp:featuredmedia":[{"embeddable":true,"href":"https:\/\/urban-clothingstore.com\/en\/wp-json\/wp\/v2\/media\/7708"}],"wp:attachment":[{"href":"https:\/\/urban-clothingstore.com\/en\/wp-json\/wp\/v2\/media?parent=7715"}],"wp:term":[{"taxonomy":"product_brand","embeddable":true,"href":"https:\/\/urban-clothingstore.com\/en\/wp-json\/wp\/v2\/product_brand?post=7715"},{"taxonomy":"product_cat","embeddable":true,"href":"https:\/\/urban-clothingstore.com\/en\/wp-json\/wp\/v2\/product_cat?post=7715"},{"taxonomy":"product_tag","embeddable":true,"href":"https:\/\/urban-clothingstore.com\/en\/wp-json\/wp\/v2\/product_tag?post=7715"}],"curies":[{"name":"wp","href":"https:\/\/api.w.org\/{rel}","templated":true}]}}