{"id":7721,"date":"2025-10-15T15:22:46","date_gmt":"2025-10-15T15:22:46","guid":{"rendered":"https:\/\/urban-clothingstore.com\/?post_type=product&#038;p=7721"},"modified":"2026-03-09T21:40:15","modified_gmt":"2026-03-09T21:40:15","slug":"polo-zip-e-zeze-premium-elegance-urbane-minimalizem-modern","status":"publish","type":"product","link":"https:\/\/urban-clothingstore.com\/en\/product\/polo-zip-e-zeze-premium-elegance-urbane-minimalizem-modern\/","title":{"rendered":"Polo Zip e Zez\u00eb Premium Oversize  \u2013 Eleganc\u00eb Urbane &#038; Minimaliz\u00ebm Modern"},"content":{"rendered":"<p data-start=\"405\" data-end=\"758\">Kjo polo zip e zez\u00eb \u00ebsht\u00eb thelbi i stilit t\u00eb p\u00ebrjetsh\u00ebm dhe rafinimit modern. E punuar nga material premium me ndjesi t\u00eb but\u00eb dhe tekstur\u00eb t\u00eb dendur, ofron rehati dhe pamje t\u00eb sofistikuar p\u00ebr \u00e7do rast. Zinxhiri metalik krom shton nj\u00eb detaj luksoz, duke e b\u00ebr\u00eb k\u00ebt\u00eb pjes\u00eb perfekte p\u00ebr pamje \u201csmart casual\u201d, zyrtare apo elegante urbane.<br data-start=\"739\" data-end=\"742\" \/>\ud83d\udda4 <strong data-start=\"745\" data-end=\"756\">Detaje:<\/strong><\/p>\n<ul data-start=\"759\" data-end=\"979\">\n<li data-start=\"759\" data-end=\"807\">\n<p data-start=\"761\" data-end=\"807\">Material cil\u00ebsor me struktur\u00eb t\u00eb q\u00ebndrueshme<\/p>\n<\/li>\n<li data-start=\"808\" data-end=\"854\">\n<p data-start=\"810\" data-end=\"854\">Zinxhir metalik krom p\u00ebr p\u00ebrfundim elegant<\/p>\n<\/li>\n<li data-start=\"855\" data-end=\"891\">\n<p data-start=\"857\" data-end=\"891\">Jak\u00eb klasike me prerje t\u00eb past\u00ebr<\/p>\n<\/li>\n<li data-start=\"892\" data-end=\"940\">\n<p data-start=\"894\" data-end=\"940\">P\u00ebrshtatje elegante q\u00eb ndjek linjat e trupit<\/p>\n<\/li>\n<li data-start=\"941\" data-end=\"979\">\n<p data-start=\"943\" data-end=\"979\">Produkt nga <strong data-start=\"955\" data-end=\"979\">Urban Clothing Store<\/strong><\/p>\n<\/li>\n<\/ul>","protected":false},"excerpt":{"rendered":"<p>Kjo polo zip e zez\u00eb \u00ebsht\u00eb thelbi i stilit t\u00eb p\u00ebrjetsh\u00ebm dhe rafinimit modern. E punuar nga material premium me ndjesi t\u00eb but\u00eb dhe tekstur\u00eb t\u00eb dendur, ofron rehati dhe pamje t\u00eb sofistikuar p\u00ebr \u00e7do rast. Zinxhiri metalik krom shton nj\u00eb detaj luksoz, duke e b\u00ebr\u00eb k\u00ebt\u00eb pjes\u00eb perfekte p\u00ebr pamje \u201csmart casual\u201d, zyrtare apo [&hellip;]<\/p>","protected":false},"featured_media":7707,"comment_status":"open","ping_status":"closed","template":"","meta":[],"product_brand":[],"product_cat":[26],"product_tag":[295,364,298,302],"class_list":{"0":"post-7721","1":"product","2":"type-product","3":"status-publish","4":"has-post-thumbnail","6":"product_cat-sweater","7":"product_tag-bluze","8":"product_tag-gjysmezip","9":"product_tag-klasike","10":"product_tag-ngjyre-e-zeze","12":"first","13":"outofstock","14":"sale","15":"taxable","16":"shipping-taxable","17":"purchasable","18":"product-type-variable"},"jetpack_sharing_enabled":true,"_links":{"self":[{"href":"https:\/\/urban-clothingstore.com\/en\/wp-json\/wp\/v2\/product\/7721","targetHints":{"allow":["GET"]}}],"collection":[{"href":"https:\/\/urban-clothingstore.com\/en\/wp-json\/wp\/v2\/product"}],"about":[{"href":"https:\/\/urban-clothingstore.com\/en\/wp-json\/wp\/v2\/types\/product"}],"replies":[{"embeddable":true,"href":"https:\/\/urban-clothingstore.com\/en\/wp-json\/wp\/v2\/comments?post=7721"}],"wp:featuredmedia":[{"embeddable":true,"href":"https:\/\/urban-clothingstore.com\/en\/wp-json\/wp\/v2\/media\/7707"}],"wp:attachment":[{"href":"https:\/\/urban-clothingstore.com\/en\/wp-json\/wp\/v2\/media?parent=7721"}],"wp:term":[{"taxonomy":"product_brand","embeddable":true,"href":"https:\/\/urban-clothingstore.com\/en\/wp-json\/wp\/v2\/product_brand?post=7721"},{"taxonomy":"product_cat","embeddable":true,"href":"https:\/\/urban-clothingstore.com\/en\/wp-json\/wp\/v2\/product_cat?post=7721"},{"taxonomy":"product_tag","embeddable":true,"href":"https:\/\/urban-clothingstore.com\/en\/wp-json\/wp\/v2\/product_tag?post=7721"}],"curies":[{"name":"wp","href":"https:\/\/api.w.org\/{rel}","templated":true}]}}