{"id":7750,"date":"2025-10-15T15:49:13","date_gmt":"2025-10-15T15:49:13","guid":{"rendered":"https:\/\/urban-clothingstore.com\/?post_type=product&#038;p=7750"},"modified":"2026-03-09T21:38:13","modified_gmt":"2026-03-09T21:38:13","slug":"half-zip-krem-premium-elegance-moderne-minimalizem-urban","status":"publish","type":"product","link":"https:\/\/urban-clothingstore.com\/en\/product\/half-zip-krem-premium-elegance-moderne-minimalizem-urban\/","title":{"rendered":"Half-Zip Krem Premium \u2013 Eleganc\u00eb Moderne &#038; Oversize Minimaliz\u00ebm Urban"},"content":{"rendered":"<p data-start=\"353\" data-end=\"749\">Ky half-zip krem \u00ebsht\u00eb dizajnuar p\u00ebr t\u00eb reflektuar stilin e past\u00ebr dhe luksoz t\u00eb veshjeve urbane. Me material t\u00eb but\u00eb premium dhe tekstur\u00eb t\u00eb q\u00ebndrueshme, ofron nj\u00eb p\u00ebrshtatje t\u00eb p\u00ebrkryer dhe ndjesi komode gjat\u00eb gjith\u00eb dit\u00ebs. Jak\u00eb klasike dhe zinxhir metalik krom p\u00ebr nj\u00eb p\u00ebrfundim elegant q\u00eb e b\u00ebn k\u00ebt\u00eb pjes\u00eb ideale p\u00ebr kombinime \u201csmart casual\u201d apo formale me karakter modern.<br data-start=\"730\" data-end=\"733\" \/>\ud83e\udd0d <strong data-start=\"736\" data-end=\"747\">Detaje:<\/strong><\/p>\n<ul data-start=\"750\" data-end=\"966\">\n<li data-start=\"750\" data-end=\"803\">\n<p data-start=\"752\" data-end=\"803\">Material premium me tekstur\u00eb t\u00eb but\u00eb dhe elastike<\/p>\n<\/li>\n<li data-start=\"804\" data-end=\"846\">\n<p data-start=\"806\" data-end=\"846\">Zinxhir metalik krom p\u00ebr pamje luksoze<\/p>\n<\/li>\n<li data-start=\"847\" data-end=\"883\">\n<p data-start=\"849\" data-end=\"883\">Jak\u00eb klasike me prerje t\u00eb past\u00ebr<\/p>\n<\/li>\n<li data-start=\"884\" data-end=\"927\">\n<p data-start=\"886\" data-end=\"927\">Siluet\u00eb elegante me p\u00ebrshtatje t\u00eb sakt\u00eb<\/p>\n<\/li>\n<li data-start=\"928\" data-end=\"966\">\n<p data-start=\"930\" data-end=\"966\">Produkt nga <strong data-start=\"942\" data-end=\"966\">Urban Clothing Store<\/strong><\/p>\n<\/li>\n<\/ul>","protected":false},"excerpt":{"rendered":"<p>Ky half-zip krem \u00ebsht\u00eb dizajnuar p\u00ebr t\u00eb reflektuar stilin e past\u00ebr dhe luksoz t\u00eb veshjeve urbane. Me material t\u00eb but\u00eb premium dhe tekstur\u00eb t\u00eb q\u00ebndrueshme, ofron nj\u00eb p\u00ebrshtatje t\u00eb p\u00ebrkryer dhe ndjesi komode gjat\u00eb gjith\u00eb dit\u00ebs. Jak\u00eb klasike dhe zinxhir metalik krom p\u00ebr nj\u00eb p\u00ebrfundim elegant q\u00eb e b\u00ebn k\u00ebt\u00eb pjes\u00eb ideale p\u00ebr kombinime \u201csmart [&hellip;]<\/p>","protected":false},"featured_media":7742,"comment_status":"open","ping_status":"closed","template":"","meta":[],"product_brand":[],"product_cat":[26],"product_tag":[295,364,298,297,344],"class_list":{"0":"post-7750","1":"product","2":"type-product","3":"status-publish","4":"has-post-thumbnail","6":"product_cat-sweater","7":"product_tag-bluze","8":"product_tag-gjysmezip","9":"product_tag-klasike","10":"product_tag-me-jake","11":"product_tag-ngjyr-bezhe","13":"first","14":"instock","15":"sale","16":"taxable","17":"shipping-taxable","18":"purchasable","19":"product-type-variable"},"jetpack_sharing_enabled":true,"_links":{"self":[{"href":"https:\/\/urban-clothingstore.com\/en\/wp-json\/wp\/v2\/product\/7750","targetHints":{"allow":["GET"]}}],"collection":[{"href":"https:\/\/urban-clothingstore.com\/en\/wp-json\/wp\/v2\/product"}],"about":[{"href":"https:\/\/urban-clothingstore.com\/en\/wp-json\/wp\/v2\/types\/product"}],"replies":[{"embeddable":true,"href":"https:\/\/urban-clothingstore.com\/en\/wp-json\/wp\/v2\/comments?post=7750"}],"wp:featuredmedia":[{"embeddable":true,"href":"https:\/\/urban-clothingstore.com\/en\/wp-json\/wp\/v2\/media\/7742"}],"wp:attachment":[{"href":"https:\/\/urban-clothingstore.com\/en\/wp-json\/wp\/v2\/media?parent=7750"}],"wp:term":[{"taxonomy":"product_brand","embeddable":true,"href":"https:\/\/urban-clothingstore.com\/en\/wp-json\/wp\/v2\/product_brand?post=7750"},{"taxonomy":"product_cat","embeddable":true,"href":"https:\/\/urban-clothingstore.com\/en\/wp-json\/wp\/v2\/product_cat?post=7750"},{"taxonomy":"product_tag","embeddable":true,"href":"https:\/\/urban-clothingstore.com\/en\/wp-json\/wp\/v2\/product_tag?post=7750"}],"curies":[{"name":"wp","href":"https:\/\/api.w.org\/{rel}","templated":true}]}}