{"id":7829,"date":"2025-10-18T14:58:17","date_gmt":"2025-10-18T14:58:17","guid":{"rendered":"https:\/\/urban-clothingstore.com\/?post_type=product&#038;p=7829"},"modified":"2025-11-15T23:39:39","modified_gmt":"2025-11-15T23:39:39","slug":"xhemper-polo-zip-premium-ngjyre-e-bardhe-krem","status":"publish","type":"product","link":"https:\/\/urban-clothingstore.com\/en\/product\/xhemper-polo-zip-premium-ngjyre-e-bardhe-krem\/","title":{"rendered":"Xhemper Polo-Zip Premium \u2013 Ngjyr\u00eb e Bardh\u00eb Krem"},"content":{"rendered":"<p data-start=\"115\" data-end=\"651\">Ky <strong data-start=\"118\" data-end=\"146\">xhemper polo-zip premium<\/strong> \u00ebsht\u00eb nj\u00eb p\u00ebrfaq\u00ebsim perfekt i stilit elegant dhe modern q\u00eb karakterizon <em data-start=\"220\" data-end=\"242\">Urban Clothing Store<\/em>.<br data-start=\"243\" data-end=\"246\" \/>I punuar nga <strong data-start=\"259\" data-end=\"310\">material i but\u00eb, elastik dhe me cil\u00ebsi t\u00eb lart\u00eb<\/strong>, ai ofron nj\u00eb ndjesi luksi n\u00eb \u00e7do veshje. Tekstura me <strong data-start=\"365\" data-end=\"396\">vija vertikale t\u00eb rafinuara<\/strong> i jep trupit nj\u00eb pamje t\u00eb zgjatur dhe t\u00eb past\u00ebr, nd\u00ebrsa <strong data-start=\"453\" data-end=\"478\">zingjiri metalik krom<\/strong> shton nj\u00eb prekje t\u00eb sofistikuar.<br data-start=\"511\" data-end=\"514\" \/>Ngjyra <strong data-start=\"521\" data-end=\"538\">e bardh\u00eb krem<\/strong> p\u00ebr\u00e7on freski dhe klas, duke e b\u00ebr\u00eb k\u00ebt\u00eb model ideal p\u00ebr kombinime urbane, elegante apo edhe p\u00ebr veshje zyrtare.<\/p>\n<p data-start=\"653\" data-end=\"673\"><strong data-start=\"653\" data-end=\"673\">Detaje kryesore:<\/strong><\/p>\n<ul data-start=\"674\" data-end=\"916\">\n<li data-start=\"674\" data-end=\"720\">\n<p data-start=\"676\" data-end=\"720\">Material premium, i but\u00eb dhe i q\u00ebndruesh\u00ebm<\/p>\n<\/li>\n<li data-start=\"721\" data-end=\"762\">\n<p data-start=\"723\" data-end=\"762\">Polo-jak\u00eb me <strong data-start=\"736\" data-end=\"760\">zingjir metalik krom<\/strong><\/p>\n<\/li>\n<li data-start=\"763\" data-end=\"807\">\n<p data-start=\"765\" data-end=\"807\">Struktur\u00eb me <strong data-start=\"778\" data-end=\"805\">vija vertikale elegante<\/strong><\/p>\n<\/li>\n<li data-start=\"808\" data-end=\"860\">\n<p data-start=\"810\" data-end=\"860\">Prerje slim-fit q\u00eb p\u00ebrshtatet n\u00eb m\u00ebnyr\u00eb perfekte<\/p>\n<\/li>\n<li data-start=\"861\" data-end=\"916\">\n<p data-start=\"863\" data-end=\"916\">Ngjyr\u00eb e bardh\u00eb krem \u2013 klasike dhe shum\u00ebfunksionale<\/p>\n<\/li>\n<\/ul>","protected":false},"excerpt":{"rendered":"<p>Ky xhemper polo-zip premium \u00ebsht\u00eb nj\u00eb p\u00ebrfaq\u00ebsim perfekt i stilit elegant dhe modern q\u00eb karakterizon Urban Clothing Store.I punuar nga material i but\u00eb, elastik dhe me cil\u00ebsi t\u00eb lart\u00eb, ai ofron nj\u00eb ndjesi luksi n\u00eb \u00e7do veshje. Tekstura me vija vertikale t\u00eb rafinuara i jep trupit nj\u00eb pamje t\u00eb zgjatur dhe t\u00eb past\u00ebr, nd\u00ebrsa zingjiri [&hellip;]<\/p>","protected":false},"featured_media":7776,"comment_status":"open","ping_status":"closed","template":"","meta":[],"product_brand":[],"product_cat":[21],"product_tag":[295,304,57],"class_list":{"0":"post-7829","1":"product","2":"type-product","3":"status-publish","4":"has-post-thumbnail","6":"product_cat-tshirts","7":"product_tag-bluze","8":"product_tag-ngjyre-e-bardhe","9":"product_tag-slimfit","11":"first","12":"instock","13":"sale","14":"taxable","15":"shipping-taxable","16":"purchasable","17":"product-type-variable"},"jetpack_sharing_enabled":true,"_links":{"self":[{"href":"https:\/\/urban-clothingstore.com\/en\/wp-json\/wp\/v2\/product\/7829","targetHints":{"allow":["GET"]}}],"collection":[{"href":"https:\/\/urban-clothingstore.com\/en\/wp-json\/wp\/v2\/product"}],"about":[{"href":"https:\/\/urban-clothingstore.com\/en\/wp-json\/wp\/v2\/types\/product"}],"replies":[{"embeddable":true,"href":"https:\/\/urban-clothingstore.com\/en\/wp-json\/wp\/v2\/comments?post=7829"}],"wp:featuredmedia":[{"embeddable":true,"href":"https:\/\/urban-clothingstore.com\/en\/wp-json\/wp\/v2\/media\/7776"}],"wp:attachment":[{"href":"https:\/\/urban-clothingstore.com\/en\/wp-json\/wp\/v2\/media?parent=7829"}],"wp:term":[{"taxonomy":"product_brand","embeddable":true,"href":"https:\/\/urban-clothingstore.com\/en\/wp-json\/wp\/v2\/product_brand?post=7829"},{"taxonomy":"product_cat","embeddable":true,"href":"https:\/\/urban-clothingstore.com\/en\/wp-json\/wp\/v2\/product_cat?post=7829"},{"taxonomy":"product_tag","embeddable":true,"href":"https:\/\/urban-clothingstore.com\/en\/wp-json\/wp\/v2\/product_tag?post=7829"}],"curies":[{"name":"wp","href":"https:\/\/api.w.org\/{rel}","templated":true}]}}