{"id":7847,"date":"2025-10-21T15:49:43","date_gmt":"2025-10-21T15:49:43","guid":{"rendered":"https:\/\/urban-clothingstore.com\/?post_type=product&#038;p=7847"},"modified":"2025-11-15T23:38:35","modified_gmt":"2025-11-15T23:38:35","slug":"trening-premium-free-wind-ngjyre-e-zeze","status":"publish","type":"product","link":"https:\/\/urban-clothingstore.com\/en\/product\/trening-premium-free-wind-ngjyre-e-zeze\/","title":{"rendered":"Trening Premium \u201cFree Wind\u201d \u2013 Ngjyr\u00eb e Zez\u00eb"},"content":{"rendered":"<p data-start=\"111\" data-end=\"572\">Ky <strong data-start=\"114\" data-end=\"148\">trening minimalist \u201cFree Wind\u201d<\/strong> \u00ebsht\u00eb dizajnuar p\u00ebr t\u00eb ofruar rehati maksimale pa kompromis n\u00eb stil. P\u00ebrb\u00ebrja e tij nga material i but\u00eb pambuku me elastan siguron frym\u00ebmarrje dhe liri totale l\u00ebvizjeje.<br data-start=\"318\" data-end=\"321\" \/>Dizajni <strong data-start=\"329\" data-end=\"390\">total black me detaje an\u00ebsore dhe mbishkrimin \u201cFREE WIND\u201d<\/strong> n\u00eb pjes\u00ebn e sip\u00ebrme sjell nj\u00eb pamje urbane dhe moderne, ideale p\u00ebr p\u00ebrditshm\u00ebri, udh\u00ebtime apo daljet e relaksuara. Kombinimi me atlete t\u00eb bardha e b\u00ebn look-un t\u00eb past\u00ebr dhe premium.<\/p>\n<p data-start=\"574\" data-end=\"594\"><strong data-start=\"574\" data-end=\"594\">Detaje kryesore:<\/strong><\/p>\n<ul data-start=\"595\" data-end=\"851\">\n<li data-start=\"595\" data-end=\"645\">\n<p data-start=\"597\" data-end=\"645\">Material i but\u00eb dhe elastik (pambuk + elastan)<\/p>\n<\/li>\n<li data-start=\"646\" data-end=\"688\">\n<p data-start=\"648\" data-end=\"688\">Bluze me <strong data-start=\"657\" data-end=\"686\">print minimal \u201cFREE WIND\u201d<\/strong><\/p>\n<\/li>\n<li data-start=\"689\" data-end=\"749\">\n<p data-start=\"691\" data-end=\"749\">Pantallona me prerje t\u00eb drejt\u00eb dhe vij\u00eb an\u00ebsore elegante<\/p>\n<\/li>\n<li data-start=\"750\" data-end=\"794\">\n<p data-start=\"752\" data-end=\"794\">Rehati maksimale dhe dizajn modern urban<\/p>\n<\/li>\n<\/ul>","protected":false},"excerpt":{"rendered":"<p>Ky trening minimalist \u201cFree Wind\u201d \u00ebsht\u00eb dizajnuar p\u00ebr t\u00eb ofruar rehati maksimale pa kompromis n\u00eb stil. P\u00ebrb\u00ebrja e tij nga material i but\u00eb pambuku me elastan siguron frym\u00ebmarrje dhe liri totale l\u00ebvizjeje.Dizajni total black me detaje an\u00ebsore dhe mbishkrimin \u201cFREE WIND\u201d n\u00eb pjes\u00ebn e sip\u00ebrme sjell nj\u00eb pamje urbane dhe moderne, ideale p\u00ebr p\u00ebrditshm\u00ebri, udh\u00ebtime [&hellip;]<\/p>","protected":false},"featured_media":7848,"comment_status":"open","ping_status":"closed","template":"","meta":[],"product_brand":[],"product_cat":[77],"product_tag":[337,302,377],"class_list":{"0":"post-7847","1":"product","2":"type-product","3":"status-publish","4":"has-post-thumbnail","6":"product_cat-trucksuit","7":"product_tag-ngjyr-hiri","8":"product_tag-ngjyre-e-zeze","9":"product_tag-trenerka-komplet","11":"first","12":"instock","13":"sale","14":"taxable","15":"shipping-taxable","16":"purchasable","17":"product-type-variable"},"jetpack_sharing_enabled":true,"_links":{"self":[{"href":"https:\/\/urban-clothingstore.com\/en\/wp-json\/wp\/v2\/product\/7847","targetHints":{"allow":["GET"]}}],"collection":[{"href":"https:\/\/urban-clothingstore.com\/en\/wp-json\/wp\/v2\/product"}],"about":[{"href":"https:\/\/urban-clothingstore.com\/en\/wp-json\/wp\/v2\/types\/product"}],"replies":[{"embeddable":true,"href":"https:\/\/urban-clothingstore.com\/en\/wp-json\/wp\/v2\/comments?post=7847"}],"wp:featuredmedia":[{"embeddable":true,"href":"https:\/\/urban-clothingstore.com\/en\/wp-json\/wp\/v2\/media\/7848"}],"wp:attachment":[{"href":"https:\/\/urban-clothingstore.com\/en\/wp-json\/wp\/v2\/media?parent=7847"}],"wp:term":[{"taxonomy":"product_brand","embeddable":true,"href":"https:\/\/urban-clothingstore.com\/en\/wp-json\/wp\/v2\/product_brand?post=7847"},{"taxonomy":"product_cat","embeddable":true,"href":"https:\/\/urban-clothingstore.com\/en\/wp-json\/wp\/v2\/product_cat?post=7847"},{"taxonomy":"product_tag","embeddable":true,"href":"https:\/\/urban-clothingstore.com\/en\/wp-json\/wp\/v2\/product_tag?post=7847"}],"curies":[{"name":"wp","href":"https:\/\/api.w.org\/{rel}","templated":true}]}}