{"id":8071,"date":"2025-10-26T21:48:58","date_gmt":"2025-10-26T21:48:58","guid":{"rendered":"https:\/\/urban-clothingstore.com\/?post_type=product&#038;p=8071"},"modified":"2026-03-23T11:47:19","modified_gmt":"2026-03-23T11:47:19","slug":"xhakete-e-zeze-prej-eco-lekure-urbane-premium","status":"publish","type":"product","link":"https:\/\/urban-clothingstore.com\/en\/product\/xhakete-e-zeze-prej-eco-lekure-urbane-premium\/","title":{"rendered":"Xhaket\u00eb e Zez\u00eb prej Eco-Lekure \u2013Urbane Premium"},"content":{"rendered":"<p>Xhaket\u00eb prej <strong data-start=\"329\" data-end=\"359\">eco-lekure t\u00eb zez\u00eb premium<\/strong>, me dizajn klasik dhe prerje t\u00eb drejt\u00eb p\u00ebr nj\u00eb pamje moderne e t\u00eb fuqishme.<br data-start=\"435\" data-end=\"438\" \/>Detajet me <strong data-start=\"449\" data-end=\"467\">kopsa metalike<\/strong>, <strong data-start=\"469\" data-end=\"497\">xhepat me kapak n\u00eb gjoks<\/strong> dhe <strong data-start=\"502\" data-end=\"535\">materiali me tekstur\u00eb t\u00eb but\u00eb<\/strong> japin ndjesin\u00eb e nj\u00eb produkti luksoz dhe t\u00eb p\u00ebrjetsh\u00ebm.<br data-start=\"591\" data-end=\"594\" \/>P\u00ebrshtatet n\u00eb m\u00ebnyr\u00eb perfekte me <strong data-start=\"627\" data-end=\"643\">polo t\u00eb zez\u00eb<\/strong> ose <strong data-start=\"648\" data-end=\"664\">bluz\u00eb bazike<\/strong>, p\u00ebr nj\u00eb stil \u201cstreet-luxury\u201d q\u00eb t\u00eb dallon n\u00eb \u00e7do ambient.<\/p>","protected":false},"excerpt":{"rendered":"<p>Xhaket\u00eb prej eco-lekure t\u00eb zez\u00eb premium, me dizajn klasik dhe prerje t\u00eb drejt\u00eb p\u00ebr nj\u00eb pamje moderne e t\u00eb fuqishme.Detajet me kopsa metalike, xhepat me kapak n\u00eb gjoks dhe materiali me tekstur\u00eb t\u00eb but\u00eb japin ndjesin\u00eb e nj\u00eb produkti luksoz dhe t\u00eb p\u00ebrjetsh\u00ebm.P\u00ebrshtatet n\u00eb m\u00ebnyr\u00eb perfekte me polo t\u00eb zez\u00eb ose bluz\u00eb bazike, p\u00ebr nj\u00eb [&hellip;]<\/p>","protected":false},"featured_media":13052,"comment_status":"open","ping_status":"closed","template":"","meta":[],"product_brand":[],"product_cat":[25],"product_tag":[216,389],"class_list":{"0":"post-8071","1":"product","2":"type-product","3":"status-publish","4":"has-post-thumbnail","6":"product_cat-jackets","7":"product_tag-stylish-mens-clothing","8":"product_tag-xhaket-eko-lekur","10":"first","11":"instock","12":"sale","13":"taxable","14":"shipping-taxable","15":"purchasable","16":"product-type-variable"},"jetpack_sharing_enabled":true,"_links":{"self":[{"href":"https:\/\/urban-clothingstore.com\/en\/wp-json\/wp\/v2\/product\/8071","targetHints":{"allow":["GET"]}}],"collection":[{"href":"https:\/\/urban-clothingstore.com\/en\/wp-json\/wp\/v2\/product"}],"about":[{"href":"https:\/\/urban-clothingstore.com\/en\/wp-json\/wp\/v2\/types\/product"}],"replies":[{"embeddable":true,"href":"https:\/\/urban-clothingstore.com\/en\/wp-json\/wp\/v2\/comments?post=8071"}],"wp:featuredmedia":[{"embeddable":true,"href":"https:\/\/urban-clothingstore.com\/en\/wp-json\/wp\/v2\/media\/13052"}],"wp:attachment":[{"href":"https:\/\/urban-clothingstore.com\/en\/wp-json\/wp\/v2\/media?parent=8071"}],"wp:term":[{"taxonomy":"product_brand","embeddable":true,"href":"https:\/\/urban-clothingstore.com\/en\/wp-json\/wp\/v2\/product_brand?post=8071"},{"taxonomy":"product_cat","embeddable":true,"href":"https:\/\/urban-clothingstore.com\/en\/wp-json\/wp\/v2\/product_cat?post=8071"},{"taxonomy":"product_tag","embeddable":true,"href":"https:\/\/urban-clothingstore.com\/en\/wp-json\/wp\/v2\/product_tag?post=8071"}],"curies":[{"name":"wp","href":"https:\/\/api.w.org\/{rel}","templated":true}]}}