{"id":8094,"date":"2025-10-26T22:13:27","date_gmt":"2025-10-26T22:13:27","guid":{"rendered":"https:\/\/urban-clothingstore.com\/?post_type=product&#038;p=8094"},"modified":"2026-02-26T23:14:16","modified_gmt":"2026-02-26T23:14:16","slug":"xhup-shearling-me-pelush-te-bardhe-premium-winter-edition","status":"publish","type":"product","link":"https:\/\/urban-clothingstore.com\/en\/product\/xhup-shearling-me-pelush-te-bardhe-premium-winter-edition\/","title":{"rendered":"Xhup Shearling me Pelush t\u00eb Bardh\u00eb \u2013 Premium Winter Edition"},"content":{"rendered":"<p data-start=\"323\" data-end=\"920\">Xhup luksoz <strong data-start=\"335\" data-end=\"356\">Shearling Premium<\/strong> nga <strong data-start=\"361\" data-end=\"385\">Urban Clothing Store<\/strong>, i krijuar p\u00ebr meshkujt q\u00eb k\u00ebrkojn\u00eb stil dhe ngroht\u00ebsi n\u00eb \u00e7do detaj.<br data-start=\"454\" data-end=\"457\" \/>P\u00ebrb\u00ebrja e jashtme me <strong data-start=\"479\" data-end=\"520\">eco-lekur\u00eb cil\u00ebsore me tekstur\u00eb matte<\/strong> dhe <strong data-start=\"525\" data-end=\"557\">pelush i bardh\u00eb ultra i but\u00eb<\/strong> n\u00eb brend\u00ebsi e b\u00ebjn\u00eb k\u00ebt\u00eb xhup perfekt p\u00ebr sezonin e ftoht\u00eb.<br data-start=\"617\" data-end=\"620\" \/>Dizajni \u201cbiker\u201d me <strong data-start=\"639\" data-end=\"665\">zinxhir an\u00ebsor metalik<\/strong>, <strong data-start=\"667\" data-end=\"702\">jak\u00eb t\u00eb gjer\u00eb me kthes\u00eb klasike<\/strong>, dhe <strong data-start=\"708\" data-end=\"730\">xhepa me zip kromi<\/strong> i jep nj\u00eb pamje t\u00eb fort\u00eb dhe elegante.<br data-start=\"769\" data-end=\"772\" \/>Nj\u00eb veshje q\u00eb kombinon <strong data-start=\"795\" data-end=\"815\">karakterin urban<\/strong> me <strong data-start=\"819\" data-end=\"848\">luksozitetin e p\u00ebrjetsh\u00ebm<\/strong>, ideale si p\u00ebr dit\u00ebt n\u00eb qytet ashtu edhe p\u00ebr net\u00ebt e ftohta dim\u00ebrore.<\/p>","protected":false},"excerpt":{"rendered":"<p>Xhup luksoz Shearling Premium nga Urban Clothing Store, i krijuar p\u00ebr meshkujt q\u00eb k\u00ebrkojn\u00eb stil dhe ngroht\u00ebsi n\u00eb \u00e7do detaj.P\u00ebrb\u00ebrja e jashtme me eco-lekur\u00eb cil\u00ebsore me tekstur\u00eb matte dhe pelush i bardh\u00eb ultra i but\u00eb n\u00eb brend\u00ebsi e b\u00ebjn\u00eb k\u00ebt\u00eb xhup perfekt p\u00ebr sezonin e ftoht\u00eb.Dizajni \u201cbiker\u201d me zinxhir an\u00ebsor metalik, jak\u00eb t\u00eb gjer\u00eb me [&hellip;]<\/p>","protected":false},"featured_media":8079,"comment_status":"open","ping_status":"closed","template":"","meta":[],"product_brand":[],"product_cat":[25],"product_tag":[216,390],"class_list":{"0":"post-8094","1":"product","2":"type-product","3":"status-publish","4":"has-post-thumbnail","6":"product_cat-jackets","7":"product_tag-stylish-mens-clothing","8":"product_tag-xhup-me-pelush-te-bardhe","10":"first","11":"outofstock","12":"sale","13":"taxable","14":"shipping-taxable","15":"purchasable","16":"product-type-variable"},"jetpack_sharing_enabled":true,"_links":{"self":[{"href":"https:\/\/urban-clothingstore.com\/en\/wp-json\/wp\/v2\/product\/8094","targetHints":{"allow":["GET"]}}],"collection":[{"href":"https:\/\/urban-clothingstore.com\/en\/wp-json\/wp\/v2\/product"}],"about":[{"href":"https:\/\/urban-clothingstore.com\/en\/wp-json\/wp\/v2\/types\/product"}],"replies":[{"embeddable":true,"href":"https:\/\/urban-clothingstore.com\/en\/wp-json\/wp\/v2\/comments?post=8094"}],"wp:featuredmedia":[{"embeddable":true,"href":"https:\/\/urban-clothingstore.com\/en\/wp-json\/wp\/v2\/media\/8079"}],"wp:attachment":[{"href":"https:\/\/urban-clothingstore.com\/en\/wp-json\/wp\/v2\/media?parent=8094"}],"wp:term":[{"taxonomy":"product_brand","embeddable":true,"href":"https:\/\/urban-clothingstore.com\/en\/wp-json\/wp\/v2\/product_brand?post=8094"},{"taxonomy":"product_cat","embeddable":true,"href":"https:\/\/urban-clothingstore.com\/en\/wp-json\/wp\/v2\/product_cat?post=8094"},{"taxonomy":"product_tag","embeddable":true,"href":"https:\/\/urban-clothingstore.com\/en\/wp-json\/wp\/v2\/product_tag?post=8094"}],"curies":[{"name":"wp","href":"https:\/\/api.w.org\/{rel}","templated":true}]}}