{"id":8111,"date":"2025-10-26T22:23:05","date_gmt":"2025-10-26T22:23:05","guid":{"rendered":"https:\/\/urban-clothingstore.com\/?post_type=product&#038;p=8111"},"modified":"2026-02-26T23:13:20","modified_gmt":"2026-02-26T23:13:20","slug":"xhup-puffer-prej-eco-lekure-me-jake-pelushi-te-zi-street-luxury-edition","status":"publish","type":"product","link":"https:\/\/urban-clothingstore.com\/en\/product\/xhup-puffer-prej-eco-lekure-me-jake-pelushi-te-zi-street-luxury-edition\/","title":{"rendered":"Xhup Puffer prej Eco-Lekure me Jak\u00eb Pelushi t\u00eb Zi \u2013 Street Luxury Edition"},"content":{"rendered":"<p data-start=\"384\" data-end=\"922\">Xhup <strong data-start=\"389\" data-end=\"407\">puffer premium<\/strong> i punuar nga <strong data-start=\"421\" data-end=\"455\">eco-lekur\u00eb me shk\u00eblqim t\u00eb but\u00eb<\/strong>, me <strong data-start=\"460\" data-end=\"482\">jak\u00eb pelushi t\u00eb zi<\/strong> p\u00ebr nj\u00eb pamje luksoze dhe t\u00eb sofistikuar.<br data-start=\"524\" data-end=\"527\" \/>Prerja \u201cslim urban fit\u201d kombinon ngroht\u00ebsin\u00eb me eleganc\u00ebn, nd\u00ebrsa materiali rezistent siguron komoditet dhe mbrojtje gjat\u00eb gjith\u00eb sezonit t\u00eb ftoht\u00eb.<br data-start=\"675\" data-end=\"678\" \/>Detajet e pastra, zip-i i zi dhe p\u00ebrfundimet precize e b\u00ebjn\u00eb k\u00ebt\u00eb xhup zgjedhjen perfekte p\u00ebr meshkujt q\u00eb duan t\u00eb dallohen me stilin e tyre.<br data-start=\"818\" data-end=\"821\" \/>Kombinohet n\u00eb m\u00ebnyr\u00eb ideale me pantallona t\u00eb zeza dhe t-shirt bazik p\u00ebr nj\u00eb \u201call black urban look\u201d.<\/p>","protected":false},"excerpt":{"rendered":"<p>Xhup puffer premium i punuar nga eco-lekur\u00eb me shk\u00eblqim t\u00eb but\u00eb, me jak\u00eb pelushi t\u00eb zi p\u00ebr nj\u00eb pamje luksoze dhe t\u00eb sofistikuar.Prerja \u201cslim urban fit\u201d kombinon ngroht\u00ebsin\u00eb me eleganc\u00ebn, nd\u00ebrsa materiali rezistent siguron komoditet dhe mbrojtje gjat\u00eb gjith\u00eb sezonit t\u00eb ftoht\u00eb.Detajet e pastra, zip-i i zi dhe p\u00ebrfundimet precize e b\u00ebjn\u00eb k\u00ebt\u00eb xhup zgjedhjen [&hellip;]<\/p>","protected":false},"featured_media":8112,"comment_status":"open","ping_status":"closed","template":"","meta":[],"product_brand":[],"product_cat":[25],"product_tag":[392],"class_list":{"0":"post-8111","1":"product","2":"type-product","3":"status-publish","4":"has-post-thumbnail","6":"product_cat-jackets","7":"product_tag-xhup-puffer-eco-lekure","9":"first","10":"instock","11":"taxable","12":"shipping-taxable","13":"purchasable","14":"product-type-variable"},"jetpack_sharing_enabled":true,"_links":{"self":[{"href":"https:\/\/urban-clothingstore.com\/en\/wp-json\/wp\/v2\/product\/8111","targetHints":{"allow":["GET"]}}],"collection":[{"href":"https:\/\/urban-clothingstore.com\/en\/wp-json\/wp\/v2\/product"}],"about":[{"href":"https:\/\/urban-clothingstore.com\/en\/wp-json\/wp\/v2\/types\/product"}],"replies":[{"embeddable":true,"href":"https:\/\/urban-clothingstore.com\/en\/wp-json\/wp\/v2\/comments?post=8111"}],"wp:featuredmedia":[{"embeddable":true,"href":"https:\/\/urban-clothingstore.com\/en\/wp-json\/wp\/v2\/media\/8112"}],"wp:attachment":[{"href":"https:\/\/urban-clothingstore.com\/en\/wp-json\/wp\/v2\/media?parent=8111"}],"wp:term":[{"taxonomy":"product_brand","embeddable":true,"href":"https:\/\/urban-clothingstore.com\/en\/wp-json\/wp\/v2\/product_brand?post=8111"},{"taxonomy":"product_cat","embeddable":true,"href":"https:\/\/urban-clothingstore.com\/en\/wp-json\/wp\/v2\/product_cat?post=8111"},{"taxonomy":"product_tag","embeddable":true,"href":"https:\/\/urban-clothingstore.com\/en\/wp-json\/wp\/v2\/product_tag?post=8111"}],"curies":[{"name":"wp","href":"https:\/\/api.w.org\/{rel}","templated":true}]}}