{"id":8118,"date":"2025-10-26T22:30:07","date_gmt":"2025-10-26T22:30:07","guid":{"rendered":"https:\/\/urban-clothingstore.com\/?post_type=product&#038;p=8118"},"modified":"2026-02-26T23:05:45","modified_gmt":"2026-02-26T23:05:45","slug":"xhup-puffer-prej-eco-lekure-prerje-slim-urbane","status":"publish","type":"product","link":"https:\/\/urban-clothingstore.com\/en\/product\/xhup-puffer-prej-eco-lekure-prerje-slim-urbane\/","title":{"rendered":"Xhup Puffer prej Eco-Lekure \u2013 Prerje Slim Urbane"},"content":{"rendered":"<p>Xhup <strong data-start=\"344\" data-end=\"379\">puffer prej eco-lekure cil\u00ebsore<\/strong>, me prerje <strong data-start=\"391\" data-end=\"403\">slim-fit<\/strong> dhe dizajn t\u00eb past\u00ebr horizontal q\u00eb thekson trupin dhe eleganc\u00ebn urbane.<br data-start=\"475\" data-end=\"478\" \/>Materiali i jasht\u00ebm me <strong data-start=\"501\" data-end=\"543\">tekstur\u00eb t\u00eb but\u00eb dhe shk\u00eblqim t\u00eb leht\u00eb<\/strong> i jep nj\u00eb pamje luksoze, nd\u00ebrsa brend\u00ebsia e ngroht\u00eb garanton rehati dhe mbrojtje n\u00eb \u00e7do dit\u00eb t\u00eb ftoht\u00eb.<br data-start=\"647\" data-end=\"650\" \/>Jak\u00eb e lart\u00eb me <strong data-start=\"666\" data-end=\"695\">mbyllje me kopsa metalike<\/strong>, <strong data-start=\"697\" data-end=\"720\">zip i gjat\u00eb i err\u00ebt<\/strong>, dhe p\u00ebrfundime t\u00eb pastra q\u00eb reflektojn\u00eb stilin e rafinuar t\u00eb <strong data-start=\"783\" data-end=\"807\">Urban Clothing Store<\/strong>.<br data-start=\"808\" data-end=\"811\" \/>Kombinohet n\u00eb m\u00ebnyr\u00eb perfekte me <strong data-start=\"844\" data-end=\"863\" data-is-only-node=\"\">bluz\u00eb t\u00eb bardh\u00eb<\/strong> dhe <strong data-start=\"868\" data-end=\"890\">pantallona t\u00eb zeza<\/strong> p\u00ebr nj\u00eb look modern, minimalist dhe t\u00eb sigurt.<\/p>","protected":false},"excerpt":{"rendered":"<p>Xhup puffer prej eco-lekure cil\u00ebsore, me prerje slim-fit dhe dizajn t\u00eb past\u00ebr horizontal q\u00eb thekson trupin dhe eleganc\u00ebn urbane.Materiali i jasht\u00ebm me tekstur\u00eb t\u00eb but\u00eb dhe shk\u00eblqim t\u00eb leht\u00eb i jep nj\u00eb pamje luksoze, nd\u00ebrsa brend\u00ebsia e ngroht\u00eb garanton rehati dhe mbrojtje n\u00eb \u00e7do dit\u00eb t\u00eb ftoht\u00eb.Jak\u00eb e lart\u00eb me mbyllje me kopsa metalike, zip [&hellip;]<\/p>","protected":false},"featured_media":8119,"comment_status":"open","ping_status":"closed","template":"","meta":[],"product_brand":[],"product_cat":[25],"product_tag":[393],"class_list":{"0":"post-8118","1":"product","2":"type-product","3":"status-publish","4":"has-post-thumbnail","6":"product_cat-jackets","7":"product_tag-xhup-puffer-prej-eco-lekure","9":"first","10":"instock","11":"taxable","12":"shipping-taxable","13":"purchasable","14":"product-type-variable"},"jetpack_sharing_enabled":true,"_links":{"self":[{"href":"https:\/\/urban-clothingstore.com\/en\/wp-json\/wp\/v2\/product\/8118","targetHints":{"allow":["GET"]}}],"collection":[{"href":"https:\/\/urban-clothingstore.com\/en\/wp-json\/wp\/v2\/product"}],"about":[{"href":"https:\/\/urban-clothingstore.com\/en\/wp-json\/wp\/v2\/types\/product"}],"replies":[{"embeddable":true,"href":"https:\/\/urban-clothingstore.com\/en\/wp-json\/wp\/v2\/comments?post=8118"}],"wp:featuredmedia":[{"embeddable":true,"href":"https:\/\/urban-clothingstore.com\/en\/wp-json\/wp\/v2\/media\/8119"}],"wp:attachment":[{"href":"https:\/\/urban-clothingstore.com\/en\/wp-json\/wp\/v2\/media?parent=8118"}],"wp:term":[{"taxonomy":"product_brand","embeddable":true,"href":"https:\/\/urban-clothingstore.com\/en\/wp-json\/wp\/v2\/product_brand?post=8118"},{"taxonomy":"product_cat","embeddable":true,"href":"https:\/\/urban-clothingstore.com\/en\/wp-json\/wp\/v2\/product_cat?post=8118"},{"taxonomy":"product_tag","embeddable":true,"href":"https:\/\/urban-clothingstore.com\/en\/wp-json\/wp\/v2\/product_tag?post=8118"}],"curies":[{"name":"wp","href":"https:\/\/api.w.org\/{rel}","templated":true}]}}