{"id":8285,"date":"2025-10-29T18:49:32","date_gmt":"2025-10-29T18:49:32","guid":{"rendered":"https:\/\/urban-clothingstore.com\/?post_type=product&#038;p=8285"},"modified":"2026-03-09T21:35:25","modified_gmt":"2026-03-09T21:35:25","slug":"urban-clothing-store-polo-zip-premium-knitwear","status":"publish","type":"product","link":"https:\/\/urban-clothingstore.com\/en\/product\/urban-clothing-store-polo-zip-premium-knitwear\/","title":{"rendered":"Urban Clothing Store \u2013 Polo-Zip Premium Knitwear"},"content":{"rendered":"<p data-start=\"208\" data-end=\"697\">Polo-Zip Premium Knitwear nga <strong data-start=\"238\" data-end=\"262\">Urban Clothing Store<\/strong> sjell nj\u00eb stil t\u00eb past\u00ebr, modern dhe t\u00eb sofistikuar p\u00ebr \u00e7do dit\u00eb.<br data-start=\"328\" data-end=\"331\" \/>E punuar me <strong data-start=\"343\" data-end=\"375\">material t\u00eb but\u00eb dhe elastik<\/strong>, kjo bluz\u00eb polo ofron rehati t\u00eb lart\u00eb dhe p\u00ebrshtatje perfekte n\u00eb trup.<br data-start=\"446\" data-end=\"449\" \/>Detajet minimaliste, qepjet e rafinuara dhe tre pullat e para krijojn\u00eb nj\u00eb pamje <strong data-start=\"530\" data-end=\"555\">elegante por sportive<\/strong> \u2014 ideale p\u00ebr kombinime urbane me pantallona xhins apo chino.<br data-start=\"616\" data-end=\"619\" \/>N\u00eb dispozicion n\u00eb disa ngjyra klasike: <strong data-start=\"658\" data-end=\"696\">e zez\u00eb, gri, blu navy dhe e bardh\u00eb<\/strong>.<\/p>\n<p data-start=\"699\" data-end=\"721\"><strong data-start=\"699\" data-end=\"721\">Ve\u00e7orit\u00eb kryesore:<\/strong><\/p>\n<ul data-start=\"722\" data-end=\"915\">\n<li data-start=\"722\" data-end=\"761\">\n<p data-start=\"724\" data-end=\"761\">Material premium i but\u00eb dhe elastik<\/p>\n<\/li>\n<li data-start=\"762\" data-end=\"790\">\n<p data-start=\"764\" data-end=\"790\">Dizajn polo me tre pulla<\/p>\n<\/li>\n<li data-start=\"791\" data-end=\"825\">\n<p data-start=\"793\" data-end=\"825\">P\u00ebrshtatje \u201cSlim-fit\u201d elegante<\/p>\n<\/li>\n<li data-start=\"826\" data-end=\"866\">\n<p data-start=\"828\" data-end=\"866\">Leht\u00ebsi dhe frym\u00ebmarrje n\u00eb \u00e7do sezon<\/p>\n<\/li>\n<li data-start=\"867\" data-end=\"915\">\n<p data-start=\"869\" data-end=\"915\">Ideale p\u00ebr kombinime urbane dhe smart-casual<\/p>\n<\/li>\n<\/ul>","protected":false},"excerpt":{"rendered":"<p>Polo-Zip Premium Knitwear nga Urban Clothing Store sjell nj\u00eb stil t\u00eb past\u00ebr, modern dhe t\u00eb sofistikuar p\u00ebr \u00e7do dit\u00eb.E punuar me material t\u00eb but\u00eb dhe elastik, kjo bluz\u00eb polo ofron rehati t\u00eb lart\u00eb dhe p\u00ebrshtatje perfekte n\u00eb trup.Detajet minimaliste, qepjet e rafinuara dhe tre pullat e para krijojn\u00eb nj\u00eb pamje elegante por sportive \u2014 ideale [&hellip;]<\/p>","protected":false},"featured_media":8286,"comment_status":"open","ping_status":"closed","template":"","meta":[],"product_brand":[],"product_cat":[26],"product_tag":[295,297,337,339,304,302,57],"class_list":{"0":"post-8285","1":"product","2":"type-product","3":"status-publish","4":"has-post-thumbnail","6":"product_cat-sweater","7":"product_tag-bluze","8":"product_tag-me-jake","9":"product_tag-ngjyr-hiri","10":"product_tag-ngjyr-teget","11":"product_tag-ngjyre-e-bardhe","12":"product_tag-ngjyre-e-zeze","13":"product_tag-slimfit","15":"first","16":"instock","17":"sale","18":"taxable","19":"shipping-taxable","20":"purchasable","21":"product-type-variable"},"jetpack_sharing_enabled":true,"_links":{"self":[{"href":"https:\/\/urban-clothingstore.com\/en\/wp-json\/wp\/v2\/product\/8285","targetHints":{"allow":["GET"]}}],"collection":[{"href":"https:\/\/urban-clothingstore.com\/en\/wp-json\/wp\/v2\/product"}],"about":[{"href":"https:\/\/urban-clothingstore.com\/en\/wp-json\/wp\/v2\/types\/product"}],"replies":[{"embeddable":true,"href":"https:\/\/urban-clothingstore.com\/en\/wp-json\/wp\/v2\/comments?post=8285"}],"wp:featuredmedia":[{"embeddable":true,"href":"https:\/\/urban-clothingstore.com\/en\/wp-json\/wp\/v2\/media\/8286"}],"wp:attachment":[{"href":"https:\/\/urban-clothingstore.com\/en\/wp-json\/wp\/v2\/media?parent=8285"}],"wp:term":[{"taxonomy":"product_brand","embeddable":true,"href":"https:\/\/urban-clothingstore.com\/en\/wp-json\/wp\/v2\/product_brand?post=8285"},{"taxonomy":"product_cat","embeddable":true,"href":"https:\/\/urban-clothingstore.com\/en\/wp-json\/wp\/v2\/product_cat?post=8285"},{"taxonomy":"product_tag","embeddable":true,"href":"https:\/\/urban-clothingstore.com\/en\/wp-json\/wp\/v2\/product_tag?post=8285"}],"curies":[{"name":"wp","href":"https:\/\/api.w.org\/{rel}","templated":true}]}}