{"id":8321,"date":"2025-10-29T23:20:40","date_gmt":"2025-10-29T23:20:40","guid":{"rendered":"https:\/\/urban-clothingstore.com\/?post_type=product&#038;p=8321"},"modified":"2025-11-20T16:55:40","modified_gmt":"2025-11-20T16:55:40","slug":"black-eco-leather-minimalist-jacket","status":"publish","type":"product","link":"https:\/\/urban-clothingstore.com\/en\/product\/black-eco-leather-minimalist-jacket\/","title":{"rendered":"Black Eco-Leather Minimalist Jacket"},"content":{"rendered":"<p data-start=\"76\" data-end=\"520\">Nj\u00eb xhaket\u00eb klasike urbane me dizajn minimalist, e punuar nga <strong data-start=\"155\" data-end=\"177\">eco-lekure premium<\/strong> p\u00ebr nj\u00eb pamje t\u00eb rafinuar dhe moderne. Linjat e pastra, jak\u00eb e drejt\u00eb me kopsa metalike dhe <strong data-start=\"270\" data-end=\"285\">zip metalik<\/strong> japin nj\u00eb ndjesi <strong data-start=\"303\" data-end=\"320\">street-luxury<\/strong> q\u00eb kombinohet perfekt me \u00e7do outfit.<br data-start=\"357\" data-end=\"360\" data-is-only-node=\"\" \/>Ideale p\u00ebr net\u00ebt e ftohta n\u00eb qytet, kjo xhaket\u00eb ofron <strong data-start=\"414\" data-end=\"454\">p\u00ebrshtatje t\u00eb leht\u00eb dhe t\u00eb rehatshme<\/strong>, duke ruajtur gjithmon\u00eb stilin elegant t\u00eb Urban Clothing Store.<\/p>\n<p data-start=\"522\" data-end=\"544\"><strong data-start=\"522\" data-end=\"542\">Detaje kryesore:<\/strong><\/p>\n<ul data-start=\"545\" data-end=\"783\">\n<li data-start=\"545\" data-end=\"595\">\n<p data-start=\"547\" data-end=\"595\">Material: Eco-lekure cil\u00ebsore me p\u00ebrfundim mat<\/p>\n<\/li>\n<li data-start=\"596\" data-end=\"629\">\n<p data-start=\"598\" data-end=\"629\">Mbyllje me zip metalik n\u00eb mes<\/p>\n<\/li>\n<li data-start=\"630\" data-end=\"661\">\n<p data-start=\"632\" data-end=\"661\">Dy xhepa an\u00ebsor\u00eb me zinxhir<\/p>\n<\/li>\n<li data-start=\"662\" data-end=\"709\">\n<p data-start=\"664\" data-end=\"709\">Jak\u00eb e lart\u00eb me kopsa p\u00ebr pamje m\u00eb t\u00eb fort\u00eb<\/p>\n<\/li>\n<li data-start=\"710\" data-end=\"743\">\n<p data-start=\"712\" data-end=\"743\">P\u00ebrshtatje \u201cslim fit\u201d moderne<\/p>\n<\/li>\n<li data-start=\"744\" data-end=\"783\">\n<p data-start=\"746\" data-end=\"783\">Stil: Street-Luxury \/ Urban Classic<\/p>\n<\/li>\n<\/ul>","protected":false},"excerpt":{"rendered":"<p>Nj\u00eb xhaket\u00eb klasike urbane me dizajn minimalist, e punuar nga eco-lekure premium p\u00ebr nj\u00eb pamje t\u00eb rafinuar dhe moderne. Linjat e pastra, jak\u00eb e drejt\u00eb me kopsa metalike dhe zip metalik japin nj\u00eb ndjesi street-luxury q\u00eb kombinohet perfekt me \u00e7do outfit.Ideale p\u00ebr net\u00ebt e ftohta n\u00eb qytet, kjo xhaket\u00eb ofron p\u00ebrshtatje t\u00eb leht\u00eb dhe t\u00eb [&hellip;]<\/p>","protected":false},"featured_media":8323,"comment_status":"open","ping_status":"closed","template":"","meta":[],"product_brand":[],"product_cat":[25],"product_tag":[397,398],"class_list":{"0":"post-8321","1":"product","2":"type-product","3":"status-publish","4":"has-post-thumbnail","6":"product_cat-jackets","7":"product_tag-black-eco-leather","8":"product_tag-classic-jacket","10":"first","11":"instock","12":"taxable","13":"shipping-taxable","14":"purchasable","15":"product-type-variable"},"jetpack_sharing_enabled":true,"_links":{"self":[{"href":"https:\/\/urban-clothingstore.com\/en\/wp-json\/wp\/v2\/product\/8321","targetHints":{"allow":["GET"]}}],"collection":[{"href":"https:\/\/urban-clothingstore.com\/en\/wp-json\/wp\/v2\/product"}],"about":[{"href":"https:\/\/urban-clothingstore.com\/en\/wp-json\/wp\/v2\/types\/product"}],"replies":[{"embeddable":true,"href":"https:\/\/urban-clothingstore.com\/en\/wp-json\/wp\/v2\/comments?post=8321"}],"wp:featuredmedia":[{"embeddable":true,"href":"https:\/\/urban-clothingstore.com\/en\/wp-json\/wp\/v2\/media\/8323"}],"wp:attachment":[{"href":"https:\/\/urban-clothingstore.com\/en\/wp-json\/wp\/v2\/media?parent=8321"}],"wp:term":[{"taxonomy":"product_brand","embeddable":true,"href":"https:\/\/urban-clothingstore.com\/en\/wp-json\/wp\/v2\/product_brand?post=8321"},{"taxonomy":"product_cat","embeddable":true,"href":"https:\/\/urban-clothingstore.com\/en\/wp-json\/wp\/v2\/product_cat?post=8321"},{"taxonomy":"product_tag","embeddable":true,"href":"https:\/\/urban-clothingstore.com\/en\/wp-json\/wp\/v2\/product_tag?post=8321"}],"curies":[{"name":"wp","href":"https:\/\/api.w.org\/{rel}","templated":true}]}}