{"id":8329,"date":"2025-10-29T23:27:54","date_gmt":"2025-10-29T23:27:54","guid":{"rendered":"https:\/\/urban-clothingstore.com\/?post_type=product&#038;p=8329"},"modified":"2025-11-20T16:48:02","modified_gmt":"2025-11-20T16:48:02","slug":"classic-black-eco-leather-jacket","status":"publish","type":"product","link":"https:\/\/urban-clothingstore.com\/en\/product\/classic-black-eco-leather-jacket\/","title":{"rendered":"Classic Black Eco-Leather Jacket"},"content":{"rendered":"<p data-start=\"73\" data-end=\"550\">Eleganc\u00eb e p\u00ebrjetshme me prekje moderne. Kjo xhaket\u00eb <strong data-start=\"143\" data-end=\"160\">classic black<\/strong> nga Urban Clothing Store \u00ebsht\u00eb punuar me <strong data-start=\"202\" data-end=\"232\">eco-lekure t\u00eb but\u00eb premium<\/strong>, duke ofruar nj\u00eb ndjesi luksi dhe komoditeti n\u00eb \u00e7do veshje.<br data-start=\"292\" data-end=\"295\" \/>Dizajni i past\u00ebr me <strong data-start=\"315\" data-end=\"331\">jak\u00eb klasike<\/strong> dhe <strong data-start=\"336\" data-end=\"362\">zip t\u00eb fsheht\u00eb metalik<\/strong> e b\u00ebn perfekte p\u00ebr pamje urbane, profesionale apo mbr\u00ebmje elegante. Kombinon linjat e qarta me nj\u00eb <strong data-start=\"462\" data-end=\"500\">pamje t\u00eb sofistikuar dhe maskuline<\/strong>, tipike p\u00ebr estetik\u00ebn <em data-start=\"523\" data-end=\"538\">street-luxury<\/em> t\u00eb brandit.<\/p>\n<p data-start=\"552\" data-end=\"574\"><strong data-start=\"552\" data-end=\"572\">Detaje kryesore:<\/strong><\/p>\n<ul data-start=\"575\" data-end=\"820\">\n<li data-start=\"575\" data-end=\"631\">\n<p data-start=\"577\" data-end=\"631\">Material: Eco-lekure cil\u00ebsore me p\u00ebrfundim t\u00eb l\u00ebmuar<\/p>\n<\/li>\n<li data-start=\"632\" data-end=\"668\">\n<p data-start=\"634\" data-end=\"668\">Mbyllje me zip t\u00eb fsheht\u00eb n\u00eb mes<\/p>\n<\/li>\n<li data-start=\"669\" data-end=\"707\">\n<p data-start=\"671\" data-end=\"707\">Jak\u00eb klasike me struktur\u00eb t\u00eb fort\u00eb<\/p>\n<\/li>\n<li data-start=\"708\" data-end=\"734\">\n<p data-start=\"710\" data-end=\"734\">Xhepa an\u00ebsor\u00eb diskret\u00eb<\/p>\n<\/li>\n<li data-start=\"735\" data-end=\"771\">\n<p data-start=\"737\" data-end=\"771\">P\u00ebrshtatje \u201cregular to slim fit\u201d<\/p>\n<\/li>\n<\/ul>","protected":false},"excerpt":{"rendered":"<p>Eleganc\u00eb e p\u00ebrjetshme me prekje moderne. Kjo xhaket\u00eb classic black nga Urban Clothing Store \u00ebsht\u00eb punuar me eco-lekure t\u00eb but\u00eb premium, duke ofruar nj\u00eb ndjesi luksi dhe komoditeti n\u00eb \u00e7do veshje.Dizajni i past\u00ebr me jak\u00eb klasike dhe zip t\u00eb fsheht\u00eb metalik e b\u00ebn perfekte p\u00ebr pamje urbane, profesionale apo mbr\u00ebmje elegante. Kombinon linjat e qarta [&hellip;]<\/p>","protected":false},"featured_media":8330,"comment_status":"open","ping_status":"closed","template":"","meta":[],"product_brand":[],"product_cat":[25],"product_tag":[399],"class_list":{"0":"post-8329","1":"product","2":"type-product","3":"status-publish","4":"has-post-thumbnail","6":"product_cat-jackets","7":"product_tag-classic-black-eco-leather","9":"first","10":"instock","11":"taxable","12":"shipping-taxable","13":"purchasable","14":"product-type-variable"},"jetpack_sharing_enabled":true,"_links":{"self":[{"href":"https:\/\/urban-clothingstore.com\/en\/wp-json\/wp\/v2\/product\/8329","targetHints":{"allow":["GET"]}}],"collection":[{"href":"https:\/\/urban-clothingstore.com\/en\/wp-json\/wp\/v2\/product"}],"about":[{"href":"https:\/\/urban-clothingstore.com\/en\/wp-json\/wp\/v2\/types\/product"}],"replies":[{"embeddable":true,"href":"https:\/\/urban-clothingstore.com\/en\/wp-json\/wp\/v2\/comments?post=8329"}],"wp:featuredmedia":[{"embeddable":true,"href":"https:\/\/urban-clothingstore.com\/en\/wp-json\/wp\/v2\/media\/8330"}],"wp:attachment":[{"href":"https:\/\/urban-clothingstore.com\/en\/wp-json\/wp\/v2\/media?parent=8329"}],"wp:term":[{"taxonomy":"product_brand","embeddable":true,"href":"https:\/\/urban-clothingstore.com\/en\/wp-json\/wp\/v2\/product_brand?post=8329"},{"taxonomy":"product_cat","embeddable":true,"href":"https:\/\/urban-clothingstore.com\/en\/wp-json\/wp\/v2\/product_cat?post=8329"},{"taxonomy":"product_tag","embeddable":true,"href":"https:\/\/urban-clothingstore.com\/en\/wp-json\/wp\/v2\/product_tag?post=8329"}],"curies":[{"name":"wp","href":"https:\/\/api.w.org\/{rel}","templated":true}]}}