{"id":8337,"date":"2025-10-29T23:32:45","date_gmt":"2025-10-29T23:32:45","guid":{"rendered":"https:\/\/urban-clothingstore.com\/?post_type=product&#038;p=8337"},"modified":"2026-03-20T08:17:15","modified_gmt":"2026-03-20T08:17:15","slug":"mocha-brown-eco-leather-jacket","status":"publish","type":"product","link":"https:\/\/urban-clothingstore.com\/en\/product\/mocha-brown-eco-leather-jacket\/","title":{"rendered":"Mocha Brown Eco-Leather Jacket"},"content":{"rendered":"<p data-start=\"73\" data-end=\"482\">Nj\u00eb p\u00ebrzierje perfekte midis klasikes dhe modernes. Kjo xhaket\u00eb <strong data-start=\"154\" data-end=\"169\">mocha brown<\/strong> nga Urban Clothing Store \u00ebsht\u00eb realizuar me <strong data-start=\"214\" data-end=\"252\">eco-lekure t\u00eb but\u00eb dhe t\u00eb rafinuar<\/strong>, duke sjell\u00eb nj\u00eb ndjesi luksi t\u00eb p\u00ebrditsh\u00ebm.<br data-start=\"297\" data-end=\"300\" \/>Dizajni minimalist me <strong data-start=\"322\" data-end=\"338\">jak\u00eb klasike<\/strong>, <strong data-start=\"340\" data-end=\"366\">zip t\u00eb fsheht\u00eb metalik<\/strong> dhe prerje t\u00eb sakt\u00eb krijon nj\u00eb <strong data-start=\"398\" data-end=\"440\">pamje elegante, urbane dhe mashkullore<\/strong>, ideale p\u00ebr \u00e7do stin\u00eb dhe \u00e7do kombinim.<\/p>\n<p data-start=\"484\" data-end=\"506\"><strong data-start=\"484\" data-end=\"504\">Detaje kryesore:<\/strong><\/p>\n<ul data-start=\"507\" data-end=\"787\">\n<li data-start=\"507\" data-end=\"563\">\n<p data-start=\"509\" data-end=\"563\">Material: Eco-lekure premium me p\u00ebrfundim mat-l\u00ebmuar<\/p>\n<\/li>\n<li data-start=\"564\" data-end=\"611\">\n<p data-start=\"566\" data-end=\"611\">Ngjyr\u00eb: Mocha Brown (kafe e ngroht\u00eb urbane)<\/p>\n<\/li>\n<li data-start=\"612\" data-end=\"641\">\n<p data-start=\"614\" data-end=\"641\">Jak\u00eb klasike me struktur\u00eb<\/p>\n<\/li>\n<li data-start=\"642\" data-end=\"665\">\n<p data-start=\"644\" data-end=\"665\">Zip qendror metalik<\/p>\n<\/li>\n<li data-start=\"666\" data-end=\"692\">\n<p data-start=\"668\" data-end=\"692\">Xhepa an\u00ebsor\u00eb diskret\u00eb<\/p>\n<\/li>\n<li data-start=\"693\" data-end=\"729\">\n<p data-start=\"695\" data-end=\"729\">P\u00ebrshtatje \u201cslim to regular fit\u201d<\/p>\n<\/li>\n<li data-start=\"730\" data-end=\"787\">\n<p data-start=\"732\" data-end=\"787\">Ndjesi e but\u00eb, e rehatshme p\u00ebr p\u00ebrdorim t\u00eb p\u00ebrditsh\u00ebm<\/p>\n<\/li>\n<\/ul>","protected":false},"excerpt":{"rendered":"<p>Nj\u00eb p\u00ebrzierje perfekte midis klasikes dhe modernes. Kjo xhaket\u00eb mocha brown nga Urban Clothing Store \u00ebsht\u00eb realizuar me eco-lekure t\u00eb but\u00eb dhe t\u00eb rafinuar, duke sjell\u00eb nj\u00eb ndjesi luksi t\u00eb p\u00ebrditsh\u00ebm.Dizajni minimalist me jak\u00eb klasike, zip t\u00eb fsheht\u00eb metalik dhe prerje t\u00eb sakt\u00eb krijon nj\u00eb pamje elegante, urbane dhe mashkullore, ideale p\u00ebr \u00e7do stin\u00eb dhe [&hellip;]<\/p>","protected":false},"featured_media":8338,"comment_status":"open","ping_status":"closed","template":"","meta":[],"product_brand":[],"product_cat":[25],"product_tag":[398,400],"class_list":{"0":"post-8337","1":"product","2":"type-product","3":"status-publish","4":"has-post-thumbnail","6":"product_cat-jackets","7":"product_tag-classic-jacket","8":"product_tag-mocha-brown-eco-leather","10":"first","11":"instock","12":"taxable","13":"shipping-taxable","14":"purchasable","15":"product-type-variable"},"jetpack_sharing_enabled":true,"_links":{"self":[{"href":"https:\/\/urban-clothingstore.com\/en\/wp-json\/wp\/v2\/product\/8337","targetHints":{"allow":["GET"]}}],"collection":[{"href":"https:\/\/urban-clothingstore.com\/en\/wp-json\/wp\/v2\/product"}],"about":[{"href":"https:\/\/urban-clothingstore.com\/en\/wp-json\/wp\/v2\/types\/product"}],"replies":[{"embeddable":true,"href":"https:\/\/urban-clothingstore.com\/en\/wp-json\/wp\/v2\/comments?post=8337"}],"wp:featuredmedia":[{"embeddable":true,"href":"https:\/\/urban-clothingstore.com\/en\/wp-json\/wp\/v2\/media\/8338"}],"wp:attachment":[{"href":"https:\/\/urban-clothingstore.com\/en\/wp-json\/wp\/v2\/media?parent=8337"}],"wp:term":[{"taxonomy":"product_brand","embeddable":true,"href":"https:\/\/urban-clothingstore.com\/en\/wp-json\/wp\/v2\/product_brand?post=8337"},{"taxonomy":"product_cat","embeddable":true,"href":"https:\/\/urban-clothingstore.com\/en\/wp-json\/wp\/v2\/product_cat?post=8337"},{"taxonomy":"product_tag","embeddable":true,"href":"https:\/\/urban-clothingstore.com\/en\/wp-json\/wp\/v2\/product_tag?post=8337"}],"curies":[{"name":"wp","href":"https:\/\/api.w.org\/{rel}","templated":true}]}}