{"id":8344,"date":"2025-10-29T23:37:32","date_gmt":"2025-10-29T23:37:32","guid":{"rendered":"https:\/\/urban-clothingstore.com\/?post_type=product&#038;p=8344"},"modified":"2025-12-16T07:45:10","modified_gmt":"2025-12-16T07:45:10","slug":"olive-taupe-eco-leather-jacket","status":"publish","type":"product","link":"https:\/\/urban-clothingstore.com\/en\/product\/olive-taupe-eco-leather-jacket\/","title":{"rendered":"Olive Taupe Eco-Leather Jacket"},"content":{"rendered":"<p data-start=\"73\" data-end=\"511\">Nj\u00eb xhaket\u00eb q\u00eb p\u00ebrfaq\u00ebson eleganc\u00ebn moderne me nuanca t\u00eb tok\u00ebs. Kjo <strong data-start=\"158\" data-end=\"194\">eco-lekure n\u00eb ngjyr\u00eb olive-taupe<\/strong> \u00ebsht\u00eb dizajnuar p\u00ebr meshkujt q\u00eb preferojn\u00eb stilin <strong data-start=\"245\" data-end=\"278\">minimalist dhe t\u00eb sofistikuar<\/strong>, me linja t\u00eb pastra dhe p\u00ebrfundim mat q\u00eb pasqyron luksin urban.<br data-start=\"342\" data-end=\"345\" \/>Me <strong data-start=\"348\" data-end=\"364\">jak\u00eb klasike<\/strong>, <strong data-start=\"366\" data-end=\"389\">zip qendror metalik<\/strong> dhe <strong data-start=\"394\" data-end=\"417\">p\u00ebrshtatje slim-fit<\/strong>, kjo xhaket\u00eb kombinon q\u00ebndrueshm\u00ebrin\u00eb e materialit me ndjesin\u00eb e but\u00eb dhe rehati maksimale.<\/p>\n<p data-start=\"513\" data-end=\"535\"><strong data-start=\"513\" data-end=\"533\">Detaje kryesore:<\/strong><\/p>\n<ul data-start=\"536\" data-end=\"806\">\n<li data-start=\"536\" data-end=\"591\">\n<p data-start=\"538\" data-end=\"591\">Material: Eco-lekure premium me struktur\u00eb t\u00eb l\u00ebmuar<\/p>\n<\/li>\n<li data-start=\"592\" data-end=\"642\">\n<p data-start=\"594\" data-end=\"642\">Ngjyr\u00eb: Olive Taupe (nuanc\u00eb tok\u00ebsore neutrale)<\/p>\n<\/li>\n<li data-start=\"643\" data-end=\"679\">\n<p data-start=\"645\" data-end=\"679\">Jak\u00eb klasike me dizajn t\u00eb past\u00ebr<\/p>\n<\/li>\n<li data-start=\"680\" data-end=\"706\">\n<p data-start=\"682\" data-end=\"706\">Mbyllje me zip metalik<\/p>\n<\/li>\n<li data-start=\"707\" data-end=\"736\">\n<p data-start=\"709\" data-end=\"736\">Xhepa an\u00ebsor\u00eb minimalist\u00eb<\/p>\n<\/li>\n<li data-start=\"737\" data-end=\"773\">\n<p data-start=\"739\" data-end=\"773\">P\u00ebrshtatje \u201cslim to regular fit\u201d<\/p>\n<\/li>\n<\/ul>","protected":false},"excerpt":{"rendered":"<p>Nj\u00eb xhaket\u00eb q\u00eb p\u00ebrfaq\u00ebson eleganc\u00ebn moderne me nuanca t\u00eb tok\u00ebs. Kjo eco-lekure n\u00eb ngjyr\u00eb olive-taupe \u00ebsht\u00eb dizajnuar p\u00ebr meshkujt q\u00eb preferojn\u00eb stilin minimalist dhe t\u00eb sofistikuar, me linja t\u00eb pastra dhe p\u00ebrfundim mat q\u00eb pasqyron luksin urban.Me jak\u00eb klasike, zip qendror metalik dhe p\u00ebrshtatje slim-fit, kjo xhaket\u00eb kombinon q\u00ebndrueshm\u00ebrin\u00eb e materialit me ndjesin\u00eb e but\u00eb [&hellip;]<\/p>","protected":false},"featured_media":8345,"comment_status":"open","ping_status":"closed","template":"","meta":[],"product_brand":[],"product_cat":[25],"product_tag":[398,401],"class_list":{"0":"post-8344","1":"product","2":"type-product","3":"status-publish","4":"has-post-thumbnail","6":"product_cat-jackets","7":"product_tag-classic-jacket","8":"product_tag-olive-taupe-eco-leather","10":"first","11":"outofstock","12":"taxable","13":"shipping-taxable","14":"purchasable","15":"product-type-variable"},"jetpack_sharing_enabled":true,"_links":{"self":[{"href":"https:\/\/urban-clothingstore.com\/en\/wp-json\/wp\/v2\/product\/8344","targetHints":{"allow":["GET"]}}],"collection":[{"href":"https:\/\/urban-clothingstore.com\/en\/wp-json\/wp\/v2\/product"}],"about":[{"href":"https:\/\/urban-clothingstore.com\/en\/wp-json\/wp\/v2\/types\/product"}],"replies":[{"embeddable":true,"href":"https:\/\/urban-clothingstore.com\/en\/wp-json\/wp\/v2\/comments?post=8344"}],"wp:featuredmedia":[{"embeddable":true,"href":"https:\/\/urban-clothingstore.com\/en\/wp-json\/wp\/v2\/media\/8345"}],"wp:attachment":[{"href":"https:\/\/urban-clothingstore.com\/en\/wp-json\/wp\/v2\/media?parent=8344"}],"wp:term":[{"taxonomy":"product_brand","embeddable":true,"href":"https:\/\/urban-clothingstore.com\/en\/wp-json\/wp\/v2\/product_brand?post=8344"},{"taxonomy":"product_cat","embeddable":true,"href":"https:\/\/urban-clothingstore.com\/en\/wp-json\/wp\/v2\/product_cat?post=8344"},{"taxonomy":"product_tag","embeddable":true,"href":"https:\/\/urban-clothingstore.com\/en\/wp-json\/wp\/v2\/product_tag?post=8344"}],"curies":[{"name":"wp","href":"https:\/\/api.w.org\/{rel}","templated":true}]}}