{"id":8351,"date":"2025-10-29T23:42:44","date_gmt":"2025-10-29T23:42:44","guid":{"rendered":"https:\/\/urban-clothingstore.com\/?post_type=product&#038;p=8351"},"modified":"2026-02-23T14:35:35","modified_gmt":"2026-02-23T14:35:35","slug":"black-bomber-eco-leather-black-bomber-eco-leather","status":"publish","type":"product","link":"https:\/\/urban-clothingstore.com\/en\/product\/black-bomber-eco-leather-black-bomber-eco-leather\/","title":{"rendered":"Black Bomber Eco-Leather Black Bomber Eco-Leather"},"content":{"rendered":"<p data-start=\"74\" data-end=\"544\">Klasike, e past\u00ebr dhe e pandikuar nga koha. Kjo xhaket\u00eb <strong data-start=\"147\" data-end=\"173\">bomber prej eco-lekure<\/strong> \u00ebsht\u00eb thelbi i stilit <strong data-start=\"196\" data-end=\"213\">street-luxury<\/strong> q\u00eb p\u00ebrfaq\u00ebson Urban Clothing Store.<br data-start=\"249\" data-end=\"252\" \/>Me <strong data-start=\"255\" data-end=\"286\">jak\u00eb, m\u00ebng\u00eb dhe bel elastik<\/strong>, krijon nj\u00eb <strong data-start=\"299\" data-end=\"337\">silhouette t\u00eb rregullt dhe moderne<\/strong>, duke ofruar rehati dhe eleganc\u00eb n\u00eb t\u00eb nj\u00ebjt\u00ebn koh\u00eb. Struktura e saj minimaliste dhe <strong data-start=\"423\" data-end=\"441\">p\u00ebrfundimi mat<\/strong> e b\u00ebjn\u00eb perfekte p\u00ebr \u00e7do kombinim \u2013 nga veshjet e p\u00ebrditshme deri te ato m\u00eb urbane e nat\u00ebn n\u00eb qytet.<\/p>\n<p data-start=\"546\" data-end=\"568\"><strong data-start=\"546\" data-end=\"566\">Detaje kryesore:<\/strong><\/p>\n<ul data-start=\"569\" data-end=\"813\">\n<li data-start=\"569\" data-end=\"621\">\n<p data-start=\"571\" data-end=\"621\">Material: Eco-lekure premium me tekstur\u00eb t\u00eb but\u00eb<\/p>\n<\/li>\n<li data-start=\"622\" data-end=\"648\">\n<p data-start=\"624\" data-end=\"648\">Ngjyr\u00eb: E zez\u00eb klasike<\/p>\n<\/li>\n<li data-start=\"649\" data-end=\"689\">\n<p data-start=\"651\" data-end=\"689\">Jak\u00eb dhe beli elastik (bomber style)<\/p>\n<\/li>\n<li data-start=\"690\" data-end=\"716\">\n<p data-start=\"692\" data-end=\"716\">Mbyllje me zip metalik<\/p>\n<\/li>\n<li data-start=\"717\" data-end=\"746\">\n<p data-start=\"719\" data-end=\"746\">Xhepa an\u00ebsor\u00eb minimalist\u00eb<\/p>\n<\/li>\n<li data-start=\"747\" data-end=\"775\">\n<p data-start=\"749\" data-end=\"775\">P\u00ebrshtatje \u201cregular fit\u201d<\/p>\n<\/li>\n<\/ul>","protected":false},"excerpt":{"rendered":"<p>Klasike, e past\u00ebr dhe e pandikuar nga koha. Kjo xhaket\u00eb bomber prej eco-lekure \u00ebsht\u00eb thelbi i stilit street-luxury q\u00eb p\u00ebrfaq\u00ebson Urban Clothing Store.Me jak\u00eb, m\u00ebng\u00eb dhe bel elastik, krijon nj\u00eb silhouette t\u00eb rregullt dhe moderne, duke ofruar rehati dhe eleganc\u00eb n\u00eb t\u00eb nj\u00ebjt\u00ebn koh\u00eb. Struktura e saj minimaliste dhe p\u00ebrfundimi mat e b\u00ebjn\u00eb perfekte p\u00ebr [&hellip;]<\/p>","protected":false},"featured_media":13049,"comment_status":"open","ping_status":"closed","template":"","meta":[],"product_brand":[],"product_cat":[25],"product_tag":[402,398],"class_list":{"0":"post-8351","1":"product","2":"type-product","3":"status-publish","4":"has-post-thumbnail","6":"product_cat-jackets","7":"product_tag-black-bomber-eco-leather","8":"product_tag-classic-jacket","10":"first","11":"instock","12":"taxable","13":"shipping-taxable","14":"purchasable","15":"product-type-variable"},"jetpack_sharing_enabled":true,"_links":{"self":[{"href":"https:\/\/urban-clothingstore.com\/en\/wp-json\/wp\/v2\/product\/8351","targetHints":{"allow":["GET"]}}],"collection":[{"href":"https:\/\/urban-clothingstore.com\/en\/wp-json\/wp\/v2\/product"}],"about":[{"href":"https:\/\/urban-clothingstore.com\/en\/wp-json\/wp\/v2\/types\/product"}],"replies":[{"embeddable":true,"href":"https:\/\/urban-clothingstore.com\/en\/wp-json\/wp\/v2\/comments?post=8351"}],"wp:featuredmedia":[{"embeddable":true,"href":"https:\/\/urban-clothingstore.com\/en\/wp-json\/wp\/v2\/media\/13049"}],"wp:attachment":[{"href":"https:\/\/urban-clothingstore.com\/en\/wp-json\/wp\/v2\/media?parent=8351"}],"wp:term":[{"taxonomy":"product_brand","embeddable":true,"href":"https:\/\/urban-clothingstore.com\/en\/wp-json\/wp\/v2\/product_brand?post=8351"},{"taxonomy":"product_cat","embeddable":true,"href":"https:\/\/urban-clothingstore.com\/en\/wp-json\/wp\/v2\/product_cat?post=8351"},{"taxonomy":"product_tag","embeddable":true,"href":"https:\/\/urban-clothingstore.com\/en\/wp-json\/wp\/v2\/product_tag?post=8351"}],"curies":[{"name":"wp","href":"https:\/\/api.w.org\/{rel}","templated":true}]}}