{"id":8373,"date":"2025-10-29T23:57:41","date_gmt":"2025-10-29T23:57:41","guid":{"rendered":"https:\/\/urban-clothingstore.com\/?post_type=product&#038;p=8373"},"modified":"2025-11-20T16:45:26","modified_gmt":"2025-11-20T16:45:26","slug":"beige-eco-leather-overshirt-jacket","status":"publish","type":"product","link":"https:\/\/urban-clothingstore.com\/en\/product\/beige-eco-leather-overshirt-jacket\/","title":{"rendered":"Beige Eco-Leather Overshirt Jacket"},"content":{"rendered":"<p data-start=\"77\" data-end=\"530\">E leht\u00eb, elegante dhe perfekte p\u00ebr \u00e7do sezon. Kjo <strong data-start=\"144\" data-end=\"198\">overshirt prej eco-lekure n\u00eb ngjyr\u00eb beige neutrale<\/strong> kombinon stilin minimal me ndjesin\u00eb e luksit t\u00eb but\u00eb. Me nj\u00eb <strong data-start=\"260\" data-end=\"300\">tekstur\u00eb t\u00eb l\u00ebmuar dhe pamje moderne<\/strong>, kjo xhaket\u00eb ofron nj\u00eb prekje t\u00eb rafinuar q\u00eb shkon n\u00eb harmoni me \u00e7do veshje \u2014 nga casual te street-luxury.<br data-start=\"407\" data-end=\"410\" \/>Dizajni me <strong data-start=\"421\" data-end=\"441\">xhep frontalisht<\/strong>, <strong data-start=\"443\" data-end=\"458\">kopsa matte<\/strong> dhe <strong data-start=\"463\" data-end=\"479\">jak\u00eb klasike<\/strong> i jep asaj nj\u00eb form\u00eb t\u00eb past\u00ebr dhe bashk\u00ebkohore.<\/p>\n<p data-start=\"532\" data-end=\"554\"><strong data-start=\"532\" data-end=\"552\">Detaje kryesore:<\/strong><\/p>\n<ul data-start=\"555\" data-end=\"792\">\n<li data-start=\"555\" data-end=\"610\">\n<p data-start=\"557\" data-end=\"610\">Material: Eco-lekure premium, e but\u00eb dhe fleksibile<\/p>\n<\/li>\n<li data-start=\"611\" data-end=\"637\">\n<p data-start=\"613\" data-end=\"637\">Ngjyr\u00eb: Beige neutrale<\/p>\n<\/li>\n<li data-start=\"638\" data-end=\"664\">\n<p data-start=\"640\" data-end=\"664\">Mbyllje me kopsa matte<\/p>\n<\/li>\n<li data-start=\"665\" data-end=\"689\">\n<p data-start=\"667\" data-end=\"689\">Jak\u00eb klasike k\u00ebmish\u00eb<\/p>\n<\/li>\n<li data-start=\"690\" data-end=\"728\">\n<p data-start=\"692\" data-end=\"728\">Xhep frontalisht p\u00ebr detaj elegant<\/p>\n<\/li>\n<li data-start=\"729\" data-end=\"759\">\n<p data-start=\"731\" data-end=\"759\">P\u00ebrshtatje \u201covershirt fit\u201d<\/p>\n<\/li>\n<\/ul>","protected":false},"excerpt":{"rendered":"<p>E leht\u00eb, elegante dhe perfekte p\u00ebr \u00e7do sezon. Kjo overshirt prej eco-lekure n\u00eb ngjyr\u00eb beige neutrale kombinon stilin minimal me ndjesin\u00eb e luksit t\u00eb but\u00eb. Me nj\u00eb tekstur\u00eb t\u00eb l\u00ebmuar dhe pamje moderne, kjo xhaket\u00eb ofron nj\u00eb prekje t\u00eb rafinuar q\u00eb shkon n\u00eb harmoni me \u00e7do veshje \u2014 nga casual te street-luxury.Dizajni me xhep frontalisht, [&hellip;]<\/p>","protected":false},"featured_media":8374,"comment_status":"open","ping_status":"closed","template":"","meta":[],"product_brand":[],"product_cat":[25],"product_tag":[405,404],"class_list":{"0":"post-8373","1":"product","2":"type-product","3":"status-publish","4":"has-post-thumbnail","6":"product_cat-jackets","7":"product_tag-beige-eco-leather","8":"product_tag-overshirt-jacket","10":"first","11":"instock","12":"taxable","13":"shipping-taxable","14":"purchasable","15":"product-type-variable"},"jetpack_sharing_enabled":true,"_links":{"self":[{"href":"https:\/\/urban-clothingstore.com\/en\/wp-json\/wp\/v2\/product\/8373","targetHints":{"allow":["GET"]}}],"collection":[{"href":"https:\/\/urban-clothingstore.com\/en\/wp-json\/wp\/v2\/product"}],"about":[{"href":"https:\/\/urban-clothingstore.com\/en\/wp-json\/wp\/v2\/types\/product"}],"replies":[{"embeddable":true,"href":"https:\/\/urban-clothingstore.com\/en\/wp-json\/wp\/v2\/comments?post=8373"}],"wp:featuredmedia":[{"embeddable":true,"href":"https:\/\/urban-clothingstore.com\/en\/wp-json\/wp\/v2\/media\/8374"}],"wp:attachment":[{"href":"https:\/\/urban-clothingstore.com\/en\/wp-json\/wp\/v2\/media?parent=8373"}],"wp:term":[{"taxonomy":"product_brand","embeddable":true,"href":"https:\/\/urban-clothingstore.com\/en\/wp-json\/wp\/v2\/product_brand?post=8373"},{"taxonomy":"product_cat","embeddable":true,"href":"https:\/\/urban-clothingstore.com\/en\/wp-json\/wp\/v2\/product_cat?post=8373"},{"taxonomy":"product_tag","embeddable":true,"href":"https:\/\/urban-clothingstore.com\/en\/wp-json\/wp\/v2\/product_tag?post=8373"}],"curies":[{"name":"wp","href":"https:\/\/api.w.org\/{rel}","templated":true}]}}