{"id":8434,"date":"2025-10-31T13:05:38","date_gmt":"2025-10-31T13:05:38","guid":{"rendered":"https:\/\/urban-clothingstore.com\/?post_type=product&#038;p=8434"},"modified":"2026-03-09T21:34:03","modified_gmt":"2026-03-09T21:34:03","slug":"xhemper-urban-knit-olive-strukture-premium-stil-minimalist","status":"publish","type":"product","link":"https:\/\/urban-clothingstore.com\/en\/product\/xhemper-urban-knit-olive-strukture-premium-stil-minimalist\/","title":{"rendered":"Xhemper \u201cUrban Knit Olive\u201d \u2013 Struktur\u00eb Premium &#038; Stil Minimalist"},"content":{"rendered":"<p data-start=\"451\" data-end=\"1037\">Xhemperi <strong data-start=\"460\" data-end=\"482\">\u201cUrban Knit Olive\u201d<\/strong> nga <em data-start=\"487\" data-end=\"509\">Urban Clothing Store<\/em> sjell nj\u00eb p\u00ebrzierje t\u00eb p\u00ebrsosur mes eleganc\u00ebs urbane dhe rehatis\u00eb premium. Me material t\u00eb but\u00eb, t\u00eb trash\u00eb dhe me struktur\u00eb vertikale, ky model me kopsa \u00ebsht\u00eb perfekt p\u00ebr t\u2019u veshur mbi nj\u00eb bluz\u00eb t\u00eb bardh\u00eb ose t-shirt bazik p\u00ebr nj\u00eb <strong data-start=\"741\" data-end=\"772\">pamje moderne dhe t\u00eb past\u00ebr<\/strong>.<br data-start=\"773\" data-end=\"776\" \/>Ngjyra <strong data-start=\"783\" data-end=\"801\">olive e thell\u00eb<\/strong> e b\u00ebn k\u00ebt\u00eb veshje ideale p\u00ebr sezonet e ftohta, duke i dh\u00ebn\u00eb stilit nj\u00eb ndjesi natyrale, t\u00eb ngroht\u00eb dhe maskuline. Kombinohet leht\u00eb me <strong data-start=\"936\" data-end=\"973\">pantallona t\u00eb zinj, bezh\u00eb ose gri<\/strong>, duke e b\u00ebr\u00eb nj\u00eb pjes\u00eb t\u00eb domosdoshme p\u00ebr \u00e7do garderob\u00eb urbane.<\/p>\n<p data-start=\"1039\" data-end=\"1061\"><strong data-start=\"1039\" data-end=\"1059\">Detaje kryesore:<\/strong><\/p>\n<ul data-start=\"1062\" data-end=\"1252\">\n<li data-start=\"1062\" data-end=\"1105\">\n<p data-start=\"1064\" data-end=\"1105\">Material premium me struktur\u00eb vertikale<\/p>\n<\/li>\n<li data-start=\"1106\" data-end=\"1141\">\n<p data-start=\"1108\" data-end=\"1141\">Model me kopsa dhe jak\u00eb klasike<\/p>\n<\/li>\n<li data-start=\"1142\" data-end=\"1174\">\n<p data-start=\"1144\" data-end=\"1174\">P\u00ebrshtatje komode &amp; elegante<\/p>\n<\/li>\n<li data-start=\"1175\" data-end=\"1206\">\n<p data-start=\"1177\" data-end=\"1206\">Ngjyr\u00eb olive me ton natyral<\/p>\n<\/li>\n<li data-start=\"1207\" data-end=\"1252\">\n<p data-start=\"1209\" data-end=\"1252\">Kombinohet leht\u00ebsisht me \u00e7do outfit urban<\/p>\n<\/li>\n<\/ul>","protected":false},"excerpt":{"rendered":"<p>Xhemperi \u201cUrban Knit Olive\u201d nga Urban Clothing Store sjell nj\u00eb p\u00ebrzierje t\u00eb p\u00ebrsosur mes eleganc\u00ebs urbane dhe rehatis\u00eb premium. Me material t\u00eb but\u00eb, t\u00eb trash\u00eb dhe me struktur\u00eb vertikale, ky model me kopsa \u00ebsht\u00eb perfekt p\u00ebr t\u2019u veshur mbi nj\u00eb bluz\u00eb t\u00eb bardh\u00eb ose t-shirt bazik p\u00ebr nj\u00eb pamje moderne dhe t\u00eb past\u00ebr.Ngjyra olive e [&hellip;]<\/p>","protected":false},"featured_media":8437,"comment_status":"open","ping_status":"closed","template":"","meta":[],"product_brand":[],"product_cat":[26],"product_tag":[408,407],"class_list":{"0":"post-8434","1":"product","2":"type-product","3":"status-publish","4":"has-post-thumbnail","6":"product_cat-sweater","7":"product_tag-strukture-premium-stil-minimalist","8":"product_tag-xhemper-urban-knit-olive","10":"first","11":"instock","12":"sale","13":"taxable","14":"shipping-taxable","15":"purchasable","16":"product-type-variable"},"jetpack_sharing_enabled":true,"_links":{"self":[{"href":"https:\/\/urban-clothingstore.com\/en\/wp-json\/wp\/v2\/product\/8434","targetHints":{"allow":["GET"]}}],"collection":[{"href":"https:\/\/urban-clothingstore.com\/en\/wp-json\/wp\/v2\/product"}],"about":[{"href":"https:\/\/urban-clothingstore.com\/en\/wp-json\/wp\/v2\/types\/product"}],"replies":[{"embeddable":true,"href":"https:\/\/urban-clothingstore.com\/en\/wp-json\/wp\/v2\/comments?post=8434"}],"wp:featuredmedia":[{"embeddable":true,"href":"https:\/\/urban-clothingstore.com\/en\/wp-json\/wp\/v2\/media\/8437"}],"wp:attachment":[{"href":"https:\/\/urban-clothingstore.com\/en\/wp-json\/wp\/v2\/media?parent=8434"}],"wp:term":[{"taxonomy":"product_brand","embeddable":true,"href":"https:\/\/urban-clothingstore.com\/en\/wp-json\/wp\/v2\/product_brand?post=8434"},{"taxonomy":"product_cat","embeddable":true,"href":"https:\/\/urban-clothingstore.com\/en\/wp-json\/wp\/v2\/product_cat?post=8434"},{"taxonomy":"product_tag","embeddable":true,"href":"https:\/\/urban-clothingstore.com\/en\/wp-json\/wp\/v2\/product_tag?post=8434"}],"curies":[{"name":"wp","href":"https:\/\/api.w.org\/{rel}","templated":true}]}}